{"id":1066,"date":"2019-02-22T10:14:55","date_gmt":"2019-02-22T09:14:55","guid":{"rendered":"http:\/\/ccjlvd.jabron.org\/?page_id=1066"},"modified":"2024-12-02T09:52:06","modified_gmt":"2024-12-02T08:52:06","slug":"taxe-de-sejour","status":"publish","type":"page","link":"https:\/\/ccjlvd.fr\/index.php\/tourisme-loisirs\/taxe-de-sejour\/","title":{"rendered":"Taxe de s\u00e9jour"},"content":{"rendered":"\r\n<p class=\"wp-block-paragraph\">La Communaut\u00e9 de communes Jabron Lure Van\u00e7on Durance a institu\u00e9 la taxe de s\u00e9jour par <a href=\"https:\/\/ccjlvd.fr\/wp-content\/uploads\/2024\/11\/2019-09-23_deliberation_ccjlvd-8.pdf\">d\u00e9lib\u00e9ration en date du 1er janvier 2020. <\/a>Cette taxe est r\u00e9gie par une d\u00e9lib\u00e9ration vot\u00e9e par les \u00e9lus du Conseil communautaire.\u00a0<\/p>\r\n\r\n\r\n\r\n\r\n\r\n<h3><span style=\"color: #3366ff;\"><strong>Comprendre la taxe de s\u00e9jour : Les \u00e9tapes essentielles\u00a0<\/strong><\/span><\/h3>\r\n<p class=\"wp-block-paragraph\">La collectivit\u00e9 met \u00e0 disposition un site d\u00e9di\u00e9 \u00e0 la <strong><em>saisie de vos d\u00e9clarations de s\u00e9jour, aux paiements et \u00e0 l\u2019information<\/em><\/strong> de la taxe de s\u00e9jour.\u00a0<br \/>Pour acc\u00e9der \u00e0 la <strong><a href=\"https:\/\/ccjlvd.taxesejour.fr\/\">plateforme de taxe de s\u00e9jour<\/a><\/strong>, <span style=\"color: #3366ff;\"><strong>contactez votre collectivit\u00e9.\u00a0<\/strong><\/span><\/p>\r\n<p><img loading=\"lazy\" decoding=\"async\" class=\"wp-image-6208 alignleft\" src=\"https:\/\/ccjlvd.fr\/wp-content\/uploads\/2024\/12\/V1-bis-TAXE-DE-SEJOUR_page-0002.jpg\" alt=\"\" width=\"1079\" height=\"763\" srcset=\"https:\/\/ccjlvd.fr\/wp-content\/uploads\/2024\/12\/V1-bis-TAXE-DE-SEJOUR_page-0002.jpg 1755w, https:\/\/ccjlvd.fr\/wp-content\/uploads\/2024\/12\/V1-bis-TAXE-DE-SEJOUR_page-0002-300x212.jpg 300w, https:\/\/ccjlvd.fr\/wp-content\/uploads\/2024\/12\/V1-bis-TAXE-DE-SEJOUR_page-0002-1024x724.jpg 1024w, https:\/\/ccjlvd.fr\/wp-content\/uploads\/2024\/12\/V1-bis-TAXE-DE-SEJOUR_page-0002-768x543.jpg 768w, https:\/\/ccjlvd.fr\/wp-content\/uploads\/2024\/12\/V1-bis-TAXE-DE-SEJOUR_page-0002-1536x1086.jpg 1536w\" sizes=\"auto, (max-width: 1079px) 100vw, 1079px\" \/>\u00a0<\/p>\r\n<p><img loading=\"lazy\" decoding=\"async\" class=\"wp-image-6207 alignleft\" src=\"https:\/\/ccjlvd.fr\/wp-content\/uploads\/2024\/12\/V1-bis-TAXE-DE-SEJOUR_page-0001.jpg\" alt=\"\" width=\"1078\" height=\"763\" srcset=\"https:\/\/ccjlvd.fr\/wp-content\/uploads\/2024\/12\/V1-bis-TAXE-DE-SEJOUR_page-0001.jpg 1755w, https:\/\/ccjlvd.fr\/wp-content\/uploads\/2024\/12\/V1-bis-TAXE-DE-SEJOUR_page-0001-300x212.jpg 300w, https:\/\/ccjlvd.fr\/wp-content\/uploads\/2024\/12\/V1-bis-TAXE-DE-SEJOUR_page-0001-1024x724.jpg 1024w, https:\/\/ccjlvd.fr\/wp-content\/uploads\/2024\/12\/V1-bis-TAXE-DE-SEJOUR_page-0001-768x543.jpg 768w, https:\/\/ccjlvd.fr\/wp-content\/uploads\/2024\/12\/V1-bis-TAXE-DE-SEJOUR_page-0001-1536x1086.jpg 1536w\" sizes=\"auto, (max-width: 1078px) 100vw, 1078px\" \/><\/p>\r\n<p>&nbsp;<\/p>\r\n\r\n\r\n\r\n\r\n\r\n\r\n","protected":false},"excerpt":{"rendered":"<p>La Communaut\u00e9 de communes Jabron Lure Van\u00e7on Durance a institu\u00e9 la taxe de s\u00e9jour par d\u00e9lib\u00e9ration en date du 1er janvier 2020. Cette taxe est r\u00e9gie par une d\u00e9lib\u00e9ration vot\u00e9e par les \u00e9lus du Conseil communautaire.\u00a0 Comprendre la taxe de s\u00e9jour : Les \u00e9tapes essentielles\u00a0 La collectivit\u00e9 met \u00e0 disposition un site d\u00e9di\u00e9 \u00e0 la <a class=\"more-link\" href=\"https:\/\/ccjlvd.fr\/index.php\/tourisme-loisirs\/taxe-de-sejour\/\">Lire plus &#8230;<\/a><\/p>\n","protected":false},"author":3,"featured_media":0,"parent":200,"menu_order":0,"comment_status":"closed","ping_status":"closed","template":"","meta":{"_crdt_document":"","jetpack_post_was_ever_published":false,"footnotes":""},"class_list":["post-1066","page","type-page","status-publish","hentry"],"jetpack_sharing_enabled":true,"jetpack_shortlink":"https:\/\/wp.me\/Paa2VA-hc","_links":{"self":[{"href":"https:\/\/ccjlvd.fr\/index.php\/wp-json\/wp\/v2\/pages\/1066","targetHints":{"allow":["GET"]}}],"collection":[{"href":"https:\/\/ccjlvd.fr\/index.php\/wp-json\/wp\/v2\/pages"}],"about":[{"href":"https:\/\/ccjlvd.fr\/index.php\/wp-json\/wp\/v2\/types\/page"}],"author":[{"embeddable":true,"href":"https:\/\/ccjlvd.fr\/index.php\/wp-json\/wp\/v2\/users\/3"}],"replies":[{"embeddable":true,"href":"https:\/\/ccjlvd.fr\/index.php\/wp-json\/wp\/v2\/comments?post=1066"}],"version-history":[{"count":8,"href":"https:\/\/ccjlvd.fr\/index.php\/wp-json\/wp\/v2\/pages\/1066\/revisions"}],"predecessor-version":[{"id":6209,"href":"https:\/\/ccjlvd.fr\/index.php\/wp-json\/wp\/v2\/pages\/1066\/revisions\/6209"}],"up":[{"embeddable":true,"href":"https:\/\/ccjlvd.fr\/index.php\/wp-json\/wp\/v2\/pages\/200"}],"wp:attachment":[{"href":"https:\/\/ccjlvd.fr\/index.php\/wp-json\/wp\/v2\/media?parent=1066"}],"curies":[{"name":"wp","href":"https:\/\/api.w.org\/{rel}","templated":true}]}}