{"id":1068,"date":"2019-02-22T10:15:43","date_gmt":"2019-02-22T09:15:43","guid":{"rendered":"http:\/\/ccjlvd.jabron.org\/?page_id=1068"},"modified":"2025-11-25T13:22:38","modified_gmt":"2025-11-25T12:22:38","slug":"sentiers-de-randonnee","status":"publish","type":"page","link":"https:\/\/ccjlvd.fr\/index.php\/tourisme-loisirs\/sentiers-de-randonnee\/","title":{"rendered":"Sentiers de randonn\u00e9e"},"content":{"rendered":"\r\n<h1><span style=\"color: #339966;\">Devenez une sentinelle de la nature et signalez un probl\u00e8me sur un sentier de votre territoire en 3 gestes simples !<\/span><\/h1>\r\n<p class=\"wp-block-paragraph\"><span class=\"ql-emojiblot\" data-name=\"green_heart\"><span contenteditable=\"false\"><span class=\"ap ap-green_heart\">\ud83d\udc9a<\/span><\/span><\/span><\/p>\r\n<p>L&rsquo;application SURICATE permet de faire remonter \u00e0 la collectivit\u00e9 le moindre soucis que vous rencontrez lors de vos activit\u00e9s sportives et de loisirs de nature.<\/p>\r\n<p>Une erreur de balisage, un panneau d\u00e9fectueux ou manquant, un probl\u00e8me de pollution ou encore un besoin de s\u00e9curisation\u2026 SCANNEZ LE QR CODE d\u00e8s aujourd&rsquo;hui! (ci-dessous)<\/p>\r\n<p><img loading=\"lazy\" decoding=\"async\" class=\"alignnone size-full wp-image-7061\" src=\"https:\/\/ccjlvd.fr\/wp-content\/uploads\/2025\/11\/AFFICHE-RANDOPEDESTRE-A3-SURICATE.jpg\" alt=\"\" width=\"600\" height=\"848\" srcset=\"https:\/\/ccjlvd.fr\/wp-content\/uploads\/2025\/11\/AFFICHE-RANDOPEDESTRE-A3-SURICATE.jpg 600w, https:\/\/ccjlvd.fr\/wp-content\/uploads\/2025\/11\/AFFICHE-RANDOPEDESTRE-A3-SURICATE-212x300.jpg 212w\" sizes=\"auto, (max-width: 600px) 100vw, 600px\" \/><\/p>\r\n<h3><span style=\"color: #339966;\">Le territoire est un beau terrain de jeu pour les randonneurs&#8230;<\/span><\/h3>\r\n\r\n\r\n\r\n<p class=\"wp-block-paragraph\">Le choix est vaste puisqu&rsquo;il est travers\u00e9 par plusieurs <strong>chemins de Grandes Randonn\u00e9es :\u00a0<\/strong><\/p>\r\n\r\n\r\n\r\n<ul class=\"wp-block-list\">\r\n<li>le <strong>GR6<\/strong> qui relie l&rsquo;Aquitaine aux Alpes fran\u00e7aises en passant par le sud du Massif central.<\/li>\r\n<li>le <strong>GR de Pays de la Montagne de Lure<\/strong>,<\/li>\r\n<li>le<strong> GR653<\/strong> sentier de Compostelle,<\/li>\r\n<li>le <strong>GR946<\/strong> tour des Pr\u00e9alpes<\/li>\r\n<li>le <strong>GR406<\/strong> la route Napol\u00e9on .<\/li>\r\n<\/ul>\r\n\r\n\r\n\r\n<p class=\"wp-block-paragraph\">Nos montagnes offrent \u00e9galement de belles opportunit\u00e9s pour les <strong>amateurs de trail avec <a href=\"https:\/\/www.rando-alpes-haute-provence.fr\/search?practices=5\">des randonn\u00e9es r\u00e9f\u00e9renc\u00e9es<\/a><\/strong>.<br \/>Des <a href=\"https:\/\/www.rando-alpes-haute-provence.fr\/search?practices=4\"><strong>petites randonn\u00e9es<\/strong><\/a> maillent \u00e9galement ce territoire propice \u00e0 cette activit\u00e9 de pleine nature.<\/p>\r\n\r\n\r\n<hr \/>\r\n<h3><span style=\"color: #339966;\">Sentiers de d\u00e9couverte de la Biodiversit\u00e9 et du Patrimoine <br \/><\/span><\/h3>\r\n<p class=\"wp-block-paragraph\">Parmi ces petites randonn\u00e9e\u00a0 on trouve\u00a0 <a href=\"https:\/\/ccjlvd.fr\/wp-content\/uploads\/2023\/10\/Depliant-de-presentation-Jabron-web.pdf\"><strong>5 sentiers de d\u00e9couverte de la biodiversit\u00e9 parcourent la Vall\u00e9e du Jabron<\/strong><\/a>. Cette op\u00e9ration, dont l&rsquo;objectif est d&rsquo;<em>accroitre la d\u00e9couverte estivale du massif par la valorisation du patrimoine naturel et culturel<\/em>, a \u00e9t\u00e9 estim\u00e9 \u00e0 79 274\u20ac HT et a fait l&rsquo;objet de financements dans le cadre du programme Espaces VAll\u00e9ens de financement de l&rsquo;<strong>Europe (FEDER)<\/strong> \u00e0 hauteur de 38 500\u20ac, de <strong>la R\u00e9gion<\/strong> pour 8100\u20ac et du<strong> D\u00e9partement<\/strong> pour 15 000\u20ac.<\/p>\r\n<p><img loading=\"lazy\" decoding=\"async\" class=\"wp-image-4832 alignnone\" src=\"https:\/\/ccjlvd.fr\/wp-content\/uploads\/2023\/04\/POIA-com-autorite-coul.png\" alt=\"\" width=\"432\" height=\"132\" srcset=\"https:\/\/ccjlvd.fr\/wp-content\/uploads\/2023\/04\/POIA-com-autorite-coul.png 2010w, https:\/\/ccjlvd.fr\/wp-content\/uploads\/2023\/04\/POIA-com-autorite-coul-300x92.png 300w, https:\/\/ccjlvd.fr\/wp-content\/uploads\/2023\/04\/POIA-com-autorite-coul-1024x313.png 1024w, https:\/\/ccjlvd.fr\/wp-content\/uploads\/2023\/04\/POIA-com-autorite-coul-768x235.png 768w, https:\/\/ccjlvd.fr\/wp-content\/uploads\/2023\/04\/POIA-com-autorite-coul-1536x469.png 1536w\" sizes=\"auto, (max-width: 432px) 100vw, 432px\" \/> \u00a0\u00a0\u00a0\u00a0\u00a0\u00a0\u00a0\u00a0 <img loading=\"lazy\" decoding=\"async\" class=\"wp-image-4833 alignnone\" src=\"https:\/\/ccjlvd.fr\/wp-content\/uploads\/2023\/04\/Alpes_Provence_Q_mini_rvb.jpg\" alt=\"\" width=\"274\" height=\"100\" srcset=\"https:\/\/ccjlvd.fr\/wp-content\/uploads\/2023\/04\/Alpes_Provence_Q_mini_rvb.jpg 394w, https:\/\/ccjlvd.fr\/wp-content\/uploads\/2023\/04\/Alpes_Provence_Q_mini_rvb-300x110.jpg 300w\" sizes=\"auto, (max-width: 274px) 100vw, 274px\" \/><\/p>\r\n<p>Pour compl\u00e9ter cette offre, il a \u00e9t\u00e9 d\u00e9cid\u00e9 de r\u00e9aliser une op\u00e9ration\u00a0 similaire\u00a0 c\u00f4t\u00e9 Durance. 4 sentiers dont \u00e9t\u00e9 dot\u00e9s de panneaux d\u2019interpr\u00e9tation proposant ainsi au public familial \u00a0une balade ludique avec des informations sur le patrimoine naturel et culturel des sites parcourus. Ce projet d&rsquo;un montant de\u00a0 56 105\u20acHT a pu voir le jour\u00a0 gr\u00e2ce au programme europ\u00e9en <strong><a href=\"https:\/\/europe.maregionsud.fr\">LEADER<\/a><\/strong> et \u00e0 la subvention du\u00a0 <strong>conseil d\u00e9partemental 04.<\/strong>\u00a0<\/p>\r\n\r\n\r\n\r\n\r\n\r\n\r\n\r\n<p class=\"wp-block-paragraph\"><img loading=\"lazy\" decoding=\"async\" class=\"alignnone  wp-image-6437\" src=\"https:\/\/ccjlvd.fr\/wp-content\/uploads\/2025\/01\/GAL-AHP-3x9_page-00011.jpg\" alt=\"\" width=\"633\" height=\"254\" srcset=\"https:\/\/ccjlvd.fr\/wp-content\/uploads\/2025\/01\/GAL-AHP-3x9_page-00011.jpg 591w, https:\/\/ccjlvd.fr\/wp-content\/uploads\/2025\/01\/GAL-AHP-3x9_page-00011-300x120.jpg 300w\" sizes=\"auto, (max-width: 633px) 100vw, 633px\" \/><\/p>\r\n<p>&nbsp;<\/p>\r\n","protected":false},"excerpt":{"rendered":"<p>Devenez une sentinelle de la nature et signalez un probl\u00e8me sur un sentier de votre territoire en 3 gestes simples ! \ud83d\udc9a L&rsquo;application SURICATE permet de faire remonter \u00e0 la collectivit\u00e9 le moindre soucis que vous rencontrez lors de vos activit\u00e9s sportives et de loisirs de nature. Une erreur de balisage, un panneau d\u00e9fectueux ou <a class=\"more-link\" href=\"https:\/\/ccjlvd.fr\/index.php\/tourisme-loisirs\/sentiers-de-randonnee\/\">Lire plus &#8230;<\/a><\/p>\n","protected":false},"author":3,"featured_media":0,"parent":200,"menu_order":0,"comment_status":"closed","ping_status":"closed","template":"","meta":{"_crdt_document":"","jetpack_post_was_ever_published":false,"footnotes":""},"class_list":["post-1068","page","type-page","status-publish","hentry"],"jetpack_sharing_enabled":true,"jetpack_shortlink":"https:\/\/wp.me\/Paa2VA-he","_links":{"self":[{"href":"https:\/\/ccjlvd.fr\/index.php\/wp-json\/wp\/v2\/pages\/1068","targetHints":{"allow":["GET"]}}],"collection":[{"href":"https:\/\/ccjlvd.fr\/index.php\/wp-json\/wp\/v2\/pages"}],"about":[{"href":"https:\/\/ccjlvd.fr\/index.php\/wp-json\/wp\/v2\/types\/page"}],"author":[{"embeddable":true,"href":"https:\/\/ccjlvd.fr\/index.php\/wp-json\/wp\/v2\/users\/3"}],"replies":[{"embeddable":true,"href":"https:\/\/ccjlvd.fr\/index.php\/wp-json\/wp\/v2\/comments?post=1068"}],"version-history":[{"count":27,"href":"https:\/\/ccjlvd.fr\/index.php\/wp-json\/wp\/v2\/pages\/1068\/revisions"}],"predecessor-version":[{"id":7095,"href":"https:\/\/ccjlvd.fr\/index.php\/wp-json\/wp\/v2\/pages\/1068\/revisions\/7095"}],"up":[{"embeddable":true,"href":"https:\/\/ccjlvd.fr\/index.php\/wp-json\/wp\/v2\/pages\/200"}],"wp:attachment":[{"href":"https:\/\/ccjlvd.fr\/index.php\/wp-json\/wp\/v2\/media?parent=1068"}],"curies":[{"name":"wp","href":"https:\/\/api.w.org\/{rel}","templated":true}]}}