{"id":118,"date":"2018-08-03T14:48:31","date_gmt":"2018-08-03T12:48:31","guid":{"rendered":"http:\/\/ccjlvd.jabron.org\/?page_id=118"},"modified":"2025-04-01T10:01:47","modified_gmt":"2025-04-01T08:01:47","slug":"associations","status":"publish","type":"page","link":"https:\/\/ccjlvd.fr\/index.php\/territoire\/associations\/","title":{"rendered":"R\u00e9pertoire des associations"},"content":{"rendered":"<p style=\"text-align: left;\">Retrouvez nos associations pr\u00e9sentes sur le territoire de la CCJLVD.<\/p>\n<p>Plusieurs th\u00e9matiques d&rsquo;associations :<\/p>\n<ul>\n<li><strong>Culture <\/strong><\/li>\n<li><strong>\u00c9conomie et d\u00e9veloppement local<\/strong><\/li>\n<li><strong>\u00c9ducation et formations<\/strong><\/li>\n<li><strong>Environnement et patrimoine\u00a0<\/strong><\/li>\n<li><strong>Loisirs et vie sociale<\/strong><\/li>\n<li><strong>Sant\u00e9 et action sociale\u00a0<\/strong><\/li>\n<li><strong>Sport<\/strong><\/li>\n<li><strong>Divers et autres\u00a0<\/strong><\/li>\n<\/ul>\n<p>Pour plus d&rsquo;informations et pour apparaitre dans notre r\u00e9pertoire des associations,<strong> veuillez nous contacter par mail deveco@ccjlvd.fr ou par t\u00e9l\u00e9phone 04 92 34 34 62<\/strong><\/p>\n","protected":false},"excerpt":{"rendered":"<p>Retrouvez nos associations pr\u00e9sentes sur le territoire de la CCJLVD. Plusieurs th\u00e9matiques d&rsquo;associations : Culture \u00c9conomie et d\u00e9veloppement local \u00c9ducation et formations Environnement et patrimoine\u00a0 Loisirs et vie sociale Sant\u00e9 et action sociale\u00a0 Sport Divers et autres\u00a0 Pour plus d&rsquo;informations et pour apparaitre dans notre r\u00e9pertoire des associations, veuillez nous contacter par mail deveco@ccjlvd.fr ou <a class=\"more-link\" href=\"https:\/\/ccjlvd.fr\/index.php\/territoire\/associations\/\">Lire plus &#8230;<\/a><\/p>\n","protected":false},"author":1,"featured_media":0,"parent":112,"menu_order":0,"comment_status":"closed","ping_status":"closed","template":"","meta":{"_crdt_document":"","jetpack_post_was_ever_published":false,"footnotes":""},"class_list":["post-118","page","type-page","status-publish","hentry"],"jetpack_sharing_enabled":true,"jetpack_shortlink":"https:\/\/wp.me\/Paa2VA-1U","_links":{"self":[{"href":"https:\/\/ccjlvd.fr\/index.php\/wp-json\/wp\/v2\/pages\/118","targetHints":{"allow":["GET"]}}],"collection":[{"href":"https:\/\/ccjlvd.fr\/index.php\/wp-json\/wp\/v2\/pages"}],"about":[{"href":"https:\/\/ccjlvd.fr\/index.php\/wp-json\/wp\/v2\/types\/page"}],"author":[{"embeddable":true,"href":"https:\/\/ccjlvd.fr\/index.php\/wp-json\/wp\/v2\/users\/1"}],"replies":[{"embeddable":true,"href":"https:\/\/ccjlvd.fr\/index.php\/wp-json\/wp\/v2\/comments?post=118"}],"version-history":[{"count":29,"href":"https:\/\/ccjlvd.fr\/index.php\/wp-json\/wp\/v2\/pages\/118\/revisions"}],"predecessor-version":[{"id":6720,"href":"https:\/\/ccjlvd.fr\/index.php\/wp-json\/wp\/v2\/pages\/118\/revisions\/6720"}],"up":[{"embeddable":true,"href":"https:\/\/ccjlvd.fr\/index.php\/wp-json\/wp\/v2\/pages\/112"}],"wp:attachment":[{"href":"https:\/\/ccjlvd.fr\/index.php\/wp-json\/wp\/v2\/media?parent=118"}],"curies":[{"name":"wp","href":"https:\/\/api.w.org\/{rel}","templated":true}]}}