{"id":120,"date":"2018-08-03T14:49:08","date_gmt":"2018-08-03T12:49:08","guid":{"rendered":"http:\/\/ccjlvd.jabron.org\/?page_id=120"},"modified":"2025-01-14T11:30:32","modified_gmt":"2025-01-14T10:30:32","slug":"la-communaute-de-communes","status":"publish","type":"page","link":"https:\/\/ccjlvd.fr\/index.php\/la-communaute-de-communes\/","title":{"rendered":"La Communaut\u00e9 de Communes"},"content":{"rendered":"<p>La Communaut\u00e9 de Communes Jabron Lure Van\u00e7on Durance, cr\u00e9e en janvier 2017, est le fruit de la fusion de la Communaut\u00e9 de communes Lure Van\u00e7on Durance et la Communaut\u00e9 de communes de la Vall\u00e9e du Jabron. Cette structure intercommunale compte <strong>5200 habitants et regroupe 14 communes<\/strong><\/p>\r\n<p><img loading=\"lazy\" decoding=\"async\" class=\" wp-image-71 aligncenter\" src=\"https:\/\/ccjlvd.fr\/wp-content\/uploads\/2018\/08\/carte_ccjlvd.jpg\" alt=\"\" width=\"800\" height=\"426\" srcset=\"https:\/\/ccjlvd.fr\/wp-content\/uploads\/2018\/08\/carte_ccjlvd.jpg 612w, https:\/\/ccjlvd.fr\/wp-content\/uploads\/2018\/08\/carte_ccjlvd-300x160.jpg 300w\" sizes=\"auto, (max-width: 800px) 100vw, 800px\" \/><\/p>\r\n<p>Les Communaut\u00e9s de communes permettent aux communes membres de mettre en commun de projets.<\/p>\r\n<p>Ainsi certaines comp\u00e9tences sont d\u00e9l\u00e9gu\u00e9es \u00e0 la Communaut\u00e9 de communes afin d\u2019\u00eatre g\u00e9r\u00e9es non plus \u00e0 l\u2019\u00e9chelon communal, mais \u00e0 l\u2019\u00e9chelon intercommunal.<\/p>\r\n<p>Vous trouverez, au fil de ces pages, nos domaines d\u2019intervention correspondant aux <a href=\"https:\/\/ccjlvd.fr\/wp-content\/uploads\/2019\/05\/arrete-statuts-27-12-2018.pdf\">comp\u00e9tences<\/a> transf\u00e9r\u00e9es \u00e0 notre collectivit\u00e9.<\/p>\r\n\r\n<p class=\"wp-block-paragraph\">&nbsp;<\/p>\r\n","protected":false},"excerpt":{"rendered":"<p>La Communaut\u00e9 de Communes Jabron Lure Van\u00e7on Durance, cr\u00e9e en janvier 2017, est le fruit de la fusion de la Communaut\u00e9 de communes Lure Van\u00e7on Durance et la Communaut\u00e9 de communes de la Vall\u00e9e du Jabron. Cette structure intercommunale compte 5200 habitants et regroupe 14 communes Les Communaut\u00e9s de communes permettent aux communes membres de <a class=\"more-link\" href=\"https:\/\/ccjlvd.fr\/index.php\/la-communaute-de-communes\/\">Lire plus &#8230;<\/a><\/p>\n","protected":false},"author":3,"featured_media":0,"parent":0,"menu_order":0,"comment_status":"closed","ping_status":"closed","template":"","meta":{"_crdt_document":"","jetpack_post_was_ever_published":false,"footnotes":""},"class_list":["post-120","page","type-page","status-publish","hentry"],"jetpack_sharing_enabled":true,"jetpack_shortlink":"https:\/\/wp.me\/Paa2VA-1W","_links":{"self":[{"href":"https:\/\/ccjlvd.fr\/index.php\/wp-json\/wp\/v2\/pages\/120","targetHints":{"allow":["GET"]}}],"collection":[{"href":"https:\/\/ccjlvd.fr\/index.php\/wp-json\/wp\/v2\/pages"}],"about":[{"href":"https:\/\/ccjlvd.fr\/index.php\/wp-json\/wp\/v2\/types\/page"}],"author":[{"embeddable":true,"href":"https:\/\/ccjlvd.fr\/index.php\/wp-json\/wp\/v2\/users\/3"}],"replies":[{"embeddable":true,"href":"https:\/\/ccjlvd.fr\/index.php\/wp-json\/wp\/v2\/comments?post=120"}],"version-history":[{"count":11,"href":"https:\/\/ccjlvd.fr\/index.php\/wp-json\/wp\/v2\/pages\/120\/revisions"}],"predecessor-version":[{"id":6360,"href":"https:\/\/ccjlvd.fr\/index.php\/wp-json\/wp\/v2\/pages\/120\/revisions\/6360"}],"wp:attachment":[{"href":"https:\/\/ccjlvd.fr\/index.php\/wp-json\/wp\/v2\/media?parent=120"}],"curies":[{"name":"wp","href":"https:\/\/api.w.org\/{rel}","templated":true}]}}