{"id":1244,"date":"2019-04-16T14:09:17","date_gmt":"2019-04-16T12:09:17","guid":{"rendered":"http:\/\/ccjlvd.jabron.org\/?page_id=1244"},"modified":"2019-08-09T16:52:45","modified_gmt":"2019-08-09T14:52:45","slug":"creche-lou-pichoun","status":"publish","type":"page","link":"https:\/\/ccjlvd.fr\/index.php\/enfance-jeunesse\/les-creches\/creche-lou-pichoun\/","title":{"rendered":"Cr\u00e8che Lou Pichoun"},"content":{"rendered":"\n<p class=\"wp-block-paragraph\">La cr\u00e8che Lou Pichoun accueille vos enfants (dans la limite\ndes places disponibles) <strong>du lundi au\nvendredi de 8h00 \u00e0 18h30<\/strong>, au <strong>4 rue\ndes \u00e9coles<\/strong> (au rez-de-chauss\u00e9e de la mairie, \u00e0 c\u00f4t\u00e9 de la biblioth\u00e8que) <strong>\u00e0 Peipin<\/strong>.<\/p>\n\n\n\n<p class=\"wp-block-paragraph\">La cr\u00e8che Lou Pichoun est une microstructure associative de 10 places. Elle fonctionne en partenariat avec la CCJLVD, la CAF et la PMI pour proposer des accueils r\u00e9guliers ou occasionnels en priorit\u00e9 aux enfants de la Communaut\u00e9 de communes de 3 mois \u00e0 3 ans.<\/p>\n\n\n\n<p class=\"wp-block-paragraph\">Elle  propose aux enfants un lieu d\u2019\u00e9veil bienveillant encadr\u00e9 par une \u00e9quipe professionnelle pour les accompagner dans leurs apprentissages et leur autonomisation.<\/p>\n\n\n\n<figure class=\"wp-block-image\"><img loading=\"lazy\" decoding=\"async\" width=\"605\" height=\"340\" src=\"https:\/\/ccjlvd.fr\/wp-content\/uploads\/2019\/06\/image.png\" alt=\"\" class=\"wp-image-1420\" srcset=\"https:\/\/ccjlvd.fr\/wp-content\/uploads\/2019\/06\/image.png 605w, https:\/\/ccjlvd.fr\/wp-content\/uploads\/2019\/06\/image-300x169.png 300w, https:\/\/ccjlvd.fr\/wp-content\/uploads\/2019\/06\/image-350x197.png 350w\" sizes=\"auto, (max-width: 605px) 100vw, 605px\" \/><\/figure>\n","protected":false},"excerpt":{"rendered":"<p>La cr\u00e8che Lou Pichoun accueille vos enfants (dans la limite des places disponibles) du lundi au vendredi de 8h00 \u00e0 18h30, au 4 rue des \u00e9coles (au rez-de-chauss\u00e9e de la mairie, \u00e0 c\u00f4t\u00e9 de la biblioth\u00e8que) \u00e0 Peipin. La cr\u00e8che Lou Pichoun est une microstructure associative de 10 places. Elle fonctionne en partenariat avec la <a class=\"more-link\" href=\"https:\/\/ccjlvd.fr\/index.php\/enfance-jeunesse\/les-creches\/creche-lou-pichoun\/\">Lire plus &#8230;<\/a><\/p>\n","protected":false},"author":3,"featured_media":0,"parent":164,"menu_order":0,"comment_status":"closed","ping_status":"closed","template":"","meta":{"_crdt_document":"","jetpack_post_was_ever_published":false,"footnotes":""},"class_list":["post-1244","page","type-page","status-publish","hentry"],"jetpack_sharing_enabled":true,"jetpack_shortlink":"https:\/\/wp.me\/Paa2VA-k4","_links":{"self":[{"href":"https:\/\/ccjlvd.fr\/index.php\/wp-json\/wp\/v2\/pages\/1244","targetHints":{"allow":["GET"]}}],"collection":[{"href":"https:\/\/ccjlvd.fr\/index.php\/wp-json\/wp\/v2\/pages"}],"about":[{"href":"https:\/\/ccjlvd.fr\/index.php\/wp-json\/wp\/v2\/types\/page"}],"author":[{"embeddable":true,"href":"https:\/\/ccjlvd.fr\/index.php\/wp-json\/wp\/v2\/users\/3"}],"replies":[{"embeddable":true,"href":"https:\/\/ccjlvd.fr\/index.php\/wp-json\/wp\/v2\/comments?post=1244"}],"version-history":[{"count":2,"href":"https:\/\/ccjlvd.fr\/index.php\/wp-json\/wp\/v2\/pages\/1244\/revisions"}],"predecessor-version":[{"id":1421,"href":"https:\/\/ccjlvd.fr\/index.php\/wp-json\/wp\/v2\/pages\/1244\/revisions\/1421"}],"up":[{"embeddable":true,"href":"https:\/\/ccjlvd.fr\/index.php\/wp-json\/wp\/v2\/pages\/164"}],"wp:attachment":[{"href":"https:\/\/ccjlvd.fr\/index.php\/wp-json\/wp\/v2\/media?parent=1244"}],"curies":[{"name":"wp","href":"https:\/\/api.w.org\/{rel}","templated":true}]}}