{"id":128,"date":"2018-08-03T14:51:08","date_gmt":"2018-08-03T12:51:08","guid":{"rendered":"http:\/\/ccjlvd.jabron.org\/?page_id=128"},"modified":"2026-04-20T10:56:08","modified_gmt":"2026-04-20T08:56:08","slug":"les-decisions","status":"publish","type":"page","link":"https:\/\/ccjlvd.fr\/index.php\/la-communaute-de-communes\/les-decisions\/","title":{"rendered":"Les d\u00e9lib\u00e9rations"},"content":{"rendered":"\r\n<div class=\"wp-block-group\">\r\n<h3 style=\"text-align: center;\"><strong>LES COMPTES-RENDUS DU CONSEIL COMMUNAUTAIRE\u00a0<\/strong><\/h3>\r\n<h4>2026<\/h4>\r\n<ul>\r\n<li><a href=\"https:\/\/ccjlvd.fr\/wp-content\/uploads\/2026\/04\/proces-verbal-election-presidents-VP-tampon-1.pdf\">PV de l&rsquo;\u00e9lection du Pr\u00e9sident, des VP et des membres du bureau, 9 avril 2026<\/a><\/li>\r\n<\/ul>\r\n<h4>2025<\/h4>\r\n<ul>\r\n<li><a href=\"https:\/\/ccjlvd.fr\/wp-content\/uploads\/2026\/02\/CR-CC-16-12-2025.pdf\">Compte rendu s\u00e9ance du 16 d\u00e9cembre 2025<\/a><\/li>\r\n<li><a href=\"https:\/\/ccjlvd.fr\/wp-content\/uploads\/2026\/01\/CR-CC-25-11-2025.pdf\">Compte rendu s\u00e9ance du 24 novembre 2025<\/a><\/li>\r\n<li><a href=\"https:\/\/ccjlvd.fr\/wp-content\/uploads\/2025\/12\/CR-CC-25-09-2025.pdf\">Compte rendu s\u00e9ance du 25 septembre 2025<\/a><\/li>\r\n<li><a href=\"https:\/\/ccjlvd.fr\/wp-content\/uploads\/2025\/10\/CR-CC-15-07-2025.pdf\">Compte rendu s\u00e9ance du 15 juillet 2025\u00a0<\/a><\/li>\r\n<li><a href=\"https:\/\/ccjlvd.fr\/wp-content\/uploads\/2025\/08\/CR-CC-03-06-2025.pdf\">Compte rendu s\u00e9ance du 3 juin 2025<\/a>\u00a0<\/li>\r\n<li><a href=\"https:\/\/ccjlvd.fr\/wp-content\/uploads\/2025\/06\/CR-14-04-2025.pdf\">Compte rendu s\u00e9ance du 14 Avril 2025<\/a><\/li>\r\n<li><a href=\"https:\/\/ccjlvd.fr\/wp-content\/uploads\/2025\/04\/CR-conseil-25-02-2025.pdf\">Compte rendu s\u00e9ance du 25 F\u00e9vrier 2025\u00a0<\/a><\/li>\r\n<\/ul>\r\n<h4>2024<\/h4>\r\n<ul>\r\n<li><a href=\"https:\/\/ccjlvd.fr\/wp-content\/uploads\/2025\/03\/CR-CC-12-12-2024.pdf\">Compte rendu de la s\u00e9ance du 12 D\u00e9cembre 2024<\/a><\/li>\r\n<li><a href=\"https:\/\/ccjlvd.fr\/wp-content\/uploads\/2024\/04\/CR-CC-14-03-2024-vd.pdf\">Compte rendu de la s\u00e9ance du 14 Mars 2024<\/a><\/li>\r\n<li><a href=\"https:\/\/ccjlvd.fr\/wp-content\/uploads\/2024\/06\/COMPTE-RENDU-CC-09-04-2024.pdf\">Compte rendu de la s\u00e9ance du 9 Avril 2024<\/a><\/li>\r\n<li><a href=\"https:\/\/ccjlvd.fr\/wp-content\/uploads\/2024\/07\/COMPTE-RENDU-CC-25-06-24.pdf\">Compte rendu de la s\u00e9ance du 25 Juin 2024\u00a0<\/a><\/li>\r\n<li><a href=\"https:\/\/ccjlvd.fr\/wp-content\/uploads\/2024\/10\/CR-CC-12-09-2024.pdf\">Compte rendu de la s\u00e9ance du 12 Septembre 2024<\/a><\/li>\r\n<li><a href=\"https:\/\/ccjlvd.fr\/wp-content\/uploads\/2024\/12\/CR-CC-07.11.2024.pdf\">Compte rendu de la s\u00e9ance du 7 Novembre 2024<\/a><\/li>\r\n<\/ul>\r\n<h4>2023<\/h4>\r\n<ul>\r\n<li><a href=\"https:\/\/ccjlvd.fr\/wp-content\/uploads\/2023\/04\/CR-CC-27.02.2023.pdf\">Compte rendu de la s\u00e9ance du 27 F\u00e9vrier 2023<\/a><\/li>\r\n<li><a href=\"https:\/\/ccjlvd.fr\/wp-content\/uploads\/2023\/12\/compte-rendu.docx.pdf\">Compte rendu de la s\u00e9ance du 3 Avril 2023<\/a><\/li>\r\n<li><a href=\"https:\/\/ccjlvd.fr\/wp-content\/uploads\/2023\/09\/Compte-rendu-CCJLVD-du15-06-2023.pdf\">Compte rendu de la s\u00e9ance du 15 Juin 2023<\/a><\/li>\r\n<li><a href=\"https:\/\/ccjlvd.fr\/wp-content\/uploads\/2023\/12\/CONSEIL-COMMUNAUTAIRE-DU-21-SEPTEMBRE-2023.pdf\">Compte rendu de la s\u00e9ance du 21 Septembre 2023<\/a><\/li>\r\n<li><a href=\"https:\/\/ccjlvd.fr\/wp-content\/uploads\/2023\/12\/CR-CC-14-11-2023.pdf\">Compte rendu de la s\u00e9ance du 14 Novembre 2023<\/a><\/li>\r\n<li><a href=\"https:\/\/ccjlvd.fr\/wp-content\/uploads\/2024\/03\/PV-CC-18.12.2023.pdf\">Compte rendu de la s\u00e9ance du 18 D\u00e9cembre 2023<\/a>\u00a0<\/li>\r\n<\/ul>\r\n<h4>2022<\/h4>\r\n<ul>\r\n<li><a href=\"https:\/\/ccjlvd.fr\/wp-content\/uploads\/2022\/06\/CR-Conseil-23.02.22.pdf\">Compte rendu de la s\u00e9ance du 23 F\u00e9vrier 2022<\/a><\/li>\r\n<li><a href=\"https:\/\/ccjlvd.fr\/wp-content\/uploads\/2022\/06\/CR-Conseil.pdf\">Compte rendu de la s\u00e9ance du 5 Avril 2022<\/a><\/li>\r\n<li><a href=\"https:\/\/ccjlvd.fr\/wp-content\/uploads\/2022\/08\/CR-Conseil-30.05.2022.pdf\">Compte rendu de la s\u00e9ance du 30 Mai 2022<\/a><\/li>\r\n<li><a href=\"https:\/\/ccjlvd.fr\/wp-content\/uploads\/2022\/08\/CR-Conseil-28.06.2022.pdf\">Compte rendu de la s\u00e9ance du 28 Juin 2022<\/a><\/li>\r\n<li><a href=\"https:\/\/ccjlvd.fr\/wp-content\/uploads\/2022\/08\/Compte-rendu-18.07.22.pdf\">Compte rendu de la s\u00e9ance du 18 Juillet 2022<\/a><\/li>\r\n<li><a href=\"https:\/\/ccjlvd.fr\/wp-content\/uploads\/2025\/03\/compte-rendu-septembre-2022.pdf\">Compte rendu de la s\u00e9ance du 15 Septembre 2022<\/a><\/li>\r\n<li><a href=\"https:\/\/ccjlvd.fr\/wp-content\/uploads\/2022\/11\/compte-rendu-21-oct-2022.pdf\">Compte rendu de la s\u00e9ance du 21 Octobre 2022<\/a><\/li>\r\n<li><a href=\"https:\/\/ccjlvd.fr\/wp-content\/uploads\/2022\/12\/Compte-rendu-22-Nov-2022.pdf\">Compte rendu de la s\u00e9ance du 22 Novembre 2022<\/a><\/li>\r\n<li><a href=\"https:\/\/ccjlvd.fr\/wp-content\/uploads\/2023\/02\/compte-rendu-19-Decembre-2022.pdf\">Compte rendu de la s\u00e9ance du 19 D\u00e9cembre 2022<\/a><\/li>\r\n<\/ul>\r\n<h4>2021<\/h4>\r\n<ul>\r\n<li><a href=\"https:\/\/ccjlvd.fr\/wp-content\/uploads\/2021\/02\/CR.pdf\">Compte rendu de la s\u00e9ance du 12 Janvier 2021<\/a><\/li>\r\n<li><a href=\"https:\/\/ccjlvd.fr\/wp-content\/uploads\/2021\/03\/Compte-rendu-du-25-Fevrier-2021.pdf\">Compte rendu de la s\u00e9ance du 25 F\u00e9vrier 2021<\/a><\/li>\r\n<li><a href=\"https:\/\/ccjlvd.fr\/wp-content\/uploads\/2021\/04\/CR.pdf\">Compte rendu de la s\u00e9ance du 15 Mars 2021<\/a><\/li>\r\n<li><a href=\"https:\/\/ccjlvd.fr\/wp-content\/uploads\/2021\/06\/CR-9.04.2021.pdf\">Compte rendu de la s\u00e9ance du 9 Avril 2021<\/a><\/li>\r\n<li><a href=\"https:\/\/ccjlvd.fr\/wp-content\/uploads\/2021\/08\/Compte-rendu-27-Mai-2021.pdf\">Compte rendu de la s\u00e9ance du 27 Mai 2021<\/a><\/li>\r\n<li><a href=\"https:\/\/ccjlvd.fr\/wp-content\/uploads\/2021\/08\/Compte-rendu-28-Juin-2021.pdf\">Compte rendu de la s\u00e9ance du 28 Juin 2021<\/a><\/li>\r\n<li><a href=\"https:\/\/ccjlvd.fr\/wp-content\/uploads\/2021\/09\/Compte-rendu-29-Juillet-2021.pdf\">Compte rendu de la s\u00e9ance du 29 Juillet 2021<\/a><\/li>\r\n<li><a href=\"https:\/\/ccjlvd.fr\/wp-content\/uploads\/2021\/12\/compte-rendu.pdf\">Compte rendu de la s\u00e9ance du 23 Septembre 2021<\/a><\/li>\r\n<li><a href=\"https:\/\/ccjlvd.fr\/wp-content\/uploads\/2021\/12\/compte-rendu-1.pdf\">Compte rendu de la s\u00e9ance du 15 Novembre 2021<\/a><\/li>\r\n<li><a href=\"https:\/\/ccjlvd.fr\/wp-content\/uploads\/2022\/06\/CR-Conseil-13.12.21.pdf\">Compte rendu de la s\u00e9ance du 13 D\u00e9cembre 2021<\/a><\/li>\r\n<\/ul>\r\n<h4>2020<\/h4>\r\n<ul>\r\n<li><a href=\"https:\/\/ccjlvd.fr\/wp-content\/uploads\/2020\/02\/Compte-rendu-r\u00e9union-de-conseil-30-janvier.pdf\">Compte rendu de la s\u00e9ance du 30 janvier 2020<\/a><\/li>\r\n<li><a href=\"https:\/\/ccjlvd.fr\/wp-content\/uploads\/2020\/03\/Compte-rendu-CCJLVD-r\u00e9union-de-conseil-27-fevrier-2020.pdf\">Compte rendu de la s\u00e9ance du 27 F\u00e9vrier 2020\u00a0<\/a><\/li>\r\n<li><a href=\"https:\/\/ccjlvd.fr\/wp-content\/uploads\/2020\/08\/Compte-rendu-r\u00e9union-de-conseil-16-Juillet-2020.pdf\">Compte rendu de la s\u00e9ance du 16 Juillet 2020<\/a><\/li>\r\n<li><a href=\"https:\/\/ccjlvd.fr\/wp-content\/uploads\/2020\/08\/Compte-rendu-r\u00e9union-de-conseil-22-Juillet-2020.pdf\">Compte rendu de la s\u00e9ance du 22 Juillet 2020<\/a><\/li>\r\n<li><a href=\"https:\/\/ccjlvd.fr\/wp-content\/uploads\/2020\/10\/Compte-rendu-reunion-de-conseil-10-Septembre.pdf\">Compte rendu de la s\u00e9ance du 10 Septembre 2020<\/a><\/li>\r\n<li><a href=\"https:\/\/ccjlvd.fr\/wp-content\/uploads\/2021\/02\/Compte-rendu-reunion-de-conseil-8-Octobre.pdf\">Compte rendu de la s\u00e9ance du 8 Octobre 2020<\/a><\/li>\r\n<li><a href=\"https:\/\/ccjlvd.fr\/wp-content\/uploads\/2021\/02\/Compte-rendu-reunion-de-conseil-17-Novembre-2020.pdf\">Compte rendu de la s\u00e9ance du 17 Novembre 2020<\/a><\/li>\r\n<li><a href=\"https:\/\/ccjlvd.fr\/wp-content\/uploads\/2021\/02\/CR-CC-10-12-2020.pdf\">Compte rendu de la s\u00e9ance du 10 D\u00e9cembre 2020<\/a><\/li>\r\n<\/ul>\r\n<h4>2019<\/h4>\r\n<ul>\r\n<li><a href=\"https:\/\/ccjlvd.fr\/wp-content\/uploads\/2019\/04\/compte-rendu-conseil-communautaire-28-f\u00e9vrier-2018.pdf\">Compte rendu de la s\u00e9ance du 28 F\u00e9vrier 2019<\/a><\/li>\r\n<li><a href=\"https:\/\/ccjlvd.fr\/wp-content\/uploads\/2019\/05\/compte-rendu-conseil-communautaire-2-Avril-2019.pdf\">Compte rendu de la s\u00e9ance du 2 Avril 2019<\/a><\/li>\r\n<li><a href=\"https:\/\/ccjlvd.fr\/wp-content\/uploads\/2019\/09\/compte-rendu-conseil-communautaire18-juin-2019-DV.pdf\">Compte rendu de la s\u00e9ance du 18 Juin 2019<\/a><\/li>\r\n<li><a href=\"https:\/\/ccjlvd.fr\/wp-content\/uploads\/2019\/09\/compte-rendu-ccjlvd-du-26-08-2019-002.pdf\">Compte rendu de la s\u00e9ance du 26 Ao\u00fbt 2019<\/a><\/li>\r\n<li><a href=\"https:\/\/ccjlvd.fr\/wp-content\/uploads\/2019\/11\/CR_CC_23_09_2019.pdf\">Compte rendu de la s\u00e9ance du 23 Septembre 2019<\/a><\/li>\r\n<li><a href=\"https:\/\/ccjlvd.fr\/wp-content\/uploads\/2019\/12\/compte-rendu-26-Novembre-2019.pdf\">Compte rendu de la s\u00e9ance du 26 Novembre 2019<\/a><\/li>\r\n<li><a href=\"https:\/\/ccjlvd.fr\/wp-content\/uploads\/2020\/01\/compte-rendu-17-d\u00e9cembre-2019.pdf\">Compte rendu de la s\u00e9ance du 17 D\u00e9cembre 2019<\/a><\/li>\r\n<\/ul>\r\n<h4>2018<\/h4>\r\n<ul>\r\n<li><a href=\"https:\/\/ccjlvd.fr\/wp-content\/uploads\/2019\/02\/CR_CC_04_12_2018.pdf\">Compte rendu de la s\u00e9ance\u00a0 4 D\u00e9cembre 2018<\/a><\/li>\r\n<li><a href=\"https:\/\/ccjlvd.fr\/wp-content\/uploads\/2019\/02\/compte-rendu-conseil-17-decembre-2018.pdf\">Compte rendu de la s\u00e9ance du 17 D\u00e9cembre 2018<\/a><\/li>\r\n<li style=\"list-style-type: none;\">\u00a0<\/li>\r\n<\/ul>\r\n<hr \/>\r\n<h3 style=\"text-align: center;\"><strong>LES D\u00c9CISIONS DU BUREAU\u00a0<\/strong><\/h3>\r\n<h4>2025<\/h4>\r\n<ul>\r\n<li><a href=\"https:\/\/ccjlvd.fr\/wp-content\/uploads\/2026\/03\/3-DB-ensemble.pdf\">D\u00e9cision du bureau 04 octobre 2025<\/a><\/li>\r\n<\/ul>\r\n<h4>2024<\/h4>\r\n<ul>\r\n<li><a href=\"https:\/\/ccjlvd.fr\/wp-content\/uploads\/2025\/03\/DB-04.24-CHOIX-PRESTATAIRES-SENTIERS.pdf\">D\u00e9cision du bureau 12 Septembre 2024<\/a>\u00a0<\/li>\r\n<li><a href=\"https:\/\/ccjlvd.fr\/wp-content\/uploads\/2025\/03\/DB-03.24-CHOIX-FOURNISSEUR-COLONNES-EMB.pdf\">D\u00e9cision du bureau 10 Juillet 2024<\/a><\/li>\r\n<li><a href=\"https:\/\/ccjlvd.fr\/wp-content\/uploads\/2025\/03\/ilovepdf_merged-2.pdf\">D\u00e9cision du bureau 6 Juin 2024<\/a><\/li>\r\n<\/ul>\r\n<h4>2023<\/h4>\r\n<ul>\r\n<li><a href=\"https:\/\/ccjlvd.fr\/wp-content\/uploads\/2024\/06\/DB-01.23-CONTRAT-DE-COLLECTE-ET-TRANSPORT-OMR-ET-CARTONS-FEVRIER-2023-ta-1.pdf\">D\u00e9cision du bureau 17 Janvier 2023<\/a><\/li>\r\n<li><a href=\"https:\/\/ccjlvd.fr\/wp-content\/uploads\/2024\/06\/DB-02.23-Choix-du-fournisseur-denergie-tampon.pdf\">D\u00e9cision du bureau 2 F\u00e9vrier 2023<\/a><\/li>\r\n<li><a href=\"https:\/\/ccjlvd.fr\/wp-content\/uploads\/2024\/06\/DB-03.23-CONTRAT-DE-COLLECTE-ET-TRANSPORT-OMR-ET-CARTONS-MARS-2023-tampo.pdf\">D\u00e9cision du bureau 27 F\u00e9vrier 2023<\/a><\/li>\r\n<li><a href=\"https:\/\/ccjlvd.fr\/wp-content\/uploads\/2024\/06\/DB-04.23-CHOIX-PRESTATAIRE-SENTIERS-PATRIMOINE-tamponnee.pdf\">D\u00e9cision du bureau 28 Novembre 2023<\/a><\/li>\r\n<\/ul>\r\n<h4>2022<\/h4>\r\n<ul>\r\n<li><a href=\"https:\/\/ccjlvd.fr\/wp-content\/uploads\/2025\/03\/ilovepdf_merged-10.pdf\">D\u00e9cisions du bureau N\u00b01\/2022 et N\u00b02\/2022<\/a><\/li>\r\n<\/ul>\r\n<h4>2021<\/h4>\r\n<ul>\r\n<li><a href=\"https:\/\/ccjlvd.fr\/wp-content\/uploads\/2025\/03\/DB01.pdf\">D\u00e9cisions du bureau N\u00b01\/2021 et N\u00b02\/2021<\/a><\/li>\r\n<\/ul>\r\n<h4>2020<\/h4>\r\n<ul>\r\n<li><a href=\"https:\/\/ccjlvd.fr\/wp-content\/uploads\/2025\/03\/ilovepdf_merged-9.pdf\">D\u00e9cisions du bureau N\u00b01\/2020 et N\u00b02\/2020<\/a><\/li>\r\n<\/ul>\r\n<hr \/>\r\n<h3 style=\"text-align: center;\"><strong>LES D\u00c9CISIONS DU PR\u00c9SIDENT<\/strong><\/h3>\r\n<h4>2025<\/h4>\r\n<ul>\r\n<li><a href=\"https:\/\/ccjlvd.fr\/wp-content\/uploads\/2026\/03\/DP01.25-a-DP21.25.pdf\">D\u00e9cisions du Pr\u00e9sident n\u00b001\/2025 \u00e0 n\u00b021\/2025<\/a><\/li>\r\n<\/ul>\r\n<h4>2024<\/h4>\r\n<ul>\r\n<li><a href=\"https:\/\/ccjlvd.fr\/wp-content\/uploads\/2025\/03\/ilovepdf_merged-7.pdf\">D\u00e9cisions du Pr\u00e9sident n\u00b001\/2024 \u00e0 n\u00b018\/2024<\/a><\/li>\r\n<\/ul>\r\n<h4>2023<\/h4>\r\n<ul>\r\n<li><a href=\"https:\/\/ccjlvd.fr\/wp-content\/uploads\/2025\/03\/ilovepdf_merged-6.pdf\">D\u00e9cisions du Pr\u00e9sident n\u00b001\/2023 \u00e0 n\u00b011\/2023<\/a><\/li>\r\n<\/ul>\r\n<h4>2022<\/h4>\r\n<ul>\r\n<li><a href=\"https:\/\/ccjlvd.fr\/wp-content\/uploads\/2025\/03\/ilovepdf_merged-5.pdf\">D\u00e9cisions du Pr\u00e9sident n\u00b001\/2022 \u00e0 N\u00b024\/2022<\/a><\/li>\r\n<\/ul>\r\n<h4>2021<\/h4>\r\n<ul>\r\n<li><a href=\"https:\/\/ccjlvd.fr\/wp-content\/uploads\/2025\/03\/ilovepdf_merged-3.pdf\">D\u00e9cisions du Pr\u00e9sident n\u00b001\/2021 \u00e0 n\u00b006\/2021<\/a><\/li>\r\n<\/ul>\r\n<h4>2020<\/h4>\r\n<ul>\r\n<li><a href=\"https:\/\/ccjlvd.fr\/wp-content\/uploads\/2025\/03\/ilovepdf_merged-1.pdf\">D\u00e9cisions du Pr\u00e9sident n\u00b001\/2020 \u00e0 n\u00b019\/2020<\/a><\/li>\r\n<\/ul>\r\n<p><!--more--><\/p>\r\n<\/div>\r\n<!-- \/wp:post-content -->","protected":false},"excerpt":{"rendered":"<p>LES COMPTES-RENDUS DU CONSEIL COMMUNAUTAIRE\u00a0 2026 PV de l&rsquo;\u00e9lection du Pr\u00e9sident, des VP et des membres du bureau, 9 avril 2026 2025 Compte rendu s\u00e9ance du 16 d\u00e9cembre 2025 Compte rendu s\u00e9ance du 24 novembre 2025 Compte rendu s\u00e9ance du 25 septembre 2025 Compte rendu s\u00e9ance du 15 juillet 2025\u00a0 Compte rendu s\u00e9ance du 3 <a class=\"more-link\" href=\"https:\/\/ccjlvd.fr\/index.php\/la-communaute-de-communes\/les-decisions\/\">Lire plus &#8230;<\/a><\/p>\n","protected":false},"author":1,"featured_media":0,"parent":120,"menu_order":0,"comment_status":"closed","ping_status":"closed","template":"","meta":{"_crdt_document":"","jetpack_post_was_ever_published":false,"footnotes":""},"class_list":["post-128","page","type-page","status-publish","hentry"],"jetpack_sharing_enabled":true,"jetpack_shortlink":"https:\/\/wp.me\/Paa2VA-24","_links":{"self":[{"href":"https:\/\/ccjlvd.fr\/index.php\/wp-json\/wp\/v2\/pages\/128","targetHints":{"allow":["GET"]}}],"collection":[{"href":"https:\/\/ccjlvd.fr\/index.php\/wp-json\/wp\/v2\/pages"}],"about":[{"href":"https:\/\/ccjlvd.fr\/index.php\/wp-json\/wp\/v2\/types\/page"}],"author":[{"embeddable":true,"href":"https:\/\/ccjlvd.fr\/index.php\/wp-json\/wp\/v2\/users\/1"}],"replies":[{"embeddable":true,"href":"https:\/\/ccjlvd.fr\/index.php\/wp-json\/wp\/v2\/comments?post=128"}],"version-history":[{"count":210,"href":"https:\/\/ccjlvd.fr\/index.php\/wp-json\/wp\/v2\/pages\/128\/revisions"}],"predecessor-version":[{"id":7349,"href":"https:\/\/ccjlvd.fr\/index.php\/wp-json\/wp\/v2\/pages\/128\/revisions\/7349"}],"up":[{"embeddable":true,"href":"https:\/\/ccjlvd.fr\/index.php\/wp-json\/wp\/v2\/pages\/120"}],"wp:attachment":[{"href":"https:\/\/ccjlvd.fr\/index.php\/wp-json\/wp\/v2\/media?parent=128"}],"curies":[{"name":"wp","href":"https:\/\/api.w.org\/{rel}","templated":true}]}}