{"id":134,"date":"2018-08-03T14:52:28","date_gmt":"2018-08-03T12:52:28","guid":{"rendered":"http:\/\/ccjlvd.jabron.org\/?page_id=134"},"modified":"2025-04-15T10:44:09","modified_gmt":"2025-04-15T08:44:09","slug":"marches-publics","status":"publish","type":"page","link":"https:\/\/ccjlvd.fr\/index.php\/la-communaute-de-communes\/marches-publics\/","title":{"rendered":"March\u00e9s publics"},"content":{"rendered":"<p><strong>APPELS D&rsquo;OFFRES MARCH\u00c9S PUBLICS EN COURS\u00a0<\/strong><\/p>\r\n<p><em>Aucun march\u00e9 pour le moment\u00a0<\/em><\/p>\r\n<p><strong>APPELS D&rsquo;OFFRES MARCH\u00c9S PUBLICS PASS\u00c9S\u00a0<\/strong><\/p>\r\n<ul>\r\n<li>Am\u00e9nagement de 3 points d&rsquo;apport volontaire\u00a0<\/li>\r\n<li>Restauration d\u2019un pont sur le Jabron \u00e0 Curel\u00a0<\/li>\r\n<li>\u00c9tude de faisabilit\u00e9 sur la cr\u00e9ation du centre aromatique du Jabron et d&rsquo;un circuit de d\u00e9couverte de la biodiversit\u00e9 sur la Vall\u00e9e<\/li>\r\n<li>Fourniture de repas en liaison chaude accueil de loisirs Les P&rsquo;tites Bouilles<\/li>\r\n<li>SPANC cahier des charges contrat 2021<\/li>\r\n<li>Avis appel public concurrence MAPA-OM 2021<\/li>\r\n<li>Etude strat\u00e9gique sur le d\u00e9veloppement \u00e9conomique du territoire et faisabilit\u00e9 op\u00e9rationnelle de la Zone d\u2019activit\u00e9s d&rsquo;Aubignosc<\/li>\r\n<\/ul>\r\n\r\n<p class=\"wp-block-paragraph\">&nbsp;<\/p>\r\n","protected":false},"excerpt":{"rendered":"<p>APPELS D&rsquo;OFFRES MARCH\u00c9S PUBLICS EN COURS\u00a0 Aucun march\u00e9 pour le moment\u00a0 APPELS D&rsquo;OFFRES MARCH\u00c9S PUBLICS PASS\u00c9S\u00a0 Am\u00e9nagement de 3 points d&rsquo;apport volontaire\u00a0 Restauration d\u2019un pont sur le Jabron \u00e0 Curel\u00a0 \u00c9tude de faisabilit\u00e9 sur la cr\u00e9ation du centre aromatique du Jabron et d&rsquo;un circuit de d\u00e9couverte de la biodiversit\u00e9 sur la Vall\u00e9e Fourniture de repas <a class=\"more-link\" href=\"https:\/\/ccjlvd.fr\/index.php\/la-communaute-de-communes\/marches-publics\/\">Lire plus &#8230;<\/a><\/p>\n","protected":false},"author":1,"featured_media":0,"parent":120,"menu_order":0,"comment_status":"closed","ping_status":"closed","template":"","meta":{"_crdt_document":"","jetpack_post_was_ever_published":false,"footnotes":""},"class_list":["post-134","page","type-page","status-publish","hentry"],"jetpack_sharing_enabled":true,"jetpack_shortlink":"https:\/\/wp.me\/Paa2VA-2a","_links":{"self":[{"href":"https:\/\/ccjlvd.fr\/index.php\/wp-json\/wp\/v2\/pages\/134","targetHints":{"allow":["GET"]}}],"collection":[{"href":"https:\/\/ccjlvd.fr\/index.php\/wp-json\/wp\/v2\/pages"}],"about":[{"href":"https:\/\/ccjlvd.fr\/index.php\/wp-json\/wp\/v2\/types\/page"}],"author":[{"embeddable":true,"href":"https:\/\/ccjlvd.fr\/index.php\/wp-json\/wp\/v2\/users\/1"}],"replies":[{"embeddable":true,"href":"https:\/\/ccjlvd.fr\/index.php\/wp-json\/wp\/v2\/comments?post=134"}],"version-history":[{"count":21,"href":"https:\/\/ccjlvd.fr\/index.php\/wp-json\/wp\/v2\/pages\/134\/revisions"}],"predecessor-version":[{"id":6775,"href":"https:\/\/ccjlvd.fr\/index.php\/wp-json\/wp\/v2\/pages\/134\/revisions\/6775"}],"up":[{"embeddable":true,"href":"https:\/\/ccjlvd.fr\/index.php\/wp-json\/wp\/v2\/pages\/120"}],"wp:attachment":[{"href":"https:\/\/ccjlvd.fr\/index.php\/wp-json\/wp\/v2\/media?parent=134"}],"curies":[{"name":"wp","href":"https:\/\/api.w.org\/{rel}","templated":true}]}}