{"id":155,"date":"2018-08-03T14:58:19","date_gmt":"2018-08-03T12:58:19","guid":{"rendered":"http:\/\/ccjlvd.jabron.org\/?page_id=155"},"modified":"2025-03-06T09:36:46","modified_gmt":"2025-03-06T08:36:46","slug":"entreprises","status":"publish","type":"page","link":"https:\/\/ccjlvd.fr\/index.php\/le-developpement-economique\/entreprises\/","title":{"rendered":"Entreprises"},"content":{"rendered":"\r\n\r\n\r\n<h3><span style=\"color: #333333;\"><strong>Chiffres cl\u00e9s\u00a0<\/strong><\/span><\/h3>\r\n<p class=\"wp-block-paragraph\">577 \u00e9tablissements sont pr\u00e9sents sur le territoire de la Communaut\u00e9 de communes dont 120 sont agricoles.\u00a0<\/p>\r\n<p>Les secteurs les plus repr\u00e9sent\u00e9s sont les activit\u00e9s tertiaires, la construction et le commerce, h\u00f4tellerie et restauration.\u00a0<\/p>\r\n<h3><span style=\"color: #333333;\"><strong>Trouver le bon interlocuteur\u00a0<\/strong><\/span><\/h3>\r\n<p>La communaut\u00e9 de communes s&rsquo;engage \u00e0 orienter les cr\u00e9ateurs d&rsquo;entreprises et\/ou chefs d&rsquo;entreprise vers des interlocuteurs adapt\u00e9s \u00e0 vos besoins.<\/p>\r\n<p>Selon vos demandes, vous pouvez contacter :\u00a0<\/p>\r\n<ul>\r\n<li><strong><strong>Chambre de M\u00e9tiers et de l&rsquo;Artisanat<br \/><\/strong><\/strong><strong><strong>04 84 31 00 00 \/ contact@cmar-paca.fr \/ <a href=\"https:\/\/www.cmar-paca.fr\/\">www.cmar-paca.fr\u00a0<\/a><br \/><\/strong><\/strong><strong><br \/><\/strong><\/li>\r\n<li><strong>Chambre de Commerce et d&rsquo;Industrie\u00a0<br \/>04 92 30 80 80 \/ <a href=\"https:\/\/www.digne.cci.fr\/\">www.digne.cci.fr<\/a><br \/><br \/><\/strong><\/li>\r\n<li><strong>Chambre d&rsquo;Agriculture des Alpes de Haute Provence<br \/>04 92 30 57 57 \/ <a href=\"https:\/\/paca.chambres-agriculture.fr\/la-chambre-dagriculture-des-alpes-de-haute-provence\/\">paca.chambres-agriculture.fr<\/a><br \/><br \/><\/strong><\/li>\r\n<li><strong>Initiative Alpes Provence<\/strong><br \/><strong><span aria-label=\"Appeler le 04 92 36 62 45\">04 92 36 62 45 \/ <a href=\"https:\/\/www.initiativealpesprovence.org\/\">www.initiativealpesprovence.org<\/a><\/span><\/strong><\/li>\r\n<\/ul>\r\n\r\n\r\n\r\n<h3><span style=\"color: #333333;\"><strong>Aller plus loin<\/strong><\/span><\/h3>\r\n<p class=\"wp-block-paragraph\"><img loading=\"lazy\" decoding=\"async\" class=\"wp-image-6559 alignright\" src=\"https:\/\/ccjlvd.fr\/wp-content\/uploads\/2025\/03\/Capture-decran-2025-03-06-093152.png\" alt=\"\" width=\"258\" height=\"361\" srcset=\"https:\/\/ccjlvd.fr\/wp-content\/uploads\/2025\/03\/Capture-decran-2025-03-06-093152.png 597w, https:\/\/ccjlvd.fr\/wp-content\/uploads\/2025\/03\/Capture-decran-2025-03-06-093152-214x300.png 214w\" sizes=\"auto, (max-width: 258px) 100vw, 258px\" \/>Pour plus d&rsquo;informations sur les <strong>aides attribu\u00e9es aux entreprises par le d\u00e9partement<\/strong> des Alpes de Hautes Provence, cliquez<strong> <a href=\"https:\/\/ccjlvd.fr\/wp-content\/uploads\/2025\/01\/guide-aides-subventions-dec-24.pdf\">ici<\/a> <\/strong>!<\/p>\r\n<p><strong>Retrouvez sur la <a href=\"https:\/\/entreprises.maregionsud.fr\/aides-et-appels-a-projet\">plateforme de la R\u00e9gion Sud<\/a> <\/strong>des aides et appels \u00e0 projets qui peuvent vous int\u00e9resser.\u00a0<\/p>\r\n<p>&nbsp;<\/p>\r\n\r\n\r\n\r\n\r\n\r\n\r\n\r\n\r\n\r\n\r\n\r\n\r\n\r\n<figure class=\"wp-block-gallery columns-1 is-cropped\"><\/figure>\r\n","protected":false},"excerpt":{"rendered":"<p>Chiffres cl\u00e9s\u00a0 577 \u00e9tablissements sont pr\u00e9sents sur le territoire de la Communaut\u00e9 de communes dont 120 sont agricoles.\u00a0 Les secteurs les plus repr\u00e9sent\u00e9s sont les activit\u00e9s tertiaires, la construction et le commerce, h\u00f4tellerie et restauration.\u00a0 Trouver le bon interlocuteur\u00a0 La communaut\u00e9 de communes s&rsquo;engage \u00e0 orienter les cr\u00e9ateurs d&rsquo;entreprises et\/ou chefs d&rsquo;entreprise vers des interlocuteurs <a class=\"more-link\" href=\"https:\/\/ccjlvd.fr\/index.php\/le-developpement-economique\/entreprises\/\">Lire plus &#8230;<\/a><\/p>\n","protected":false},"author":1,"featured_media":0,"parent":151,"menu_order":0,"comment_status":"closed","ping_status":"closed","template":"","meta":{"_crdt_document":"","jetpack_post_was_ever_published":false,"footnotes":""},"class_list":["post-155","page","type-page","status-publish","hentry"],"jetpack_sharing_enabled":true,"jetpack_shortlink":"https:\/\/wp.me\/Paa2VA-2v","_links":{"self":[{"href":"https:\/\/ccjlvd.fr\/index.php\/wp-json\/wp\/v2\/pages\/155","targetHints":{"allow":["GET"]}}],"collection":[{"href":"https:\/\/ccjlvd.fr\/index.php\/wp-json\/wp\/v2\/pages"}],"about":[{"href":"https:\/\/ccjlvd.fr\/index.php\/wp-json\/wp\/v2\/types\/page"}],"author":[{"embeddable":true,"href":"https:\/\/ccjlvd.fr\/index.php\/wp-json\/wp\/v2\/users\/1"}],"replies":[{"embeddable":true,"href":"https:\/\/ccjlvd.fr\/index.php\/wp-json\/wp\/v2\/comments?post=155"}],"version-history":[{"count":23,"href":"https:\/\/ccjlvd.fr\/index.php\/wp-json\/wp\/v2\/pages\/155\/revisions"}],"predecessor-version":[{"id":6561,"href":"https:\/\/ccjlvd.fr\/index.php\/wp-json\/wp\/v2\/pages\/155\/revisions\/6561"}],"up":[{"embeddable":true,"href":"https:\/\/ccjlvd.fr\/index.php\/wp-json\/wp\/v2\/pages\/151"}],"wp:attachment":[{"href":"https:\/\/ccjlvd.fr\/index.php\/wp-json\/wp\/v2\/media?parent=155"}],"curies":[{"name":"wp","href":"https:\/\/api.w.org\/{rel}","templated":true}]}}