{"id":1580,"date":"2019-08-09T16:34:23","date_gmt":"2019-08-09T14:34:23","guid":{"rendered":"https:\/\/ccjlvd.fr\/?page_id=1580"},"modified":"2025-01-06T09:52:17","modified_gmt":"2025-01-06T08:52:17","slug":"etude-economique","status":"publish","type":"page","link":"https:\/\/ccjlvd.fr\/index.php\/le-developpement-economique\/etude-economique\/","title":{"rendered":"Etude \u00e9conomique"},"content":{"rendered":"\r\n\r\n\r\n<p class=\"wp-block-paragraph\" style=\"text-align: left;\">La nouvelle communaut\u00e9 de communes issue de la fusion et les nouvelles comp\u00e9tences attribu\u00e9es par la NOTRe\u00a0 ont offert une opportunit\u00e9 \u00e0 saisir pour notre territoire pour travailler sur son d\u00e9veloppement \u00e9conomique.<br \/><br \/>Afin de d\u00e9cider des actions les plus pertinentes \u00e0 mettre en place, la collectivit\u00e9\u00a0 a\u00a0 ainsi engag\u00e9 une \u00e9tude\u00a0 portant sur tous les secteurs \u00e9conomiques (agriculture, artisanat, tourisme, commerces, industrie)afin d\u2019avoir une vision globale du tissu \u00e9conomique .<\/p>\r\n<p>\u00c0 l\u2019issue d\u2019une <strong>d\u00e9marche collective<\/strong> comprenant notamment des ateliers avec les entreprises, des r\u00e9unions avec nos partenaires et des r\u00e9unions d\u2019\u00e9lus, l\u2019\u00e9tude\u00a0 a permis de d\u00e9finir les grands axes de la strat\u00e9gie de d\u00e9veloppement \u00e9conomique et les actions \u00e0 mettre en \u0153uvre dans les ann\u00e9es \u00e0 venir.<\/p>\r\n<p>Cette strat\u00e9gie repose sur 4 grands axes\u00a0:<\/p>\r\n<ul>\r\n<li><strong>Valoriser les ressources pour renforcer la vocation touristique<\/strong><\/li>\r\n<li><strong>F\u00e9d\u00e9rer et diversifier l\u2019\u00e9conomie locale<\/strong><\/li>\r\n<li><strong>D\u00e9velopper les dispositifs d\u2019accueil sur le territoire<\/strong><\/li>\r\n<li><strong>Construire une identit\u00e9 pour rayonner au-del\u00e0 du territoire<\/strong><\/li>\r\n<\/ul>\r\n<p>&nbsp;<\/p>\r\n<p style=\"text-align: left;\"><br \/>\r\n\r\n<img loading=\"lazy\" decoding=\"async\" class=\" wp-image-5509 aligncenter\" src=\"https:\/\/ccjlvd.fr\/wp-content\/uploads\/2024\/04\/Visuel-Strat-Dev-Eco-2024-1.png\" alt=\"\" width=\"789\" height=\"1116\" srcset=\"https:\/\/ccjlvd.fr\/wp-content\/uploads\/2024\/04\/Visuel-Strat-Dev-Eco-2024-1.png 1587w, https:\/\/ccjlvd.fr\/wp-content\/uploads\/2024\/04\/Visuel-Strat-Dev-Eco-2024-1-212x300.png 212w, https:\/\/ccjlvd.fr\/wp-content\/uploads\/2024\/04\/Visuel-Strat-Dev-Eco-2024-1-724x1024.png 724w, https:\/\/ccjlvd.fr\/wp-content\/uploads\/2024\/04\/Visuel-Strat-Dev-Eco-2024-1-768x1086.png 768w, https:\/\/ccjlvd.fr\/wp-content\/uploads\/2024\/04\/Visuel-Strat-Dev-Eco-2024-1-1086x1536.png 1086w, https:\/\/ccjlvd.fr\/wp-content\/uploads\/2024\/04\/Visuel-Strat-Dev-Eco-2024-1-1448x2048.png 1448w\" sizes=\"auto, (max-width: 789px) 100vw, 789px\" \/><\/p>\r\n<p class=\"wp-block-paragraph\">Cette \u00e9tude a \u00e9t\u00e9 financ\u00e9e par la R\u00e9gion et par l&rsquo;Union europ\u00e9enne via le\u00a0 programme\u00a0 LEADER<\/p>\r\n<p><img loading=\"lazy\" decoding=\"async\" class=\"alignnone size-full wp-image-6249\" src=\"https:\/\/ccjlvd.fr\/wp-content\/uploads\/2025\/01\/logo-leader-1-e1736153069639.jpg\" alt=\"\" width=\"579\" height=\"169\" srcset=\"https:\/\/ccjlvd.fr\/wp-content\/uploads\/2025\/01\/logo-leader-1-e1736153069639.jpg 579w, https:\/\/ccjlvd.fr\/wp-content\/uploads\/2025\/01\/logo-leader-1-e1736153069639-300x88.jpg 300w\" sizes=\"auto, (max-width: 579px) 100vw, 579px\" \/><\/p>\r\n","protected":false},"excerpt":{"rendered":"<p>La nouvelle communaut\u00e9 de communes issue de la fusion et les nouvelles comp\u00e9tences attribu\u00e9es par la NOTRe\u00a0 ont offert une opportunit\u00e9 \u00e0 saisir pour notre territoire pour travailler sur son d\u00e9veloppement \u00e9conomique. Afin de d\u00e9cider des actions les plus pertinentes \u00e0 mettre en place, la collectivit\u00e9\u00a0 a\u00a0 ainsi engag\u00e9 une \u00e9tude\u00a0 portant sur tous les <a class=\"more-link\" href=\"https:\/\/ccjlvd.fr\/index.php\/le-developpement-economique\/etude-economique\/\">Lire plus &#8230;<\/a><\/p>\n","protected":false},"author":3,"featured_media":0,"parent":151,"menu_order":0,"comment_status":"closed","ping_status":"closed","template":"","meta":{"_crdt_document":"","jetpack_post_was_ever_published":false,"footnotes":""},"class_list":["post-1580","page","type-page","status-publish","hentry"],"jetpack_sharing_enabled":true,"jetpack_shortlink":"https:\/\/wp.me\/Paa2VA-pu","_links":{"self":[{"href":"https:\/\/ccjlvd.fr\/index.php\/wp-json\/wp\/v2\/pages\/1580","targetHints":{"allow":["GET"]}}],"collection":[{"href":"https:\/\/ccjlvd.fr\/index.php\/wp-json\/wp\/v2\/pages"}],"about":[{"href":"https:\/\/ccjlvd.fr\/index.php\/wp-json\/wp\/v2\/types\/page"}],"author":[{"embeddable":true,"href":"https:\/\/ccjlvd.fr\/index.php\/wp-json\/wp\/v2\/users\/3"}],"replies":[{"embeddable":true,"href":"https:\/\/ccjlvd.fr\/index.php\/wp-json\/wp\/v2\/comments?post=1580"}],"version-history":[{"count":15,"href":"https:\/\/ccjlvd.fr\/index.php\/wp-json\/wp\/v2\/pages\/1580\/revisions"}],"predecessor-version":[{"id":6253,"href":"https:\/\/ccjlvd.fr\/index.php\/wp-json\/wp\/v2\/pages\/1580\/revisions\/6253"}],"up":[{"embeddable":true,"href":"https:\/\/ccjlvd.fr\/index.php\/wp-json\/wp\/v2\/pages\/151"}],"wp:attachment":[{"href":"https:\/\/ccjlvd.fr\/index.php\/wp-json\/wp\/v2\/media?parent=1580"}],"curies":[{"name":"wp","href":"https:\/\/api.w.org\/{rel}","templated":true}]}}