{"id":162,"date":"2018-08-03T15:01:23","date_gmt":"2018-08-03T13:01:23","guid":{"rendered":"http:\/\/ccjlvd.jabron.org\/?page_id=162"},"modified":"2026-03-27T09:38:17","modified_gmt":"2026-03-27T08:38:17","slug":"les-centres-de-loisirs","status":"publish","type":"page","link":"https:\/\/ccjlvd.fr\/index.php\/enfance-jeunesse\/les-centres-de-loisirs\/","title":{"rendered":"L&rsquo; accueil de loisirs"},"content":{"rendered":"\r\n<p>La Communaut\u00e9 de communes g\u00e8re l&rsquo;accueil de loisirs multisites \u00ab\u00a0Les P&rsquo;tites Bouilles\u00a0\u00bb qui regroupe les sites de Aubignosc et de Valbelle.<\/p>\r\n<p><img loading=\"lazy\" decoding=\"async\" class=\"wp-image-6430 alignleft\" src=\"https:\/\/ccjlvd.fr\/wp-content\/uploads\/2025\/01\/accueil-loisirs-scaled.jpg\" alt=\"\" width=\"274\" height=\"364\" srcset=\"https:\/\/ccjlvd.fr\/wp-content\/uploads\/2025\/01\/accueil-loisirs-scaled.jpg 1928w, https:\/\/ccjlvd.fr\/wp-content\/uploads\/2025\/01\/accueil-loisirs-226x300.jpg 226w, https:\/\/ccjlvd.fr\/wp-content\/uploads\/2025\/01\/accueil-loisirs-771x1024.jpg 771w, https:\/\/ccjlvd.fr\/wp-content\/uploads\/2025\/01\/accueil-loisirs-768x1020.jpg 768w, https:\/\/ccjlvd.fr\/wp-content\/uploads\/2025\/01\/accueil-loisirs-1157x1536.jpg 1157w, https:\/\/ccjlvd.fr\/wp-content\/uploads\/2025\/01\/accueil-loisirs-1542x2048.jpg 1542w\" sizes=\"auto, (max-width: 274px) 100vw, 274px\" \/>L&rsquo;accueil de loisirs est ouvert de <strong>7h30 \u00e0 18h30<\/strong> :<\/p>\r\n<ul>\r\n<li>les mercredis toute la journ\u00e9e avec inscription possible sur la demi-journ\u00e9e<\/li>\r\n<li>les deux semaines lors des vacances de\u00a0la Toussaint, F\u00e9vrier et P\u00e2ques<\/li>\r\n<li>six semaines Juillet et Ao\u00fbt ( fermeture les deux derni\u00e8res semaines)<\/li>\r\n<\/ul>\r\n<p>L\u2019inscription pour les vacances se fait \u00e0 la semaine avec 3 jours d&rsquo;inscription\u00a0 minimum.<\/p>\r\n<p>Les tarifs du centre de loisirs pour les r\u00e9sidents de la CCJLVD ont \u00e9t\u00e9 modifi\u00e9s selon les demandes de la CAF afin de tenir compte des niveaux de ressources des familles. Ils varient (repas compris) de 13.40\u20ac \u00e0 14.40\u20ac .<\/p>\r\n<p>&nbsp;<\/p>\r\n<h3>\u00a0<\/h3>\r\n<h3 style=\"text-align: left;\">\u00a0 \u00a0 \u00a0 \u00a0 \u00a0 <strong>\u00a0<\/strong><\/h3>\r\n<p><strong>\ud83e\udeb0PLANNING DES ACTIVITES VACANCES DE PAQUES 2026\ud83e\udeb3<\/strong><\/p>\r\n<p><img loading=\"lazy\" decoding=\"async\" class=\"alignnone size-medium wp-image-7281\" src=\"https:\/\/ccjlvd.fr\/wp-content\/uploads\/2026\/03\/katerinavulcova-ladybug-8655134-300x200.jpg\" alt=\"\" width=\"300\" height=\"200\" srcset=\"https:\/\/ccjlvd.fr\/wp-content\/uploads\/2026\/03\/katerinavulcova-ladybug-8655134-300x200.jpg 300w, https:\/\/ccjlvd.fr\/wp-content\/uploads\/2026\/03\/katerinavulcova-ladybug-8655134-1024x683.jpg 1024w, https:\/\/ccjlvd.fr\/wp-content\/uploads\/2026\/03\/katerinavulcova-ladybug-8655134-768x512.jpg 768w, https:\/\/ccjlvd.fr\/wp-content\/uploads\/2026\/03\/katerinavulcova-ladybug-8655134-1536x1024.jpg 1536w, https:\/\/ccjlvd.fr\/wp-content\/uploads\/2026\/03\/katerinavulcova-ladybug-8655134-2048x1365.jpg 2048w\" sizes=\"auto, (max-width: 300px) 100vw, 300px\" \/><\/p>\r\n<p>\u00a0Cliquez <a href=\"https:\/\/ccjlvd.fr\/wp-content\/uploads\/2026\/03\/le-Programme-de-vacances-des-insectes-2026-1.pdf\"><strong>ICI<\/strong><\/a> pour voir le programme des vacances de P\u00e2ques!<\/p>\r\n<p>&nbsp;<\/p>\r\n<p><strong>PLANNING DES ACTIVITES DU MERCREDI &#8211; MARS ET AVRIL 2026<\/strong><\/p>\r\n<p>Cliquez <a href=\"https:\/\/ccjlvd.fr\/wp-content\/uploads\/2026\/02\/ilovepdf_merged.pdf\"><strong>ICI<\/strong><\/a> pour consulter le tout nouveau programme d&rsquo;activit\u00e9s des mercredis pour mars et avril 2026!<\/p>\r\n<p>&nbsp;<\/p>\r\n<hr \/>\r\n<p>&nbsp;<\/p>\r\n\r\n\r\n\r\n<p class=\"wp-block-paragraph\"><strong><em>\u00a0<\/em><\/strong><\/p>\r\n\r\n\r\n\r\n<p class=\"wp-block-paragraph\"><strong><em>\u00a0<\/em><\/strong><\/p>\r\n","protected":false},"excerpt":{"rendered":"<p>\u00a0 \u00a0<\/p>\n","protected":false},"author":1,"featured_media":739,"parent":160,"menu_order":0,"comment_status":"closed","ping_status":"closed","template":"","meta":{"_crdt_document":"","jetpack_post_was_ever_published":false,"footnotes":""},"class_list":["post-162","page","type-page","status-publish","has-post-thumbnail","hentry"],"jetpack_sharing_enabled":true,"jetpack_shortlink":"https:\/\/wp.me\/Paa2VA-2C","_links":{"self":[{"href":"https:\/\/ccjlvd.fr\/index.php\/wp-json\/wp\/v2\/pages\/162","targetHints":{"allow":["GET"]}}],"collection":[{"href":"https:\/\/ccjlvd.fr\/index.php\/wp-json\/wp\/v2\/pages"}],"about":[{"href":"https:\/\/ccjlvd.fr\/index.php\/wp-json\/wp\/v2\/types\/page"}],"author":[{"embeddable":true,"href":"https:\/\/ccjlvd.fr\/index.php\/wp-json\/wp\/v2\/users\/1"}],"replies":[{"embeddable":true,"href":"https:\/\/ccjlvd.fr\/index.php\/wp-json\/wp\/v2\/comments?post=162"}],"version-history":[{"count":112,"href":"https:\/\/ccjlvd.fr\/index.php\/wp-json\/wp\/v2\/pages\/162\/revisions"}],"predecessor-version":[{"id":7282,"href":"https:\/\/ccjlvd.fr\/index.php\/wp-json\/wp\/v2\/pages\/162\/revisions\/7282"}],"up":[{"embeddable":true,"href":"https:\/\/ccjlvd.fr\/index.php\/wp-json\/wp\/v2\/pages\/160"}],"wp:featuredmedia":[{"embeddable":true,"href":"https:\/\/ccjlvd.fr\/index.php\/wp-json\/wp\/v2\/media\/739"}],"wp:attachment":[{"href":"https:\/\/ccjlvd.fr\/index.php\/wp-json\/wp\/v2\/media?parent=162"}],"curies":[{"name":"wp","href":"https:\/\/api.w.org\/{rel}","templated":true}]}}