{"id":166,"date":"2018-08-03T15:02:02","date_gmt":"2018-08-03T13:02:02","guid":{"rendered":"http:\/\/ccjlvd.jabron.org\/?page_id=166"},"modified":"2020-03-09T10:39:20","modified_gmt":"2020-03-09T09:39:20","slug":"le-ramip","status":"publish","type":"page","link":"https:\/\/ccjlvd.fr\/index.php\/enfance-jeunesse\/le-ramip\/","title":{"rendered":"Le RAMIP"},"content":{"rendered":"<p>La Communaut\u00e9 de communes Jabron Lure Van\u00e7on Durance\u00a0 finance l&rsquo;association Fruits de la Passion\u00a0 dans le cadre du Relais d&rsquo;Assistantes Maternelles itin\u00e9rant parental ( RAMip)<\/p>\n<p>Le RAMip, dont le si\u00e8ge est situ\u00e9 aux M\u00e9es, a pour mission de promouvoir et am\u00e9liorer l&rsquo;accueil des jeunes enfants au domicile des assistantes maternelles.<\/p>\n<p>A cette fin le RAMip:<\/p>\n<ul>\n<li>informe et conseille les parents et les assistantes maternelles<\/li>\n<li>organise un cadre de rencontres et d&rsquo;\u00e9changes<\/li>\n<li>aide \u00e0 la formation des assistantes maternelles<\/li>\n<li>aide les parents dans leur recherche d\u2019assistantes maternelles<\/li>\n<\/ul>\n<p>Il anime des ateliers sur notre territoire puisqu&rsquo;il intervient sur les communes de Montfort, Salignac et Peipin selon un calendrier pr\u00e9\u00e9tabli que vous trouverez ci-dessous.<\/p>\n<p><a href=\"ttps:\/\/ccjlvd.fr\/wp-content\/uploads\/2020\/03\/mars-2020-programme-AM.pdf\">-programme mars 2020<\/a><\/p>\n\n\n<p class=\"wp-block-paragraph\"><\/p>\n","protected":false},"excerpt":{"rendered":"<p>La Communaut\u00e9 de communes Jabron Lure Van\u00e7on Durance\u00a0 finance l&rsquo;association Fruits de la Passion\u00a0 dans le cadre du Relais d&rsquo;Assistantes Maternelles itin\u00e9rant parental ( RAMip) Le RAMip, dont le si\u00e8ge est situ\u00e9 aux M\u00e9es, a pour mission de promouvoir et am\u00e9liorer l&rsquo;accueil des jeunes enfants au domicile des assistantes maternelles. A cette fin le RAMip: <a class=\"more-link\" href=\"https:\/\/ccjlvd.fr\/index.php\/enfance-jeunesse\/le-ramip\/\">Lire plus &#8230;<\/a><\/p>\n","protected":false},"author":1,"featured_media":0,"parent":160,"menu_order":0,"comment_status":"closed","ping_status":"closed","template":"","meta":{"_crdt_document":"","jetpack_post_was_ever_published":false,"footnotes":""},"class_list":["post-166","page","type-page","status-publish","hentry"],"jetpack_sharing_enabled":true,"jetpack_shortlink":"https:\/\/wp.me\/Paa2VA-2G","_links":{"self":[{"href":"https:\/\/ccjlvd.fr\/index.php\/wp-json\/wp\/v2\/pages\/166","targetHints":{"allow":["GET"]}}],"collection":[{"href":"https:\/\/ccjlvd.fr\/index.php\/wp-json\/wp\/v2\/pages"}],"about":[{"href":"https:\/\/ccjlvd.fr\/index.php\/wp-json\/wp\/v2\/types\/page"}],"author":[{"embeddable":true,"href":"https:\/\/ccjlvd.fr\/index.php\/wp-json\/wp\/v2\/users\/1"}],"replies":[{"embeddable":true,"href":"https:\/\/ccjlvd.fr\/index.php\/wp-json\/wp\/v2\/comments?post=166"}],"version-history":[{"count":14,"href":"https:\/\/ccjlvd.fr\/index.php\/wp-json\/wp\/v2\/pages\/166\/revisions"}],"predecessor-version":[{"id":2837,"href":"https:\/\/ccjlvd.fr\/index.php\/wp-json\/wp\/v2\/pages\/166\/revisions\/2837"}],"up":[{"embeddable":true,"href":"https:\/\/ccjlvd.fr\/index.php\/wp-json\/wp\/v2\/pages\/160"}],"wp:attachment":[{"href":"https:\/\/ccjlvd.fr\/index.php\/wp-json\/wp\/v2\/media?parent=166"}],"curies":[{"name":"wp","href":"https:\/\/api.w.org\/{rel}","templated":true}]}}