{"id":186,"date":"2018-08-03T15:11:24","date_gmt":"2018-08-03T13:11:24","guid":{"rendered":"http:\/\/ccjlvd.jabron.org\/?page_id=186"},"modified":"2025-02-27T14:15:02","modified_gmt":"2025-02-27T13:15:02","slug":"caisson-dequarrissage","status":"publish","type":"page","link":"https:\/\/ccjlvd.fr\/index.php\/environnement\/caisson-dequarrissage\/","title":{"rendered":"Caisson d&rsquo;\u00c9quarrissage"},"content":{"rendered":"<p align=\"JUSTIFY\">La CCJLVD est dot\u00e9e d\u2019un caisson d\u2019\u00e9quarrissage situ\u00e9 sur la commune de Noyers-sur-Jabron et est responsable de sa gestion.<\/p>\n<p align=\"JUSTIFY\">Ce caisson d\u2019\u00e9quarrissage \u00e9tant susceptible de recevoir plus de 500 kg de cadavres et d\u00e9chets d\u2019animaux, il s\u2019agit d\u2019une installation class\u00e9e soumise \u00e0 autorisation au titre de la rubrique n\u00b0 2\u00a0731 des ICPE. L\u2019Arr\u00eat\u00e9 Pr\u00e9fectoral n\u00b0 2014-192-0018 en date du 11\/07\/2014 encadre la gestion et le fonctionnement du caisson d\u2019\u00e9quarrissage.<\/p>\n<p align=\"JUSTIFY\">La Communaut\u00e9 de communes Jabron Lure Van\u00e7on Durance\u00a0:<\/p>\n<ul>\n<li>\n<p align=\"JUSTIFY\">met \u00e0 la disposition de l\u2019association JABRON EQUARRISSAGE, \u00e0 titre gratuit, le caisson<\/p>\n<\/li>\n<li>\n<p align=\"JUSTIFY\">assure les d\u00e9penses li\u00e9es aux frais de fonctionnement inh\u00e9rents au caisson (\u00e9lectricit\u00e9, assurance, entretien, maintenance,\u2026)<\/p>\n<\/li>\n<\/ul>\n<p align=\"JUSTIFY\">L\u2019Association JABRON EQUARRISSAGE est charg\u00e9e de la surveillance, de l\u2019enl\u00e8vement des jus et du nettoyage courant du caisson.<\/p>\n<p align=\"JUSTIFY\"><a name=\"_GoBack\"><\/a>Les frais de collecte des cadavres d\u2019animaux d\u2019\u00e9levage sont int\u00e9gr\u00e9s dans le march\u00e9 national d\u2019\u00e9quarrissage et pris en charge directement par l\u2019\u00e9quarrisseur, \u00e0 savoir PRODIA\/PROVALT depuis le 1er janvier 2025. Les enl\u00e8vements des cadavres et r\u00e9sidus animaux non pris en charge par le march\u00e9 national (\u00e9quarrissage des animaux domestiques et des gibiers) sont factur\u00e9s \u00e0 l&rsquo;association JABRON EQUARRISSAGE.<\/p>\n","protected":false},"excerpt":{"rendered":"<p>La CCJLVD est dot\u00e9e d\u2019un caisson d\u2019\u00e9quarrissage situ\u00e9 sur la commune de Noyers-sur-Jabron et est responsable de sa gestion. Ce caisson d\u2019\u00e9quarrissage \u00e9tant susceptible de recevoir plus de 500 kg de cadavres et d\u00e9chets d\u2019animaux, il s\u2019agit d\u2019une installation class\u00e9e soumise \u00e0 autorisation au titre de la rubrique n\u00b0 2\u00a0731 des ICPE. L\u2019Arr\u00eat\u00e9 Pr\u00e9fectoral n\u00b0 <a class=\"more-link\" href=\"https:\/\/ccjlvd.fr\/index.php\/environnement\/caisson-dequarrissage\/\">Lire plus &#8230;<\/a><\/p>\n","protected":false},"author":1,"featured_media":0,"parent":182,"menu_order":0,"comment_status":"closed","ping_status":"closed","template":"","meta":{"_crdt_document":"","jetpack_post_was_ever_published":false,"footnotes":""},"class_list":["post-186","page","type-page","status-publish","hentry"],"jetpack_sharing_enabled":true,"jetpack_shortlink":"https:\/\/wp.me\/Paa2VA-30","_links":{"self":[{"href":"https:\/\/ccjlvd.fr\/index.php\/wp-json\/wp\/v2\/pages\/186","targetHints":{"allow":["GET"]}}],"collection":[{"href":"https:\/\/ccjlvd.fr\/index.php\/wp-json\/wp\/v2\/pages"}],"about":[{"href":"https:\/\/ccjlvd.fr\/index.php\/wp-json\/wp\/v2\/types\/page"}],"author":[{"embeddable":true,"href":"https:\/\/ccjlvd.fr\/index.php\/wp-json\/wp\/v2\/users\/1"}],"replies":[{"embeddable":true,"href":"https:\/\/ccjlvd.fr\/index.php\/wp-json\/wp\/v2\/comments?post=186"}],"version-history":[{"count":9,"href":"https:\/\/ccjlvd.fr\/index.php\/wp-json\/wp\/v2\/pages\/186\/revisions"}],"predecessor-version":[{"id":6507,"href":"https:\/\/ccjlvd.fr\/index.php\/wp-json\/wp\/v2\/pages\/186\/revisions\/6507"}],"up":[{"embeddable":true,"href":"https:\/\/ccjlvd.fr\/index.php\/wp-json\/wp\/v2\/pages\/182"}],"wp:attachment":[{"href":"https:\/\/ccjlvd.fr\/index.php\/wp-json\/wp\/v2\/media?parent=186"}],"curies":[{"name":"wp","href":"https:\/\/api.w.org\/{rel}","templated":true}]}}