{"id":188,"date":"2018-08-03T15:11:39","date_gmt":"2018-08-03T13:11:39","guid":{"rendered":"http:\/\/ccjlvd.jabron.org\/?page_id=188"},"modified":"2024-10-28T15:52:11","modified_gmt":"2024-10-28T14:52:11","slug":"gemapi","status":"publish","type":"page","link":"https:\/\/ccjlvd.fr\/index.php\/environnement\/gemapi\/","title":{"rendered":"Gemapi"},"content":{"rendered":"<h1><img loading=\"lazy\" decoding=\"async\" class=\"alignnone  wp-image-6118\" src=\"https:\/\/ccjlvd.fr\/wp-content\/uploads\/2024\/10\/accueil.png\" alt=\"\" width=\"696\" height=\"268\" srcset=\"https:\/\/ccjlvd.fr\/wp-content\/uploads\/2024\/10\/accueil.png 1133w, https:\/\/ccjlvd.fr\/wp-content\/uploads\/2024\/10\/accueil-300x115.png 300w, https:\/\/ccjlvd.fr\/wp-content\/uploads\/2024\/10\/accueil-1024x394.png 1024w, https:\/\/ccjlvd.fr\/wp-content\/uploads\/2024\/10\/accueil-768x296.png 768w\" sizes=\"auto, (max-width: 696px) 100vw, 696px\" \/><\/h1>\n<h1><strong>QUE RECOUVRE LA COMPETENCE GEMAPI\u00a0?<\/strong><\/h1>\n<p>La <strong>Gestion des Milieux Aquatiques et la Pr\u00e9vention des Inondations (GEMAPI) <\/strong>est une comp\u00e9tence obligatoire assur\u00e9e par la CCJLVD sur son territoire depuis le 1<sup>er<\/sup> janvier 2018.<\/p>\n<p>Les actions entreprises par les intercommunalit\u00e9s dans le cadre de la GEMAPI sont d\u00e9finies ainsi par l\u2019article L.211-7 du code de l\u2019environnement :<\/p>\n<ul>\n<li>L\u2019am\u00e9nagement des bassins versants<\/li>\n<li>L\u2019entretien et l\u2019am\u00e9nagement des cours d\u2019eau, canaux, lacs et plans d\u2019eau<\/li>\n<li>La d\u00e9fense contre les inondations et contre la mer<\/li>\n<li>La protection et la restauration des zones humides<\/li>\n<\/ul>\n<p>Les missions d\u00e9volues aux intercommunalit\u00e9s ne d\u00e9gagent pas d\u2019autres acteurs de leurs responsabilit\u00e9s. Les maires exercent leur pouvoir de police et demeurent responsables de la s\u00e9curit\u00e9 publique dans leur p\u00e9rim\u00e8tre communal. Les propri\u00e9taires riverains des cours d\u2019eau sont responsables de leur entretien et de leurs ouvrages de protection.<\/p>\n<p style=\"text-align: center;\">***<\/p>\n<h1><strong>COMMENT EST DECLINEE LA GEMAPI PAR LA CCJLVD\u00a0?<\/strong><\/h1>\n<p><strong>La CCJLVD a mis en place une strat\u00e9gie de gestion qu\u2019elle m\u00e8ne via le <\/strong><strong>Syndicat Mixte d\u2019Am\u00e9nagement Vall\u00e9e de la Durance (SMAVD) <\/strong>auquel elle a d\u00e9l\u00e9gu\u00e9 les missions relevant de la GEMAPI.<\/p>\n<p align=\"CENTER\"><span style=\"color: #404040;\"><b>LES PRINCIPAUX COURS D\u2019EAU QUI DE LA CCJLVD <\/b><\/span><strong>INT\u00c9GR\u00c9S AU CHAMP D\u2019ACTION DU SMAVD<\/strong><\/p>\n<p align=\"CENTER\"><img loading=\"lazy\" decoding=\"async\" class=\"alignnone wp-image-905\" src=\"http:\/\/ccjlvd.jabron.org\/wp-content\/uploads\/2019\/01\/cours-deau-300x151.png\" alt=\"\" width=\"551\" height=\"277\" srcset=\"https:\/\/ccjlvd.fr\/wp-content\/uploads\/2019\/01\/cours-deau-300x151.png 300w, https:\/\/ccjlvd.fr\/wp-content\/uploads\/2019\/01\/cours-deau-768x386.png 768w, https:\/\/ccjlvd.fr\/wp-content\/uploads\/2019\/01\/cours-deau-1024x515.png 1024w, https:\/\/ccjlvd.fr\/wp-content\/uploads\/2019\/01\/cours-deau.png 1294w\" sizes=\"auto, (max-width: 551px) 100vw, 551px\" \/><\/p>\n<p>Un diagnostic achev\u00e9 en 2021 par le SMAVD a permis de dresser le panorama des enjeux li\u00e9s \u00e0 la pr\u00e9vention des inondations sur ses affluents de la Durance mais \u00e9galement de pointer des axes forts de gestion pour le bon fonctionnement des milieux aquatiques. La strat\u00e9gie r\u00e9sultant de ces travaux s\u2019articule autour de 4 axes\u00a0:<\/p>\n<ul>\n<li>La d\u00e9finition d\u2019une strat\u00e9gie de syst\u00e8mes d\u2019endiguements<\/li>\n<li>La mise en \u0153uvre d\u2019un Programme Pluriannuel de Restauration et d\u2019Entretien (PPRE)<\/li>\n<li>L\u2019appui du SMAVD lors des crues et travaux post-crues<\/li>\n<li>L\u2019accompagnement technique de la CCJLVD par les services du SMAVD<\/li>\n<\/ul>\n<p>Des \u00e9tudes et travaux sont rendus n\u00e9cessaires par l\u2019avancement de ces missions, ils sont conduits sous ma\u00eetrise d\u2019ouvrage du SMAVD et se d\u00e9roulent en deux phases\u00a0:<\/p>\n<ul>\n<li>Une phase 1 de programmation et d\u2019instruction r\u00e8glementaire, qui s\u2019est tenue de 2022 \u00e0 2023, visant \u00e0 d\u00e9finir les programmes d\u2019intervention et en organiser les modalit\u00e9s financi\u00e8res et administratives,<\/li>\n<li>Une phase 2 d\u2019\u00e9tudes compl\u00e9mentaires et de travaux qui a d\u00e9but\u00e9 en 2024 et qui se poursuivra jusqu\u2019en 2027.<\/li>\n<\/ul>\n<p><strong>Exemples de travaux r\u00e9alis\u00e9s au printemps 2024 dans le cadre du PPRE\u00a0:<\/strong><\/p>\n<div id=\"attachment_6120\" style=\"width: 239px\" class=\"wp-caption alignleft\"><img loading=\"lazy\" decoding=\"async\" aria-describedby=\"caption-attachment-6120\" class=\"wp-image-6120 \" src=\"https:\/\/ccjlvd.fr\/wp-content\/uploads\/2024\/10\/les-omergues.png\" alt=\"\" width=\"229\" height=\"128\" srcset=\"https:\/\/ccjlvd.fr\/wp-content\/uploads\/2024\/10\/les-omergues.png 484w, https:\/\/ccjlvd.fr\/wp-content\/uploads\/2024\/10\/les-omergues-300x167.png 300w, https:\/\/ccjlvd.fr\/wp-content\/uploads\/2024\/10\/les-omergues-350x197.png 350w\" sizes=\"auto, (max-width: 229px) 100vw, 229px\" \/><p id=\"caption-attachment-6120\" class=\"wp-caption-text\">Les Omergues<\/p><\/div>\n<div id=\"attachment_6119\" style=\"width: 247px\" class=\"wp-caption alignleft\"><img loading=\"lazy\" decoding=\"async\" aria-describedby=\"caption-attachment-6119\" class=\" wp-image-6119\" src=\"https:\/\/ccjlvd.fr\/wp-content\/uploads\/2024\/10\/curel.png\" alt=\"\" width=\"237\" height=\"131\" srcset=\"https:\/\/ccjlvd.fr\/wp-content\/uploads\/2024\/10\/curel.png 489w, https:\/\/ccjlvd.fr\/wp-content\/uploads\/2024\/10\/curel-300x166.png 300w\" sizes=\"auto, (max-width: 237px) 100vw, 237px\" \/><p id=\"caption-attachment-6119\" class=\"wp-caption-text\">Curel<\/p><\/div>\n<div id=\"attachment_6121\" style=\"width: 215px\" class=\"wp-caption alignleft\"><img loading=\"lazy\" decoding=\"async\" aria-describedby=\"caption-attachment-6121\" class=\" wp-image-6121\" src=\"https:\/\/ccjlvd.fr\/wp-content\/uploads\/2024\/10\/valbelle.png\" alt=\"\" width=\"205\" height=\"130\" \/><p id=\"caption-attachment-6121\" class=\"wp-caption-text\">Valbelle<\/p><\/div>\n<h1><\/h1>\n<h1><\/h1>\n<h1><\/h1>\n<p style=\"text-align: center;\">***<\/p>\n<h1><strong>COMMENT LA CCJLVD FINANCE-T-ELLE CETTE COMPETENCE ?<\/strong><\/h1>\n<p>Afin de financer les d\u00e9penses cette comp\u00e9tence, <strong>la CJLVD a instaur\u00e9 la taxe GEMAPI<\/strong>\u00a0: un produit global attendu est fix\u00e9 par l\u2019instance communautaire que le tr\u00e9sor public doit r\u00e9partir entre les redevables. Le produit de la taxe est vot\u00e9 chaque ann\u00e9e.<\/p>\n<p>La taxe GEMAPI ne peut servir \u00e0 financer que cette comp\u00e9tence. Le produit global attendu de la taxe est r\u00e9parti sur les 4 taxes locales (taxe d\u2019habitation, foncier b\u00e2ti, foncier non b\u00e2ti, cotisation fonci\u00e8re des Entreprises).<\/p>\n","protected":false},"excerpt":{"rendered":"<p>QUE RECOUVRE LA COMPETENCE GEMAPI\u00a0? La Gestion des Milieux Aquatiques et la Pr\u00e9vention des Inondations (GEMAPI) est une comp\u00e9tence obligatoire assur\u00e9e par la CCJLVD sur son territoire depuis le 1er janvier 2018. Les actions entreprises par les intercommunalit\u00e9s dans le cadre de la GEMAPI sont d\u00e9finies ainsi par l\u2019article L.211-7 du code de l\u2019environnement : <a class=\"more-link\" href=\"https:\/\/ccjlvd.fr\/index.php\/environnement\/gemapi\/\">Lire plus &#8230;<\/a><\/p>\n","protected":false},"author":1,"featured_media":0,"parent":182,"menu_order":0,"comment_status":"closed","ping_status":"closed","template":"","meta":{"_crdt_document":"","jetpack_post_was_ever_published":false,"footnotes":""},"class_list":["post-188","page","type-page","status-publish","hentry"],"jetpack_sharing_enabled":true,"jetpack_shortlink":"https:\/\/wp.me\/Paa2VA-32","_links":{"self":[{"href":"https:\/\/ccjlvd.fr\/index.php\/wp-json\/wp\/v2\/pages\/188","targetHints":{"allow":["GET"]}}],"collection":[{"href":"https:\/\/ccjlvd.fr\/index.php\/wp-json\/wp\/v2\/pages"}],"about":[{"href":"https:\/\/ccjlvd.fr\/index.php\/wp-json\/wp\/v2\/types\/page"}],"author":[{"embeddable":true,"href":"https:\/\/ccjlvd.fr\/index.php\/wp-json\/wp\/v2\/users\/1"}],"replies":[{"embeddable":true,"href":"https:\/\/ccjlvd.fr\/index.php\/wp-json\/wp\/v2\/comments?post=188"}],"version-history":[{"count":10,"href":"https:\/\/ccjlvd.fr\/index.php\/wp-json\/wp\/v2\/pages\/188\/revisions"}],"predecessor-version":[{"id":6122,"href":"https:\/\/ccjlvd.fr\/index.php\/wp-json\/wp\/v2\/pages\/188\/revisions\/6122"}],"up":[{"embeddable":true,"href":"https:\/\/ccjlvd.fr\/index.php\/wp-json\/wp\/v2\/pages\/182"}],"wp:attachment":[{"href":"https:\/\/ccjlvd.fr\/index.php\/wp-json\/wp\/v2\/media?parent=188"}],"curies":[{"name":"wp","href":"https:\/\/api.w.org\/{rel}","templated":true}]}}