{"id":190,"date":"2018-08-03T15:12:05","date_gmt":"2018-08-03T13:12:05","guid":{"rendered":"http:\/\/ccjlvd.jabron.org\/?page_id=190"},"modified":"2023-12-21T15:05:21","modified_gmt":"2023-12-21T14:05:21","slug":"assainissement-non-collectif","status":"publish","type":"page","link":"https:\/\/ccjlvd.fr\/index.php\/environnement\/assainissement-non-collectif\/","title":{"rendered":"Assainissement non collectif"},"content":{"rendered":"<p align=\"JUSTIFY\"><img loading=\"lazy\" decoding=\"async\" class=\"alignnone wp-image-818\" src=\"http:\/\/ccjlvd.jabron.org\/wp-content\/uploads\/2019\/01\/eau-300x201.jpg\" alt=\"\" width=\"342\" height=\"229\" srcset=\"https:\/\/ccjlvd.fr\/wp-content\/uploads\/2019\/01\/eau-300x201.jpg 300w, https:\/\/ccjlvd.fr\/wp-content\/uploads\/2019\/01\/eau.jpg 392w\" sizes=\"auto, (max-width: 342px) 100vw, 342px\" \/><\/p>\n<h4><span style=\"color: #3366ff;\">QU\u2019EST-CE-QUE L\u2019ASSAINISSEMENT NON COLLECTIF ?<\/span><\/h4>\n<p align=\"JUSTIFY\">L\u2019assainissement non collectif, aussi appel\u00e9 assainissement individuel ou autonome, est une solution technique garantissant le traitement des eaux us\u00e9es (provenant des toilettes, de la cuisine, de la salle de bain et de la machine \u00e0 laver) avant rejet dans le milieu naturel pour les habitations non raccord\u00e9es \u00e0 un r\u00e9seau d&rsquo;assainissement public.<\/p>\n<p align=\"JUSTIFY\">Outre la n\u00e9cessit\u00e9 de se conformer \u00e0 la loi, bien concevoir, r\u00e9aliser et entretenir son assainissement non collectif, c\u2019est pr\u00e9server la sant\u00e9 publique, l\u2019environnement, son cadre de vie et valoriser son patrimoine<span style=\"font-family: Times New Roman, serif;\"><span style=\"font-size: medium;\"><span style=\"font-family: Calibri, serif;\"><span style=\"font-size: small;\">.<\/span><\/span><\/span><\/span><\/p>\n<h4><span style=\"color: #3366ff;\">QU\u2019EST-CE QUE LE SPANC ?<\/span><\/h4>\n<p align=\"JUSTIFY\">Le <b>S<\/b>ervice <b>P<\/b>ublic d\u2019<strong>A<\/strong>ssainissement <strong>N<\/strong>on <strong>C<\/strong>ollectif (SPANC) a \u00e9t\u00e9 cr\u00e9\u00e9 par les collectivit\u00e9s locales suite \u00e0 la loi sur l\u2019eau du 3 janvier 1992. Il assure :<\/p>\n<ul>\n<li>\n<p align=\"JUSTIFY\">le conseil, l\u2019information, la sensibilisation et l\u2019accompagnement des usagers dans leur d\u00e9marche,<\/p>\n<\/li>\n<li>\n<p align=\"JUSTIFY\">le contr\u00f4le des installations d&rsquo;assainissement non collectif existantes (contr\u00f4le p\u00e9riodique de bon fonctionnement et de l\u2019entretien des installations existantes)<\/p>\n<\/li>\n<li>\n<p align=\"JUSTIFY\">l\u2019avis technique (conception et implantation) sur les nouveaux projets d\u2019assainissement (pour les installations neuves ou \u00e0 r\u00e9habiliter)<\/p>\n<\/li>\n<li>\n<p align=\"JUSTIFY\">la v\u00e9rification des travaux pour les installations neuves et r\u00e9habilit\u00e9es,<\/p>\n<\/li>\n<li>\n<p align=\"JUSTIFY\">les contr\u00f4les en cas de vente (rapport qui doit \u00eatre joint \u00e0 la promesse ou \u00e0 l\u2019acte de vente)<\/p>\n<\/li>\n<\/ul>\n<h4 align=\"JUSTIFY\"><span style=\"color: #3366ff;\">POURQUOI UN SPANC\u00a0?<\/span><\/h4>\n<p align=\"JUSTIFY\">L\u2019objectif principal consiste \u00e0 s\u2019assurer que les installations ne g\u00e9n\u00e8rent pas de danger pour les personnes ni de risque pour l\u2019environnement.<\/p>\n<p align=\"JUSTIFY\">Sa priorit\u00e9 est de pr\u00e9server la ressource en eau sur son territoire. En effet, les eaux us\u00e9es rejet\u00e9es dans le milieu naturel sans traitement efficace risquent d\u2019atteindre et de contaminer les nappes phr\u00e9atiques et les cours d\u2019eau et ainsi porter atteinte \u00e0 la salubrit\u00e9 publique et \u00e0 l\u2019environnement.<\/p>\n<p align=\"JUSTIFY\"><span style=\"font-family: Times New Roman, serif;\"><span style=\"font-size: medium;\"><span style=\"color: #548dd4;\"><span style=\"font-family: Calibri, serif;\"><span style=\"font-size: small;\"><b>EXEMPLE D\u2019UNE INSTALLATION <\/b><\/span><\/span><\/span><\/span><\/span><\/p>\n<p align=\"JUSTIFY\"><img loading=\"lazy\" decoding=\"async\" class=\"alignnone size-full wp-image-825\" src=\"http:\/\/ccjlvd.jabron.org\/wp-content\/uploads\/2019\/01\/INSTALLATION-SPANC.png\" alt=\"\" width=\"975\" height=\"522\" srcset=\"https:\/\/ccjlvd.fr\/wp-content\/uploads\/2019\/01\/INSTALLATION-SPANC.png 975w, https:\/\/ccjlvd.fr\/wp-content\/uploads\/2019\/01\/INSTALLATION-SPANC-300x161.png 300w, https:\/\/ccjlvd.fr\/wp-content\/uploads\/2019\/01\/INSTALLATION-SPANC-768x411.png 768w\" sizes=\"auto, (max-width: 975px) 100vw, 975px\" \/><\/p>\n<h4 align=\"JUSTIFY\"><span style=\"color: #3366ff;\">COMMENT M\u2019ASSURER DU BON FONCTIONNEMENT DE MON INSTALLATION ?<\/span><\/h4>\n<p align=\"JUSTIFY\"><b>Laisser les installations accessibles: <\/b>Pour permettre leur v\u00e9rification et leur entretien : nettoyage du pr\u00e9filtre, vidange du bac \u00e0 graisses, contr\u00f4le du niveau de boues de la fosse toutes eaux, \u2026<\/p>\n<p align=\"JUSTIFY\"><b>Vidanger la fosse d\u00e8s 50% de remplissage de boues : <\/b>Si le niveau de boues est trop haut, les mati\u00e8res solides non d\u00e9cant\u00e9es peuvent colmater le syst\u00e8me d\u2019\u00e9pandage.<b> <\/b><\/p>\n<p align=\"JUSTIFY\"><b>Ne pas raccorder d\u2019eaux pluviales dans votre installation <\/b>qui est strictement r\u00e9serv\u00e9e aux eaux us\u00e9es domestiques.<\/p>\n<p align=\"JUSTIFY\"><b>La zone d\u2019\u00e9pandage ne doit pas \u00eatre imperm\u00e9able. <\/b><\/p>\n<p align=\"JUSTIFY\"><b>Le dispositif doit \u00eatre situ\u00e9 hors des zones de stockage, de circulation ou de stationnement. <\/b><\/p>\n<h4 align=\"JUSTIFY\"><span style=\"color: #3366ff;\">QUE DOIS-JE FAIRE POUR REALISER OU REHABILITER MON INSTALLATION D\u2019ASSAINISSEMENT NON COLLECTIF (ANC)\u00a0?<\/span><\/h4>\n<h4 align=\"JUSTIFY\"><\/h4>\n<h4 align=\"JUSTIFY\"><img loading=\"lazy\" decoding=\"async\" class=\"alignnone size-full wp-image-882\" src=\"http:\/\/ccjlvd.jabron.org\/wp-content\/uploads\/2019\/01\/image-procedure-spanc.jpg\" alt=\"\" width=\"604\" height=\"632\" srcset=\"https:\/\/ccjlvd.fr\/wp-content\/uploads\/2019\/01\/image-procedure-spanc.jpg 604w, https:\/\/ccjlvd.fr\/wp-content\/uploads\/2019\/01\/image-procedure-spanc-287x300.jpg 287w\" sizes=\"auto, (max-width: 604px) 100vw, 604px\" \/><\/h4>\n<h4 align=\"JUSTIFY\"><span style=\"color: #3366ff;\">LE CONTROLE PERIODIQUE DE BON FONCTIONNEMENT<\/span><\/h4>\n<p align=\"JUSTIFY\">Le SPANC assure un contr\u00f4le p\u00e9riodique de votre installation (tous les 10 ans &#8211; DCC N\u00b0 55\/2017)<\/p>\n<p align=\"JUSTIFY\">Comment pr\u00e9parer la visite du technicien ?<\/p>\n<ul>\n<li>\n<p align=\"JUSTIFY\">S\u2019assurer de l\u2019accessibilit\u00e9 des installations d\u2019assainissement non collectif (regard de visite, fosse, \u2026)<\/p>\n<\/li>\n<\/ul>\n<ul>\n<li>\n<p align=\"JUSTIFY\">Rechercher tout document concernant l\u2019installation (plan masse, acte notari\u00e9, facture de la derni\u00e8re vidange, dernier rapport, plans de l\u2019installation,\u2026)<\/p>\n<\/li>\n<\/ul>\n<h4 align=\"JUSTIFY\"><span style=\"color: #3366ff;\">POURQUOI UN CONTROLE PAYANT ?<\/span><\/h4>\n<p>Parce que le SPANC est un service public avec un budget propre financ\u00e9 directement par les usagers.<\/p>\n<p>La d\u00e9lib\u00e9ration du Conseil Communautaire fixant les montants actuels du SPANC est la DCC n\u00b0 65.22 datant du 19 d\u00e9cembre 2022.<\/p>\n<p>Les tarifs sont les suivants\u00a0:<\/p>\n<p><strong>Pour une installation existante\u00a0:<\/strong><\/p>\n<ul>\n<li>Contr\u00f4le de bon fonctionnement et d\u2019entretien : 260 \u20ac TTC<\/li>\n<\/ul>\n<p><strong>Pour une installation neuve ou \u00e0 r\u00e9habiliter\u00a0:<\/strong><\/p>\n<ul>\n<li>Contr\u00f4le de conception de l\u2019installation : 220 \u20ac TTC<\/li>\n<li>Contr\u00f4le de la bonne ex\u00e9cution de l\u2019installation : 220 \u20ac TTC<\/li>\n<li>Contre-visite, le cas \u00e9ch\u00e9ant : 260 \u20ac TTC<\/li>\n<\/ul>\n<p><strong>Pour une vente :<\/strong><\/p>\n<ul>\n<li>Contr\u00f4le en cas de vente : 440 \u20ac TTC<\/li>\n<\/ul>\n<p><strong>Les p\u00e9nalit\u00e9s<\/strong><\/p>\n<ul>\n<li>Pour obstacle mis \u00e0 l\u2019accomplissement des contr\u00f4les : 520 \u20ac TTC<\/li>\n<li>Pour absence ou mauvais \u00e9tat de fonctionnement de l\u2019installation : 520 \u20ac TTC<\/li>\n<\/ul>\n<p>&nbsp;<\/p>\n<p>Le recouvrement de la redevance d\u2019assainissement non collectif est assur\u00e9 par le Centre des finances publiques de Sisteron (Place De La R\u00e9publique \u2013 04200 Sisteron \/ 04 92 61 57 06).<\/p>\n<p align=\"JUSTIFY\">\n","protected":false},"excerpt":{"rendered":"<p>QU\u2019EST-CE-QUE L\u2019ASSAINISSEMENT NON COLLECTIF ? L\u2019assainissement non collectif, aussi appel\u00e9 assainissement individuel ou autonome, est une solution technique garantissant le traitement des eaux us\u00e9es (provenant des toilettes, de la cuisine, de la salle de bain et de la machine \u00e0 laver) avant rejet dans le milieu naturel pour les habitations non raccord\u00e9es \u00e0 un r\u00e9seau <a class=\"more-link\" href=\"https:\/\/ccjlvd.fr\/index.php\/environnement\/assainissement-non-collectif\/\">Lire plus &#8230;<\/a><\/p>\n","protected":false},"author":3,"featured_media":0,"parent":182,"menu_order":0,"comment_status":"closed","ping_status":"closed","template":"","meta":{"_crdt_document":"","jetpack_post_was_ever_published":false,"footnotes":""},"class_list":["post-190","page","type-page","status-publish","hentry"],"jetpack_sharing_enabled":true,"jetpack_shortlink":"https:\/\/wp.me\/Paa2VA-34","_links":{"self":[{"href":"https:\/\/ccjlvd.fr\/index.php\/wp-json\/wp\/v2\/pages\/190","targetHints":{"allow":["GET"]}}],"collection":[{"href":"https:\/\/ccjlvd.fr\/index.php\/wp-json\/wp\/v2\/pages"}],"about":[{"href":"https:\/\/ccjlvd.fr\/index.php\/wp-json\/wp\/v2\/types\/page"}],"author":[{"embeddable":true,"href":"https:\/\/ccjlvd.fr\/index.php\/wp-json\/wp\/v2\/users\/3"}],"replies":[{"embeddable":true,"href":"https:\/\/ccjlvd.fr\/index.php\/wp-json\/wp\/v2\/comments?post=190"}],"version-history":[{"count":28,"href":"https:\/\/ccjlvd.fr\/index.php\/wp-json\/wp\/v2\/pages\/190\/revisions"}],"predecessor-version":[{"id":5294,"href":"https:\/\/ccjlvd.fr\/index.php\/wp-json\/wp\/v2\/pages\/190\/revisions\/5294"}],"up":[{"embeddable":true,"href":"https:\/\/ccjlvd.fr\/index.php\/wp-json\/wp\/v2\/pages\/182"}],"wp:attachment":[{"href":"https:\/\/ccjlvd.fr\/index.php\/wp-json\/wp\/v2\/media?parent=190"}],"curies":[{"name":"wp","href":"https:\/\/api.w.org\/{rel}","templated":true}]}}