{"id":3545,"date":"2021-02-01T09:37:38","date_gmt":"2021-02-01T08:37:38","guid":{"rendered":"https:\/\/ccjlvd.fr\/?page_id=3545"},"modified":"2021-02-01T09:51:53","modified_gmt":"2021-02-01T08:51:53","slug":"peche-sur-le-jabron","status":"publish","type":"page","link":"https:\/\/ccjlvd.fr\/index.php\/peche-sur-le-jabron\/","title":{"rendered":"p\u00eache sur le jabron"},"content":{"rendered":"\n<figure class=\"wp-block-image size-large\"><img loading=\"lazy\" decoding=\"async\" width=\"1024\" height=\"507\" src=\"https:\/\/ccjlvd.fr\/wp-content\/uploads\/2021\/02\/cropped-AD04_003552-1-scaled-e1612169272115-1024x507.jpg\" alt=\"\" class=\"wp-image-3549\" srcset=\"https:\/\/ccjlvd.fr\/wp-content\/uploads\/2021\/02\/cropped-AD04_003552-1-scaled-e1612169272115-1024x507.jpg 1024w, https:\/\/ccjlvd.fr\/wp-content\/uploads\/2021\/02\/cropped-AD04_003552-1-scaled-e1612169272115-300x148.jpg 300w, https:\/\/ccjlvd.fr\/wp-content\/uploads\/2021\/02\/cropped-AD04_003552-1-scaled-e1612169272115-768x380.jpg 768w, https:\/\/ccjlvd.fr\/wp-content\/uploads\/2021\/02\/cropped-AD04_003552-1-scaled-e1612169272115-1536x760.jpg 1536w, https:\/\/ccjlvd.fr\/wp-content\/uploads\/2021\/02\/cropped-AD04_003552-1-scaled-e1612169272115-2048x1014.jpg 2048w\" sizes=\"auto, (max-width: 1024px) 100vw, 1024px\" \/><figcaption>P\u00eache \u00e0 la mouche dans la rivi\u00e8re Jabron au lever du soleil.<\/figcaption><\/figure>\n","protected":false},"excerpt":{"rendered":"","protected":false},"author":3,"featured_media":0,"parent":0,"menu_order":0,"comment_status":"closed","ping_status":"closed","template":"","meta":{"_crdt_document":"","jetpack_post_was_ever_published":false,"footnotes":""},"class_list":["post-3545","page","type-page","status-publish","hentry"],"jetpack_sharing_enabled":true,"jetpack_shortlink":"https:\/\/wp.me\/Paa2VA-Vb","_links":{"self":[{"href":"https:\/\/ccjlvd.fr\/index.php\/wp-json\/wp\/v2\/pages\/3545","targetHints":{"allow":["GET"]}}],"collection":[{"href":"https:\/\/ccjlvd.fr\/index.php\/wp-json\/wp\/v2\/pages"}],"about":[{"href":"https:\/\/ccjlvd.fr\/index.php\/wp-json\/wp\/v2\/types\/page"}],"author":[{"embeddable":true,"href":"https:\/\/ccjlvd.fr\/index.php\/wp-json\/wp\/v2\/users\/3"}],"replies":[{"embeddable":true,"href":"https:\/\/ccjlvd.fr\/index.php\/wp-json\/wp\/v2\/comments?post=3545"}],"version-history":[{"count":2,"href":"https:\/\/ccjlvd.fr\/index.php\/wp-json\/wp\/v2\/pages\/3545\/revisions"}],"predecessor-version":[{"id":3552,"href":"https:\/\/ccjlvd.fr\/index.php\/wp-json\/wp\/v2\/pages\/3545\/revisions\/3552"}],"wp:attachment":[{"href":"https:\/\/ccjlvd.fr\/index.php\/wp-json\/wp\/v2\/media?parent=3545"}],"curies":[{"name":"wp","href":"https:\/\/api.w.org\/{rel}","templated":true}]}}