{"id":4053,"date":"2022-02-01T15:22:50","date_gmt":"2022-02-01T14:22:50","guid":{"rendered":"https:\/\/ccjlvd.fr\/?page_id=4053"},"modified":"2025-02-10T14:04:58","modified_gmt":"2025-02-10T13:04:58","slug":"documents-urbanisme","status":"publish","type":"page","link":"https:\/\/ccjlvd.fr\/index.php\/territoire\/documents-urbanisme\/","title":{"rendered":"Documents urbanisme"},"content":{"rendered":"\r\n<h1 style=\"text-align: center;\"><strong>DEMANDE D&rsquo;AUTORISATION D&rsquo;URBANISME EN LIGNE\u00a0<br \/><\/strong><\/h1>\r\n\r\n\r\n\r\n<h5 style=\"text-align: center;\">Pour toutes demandes relevant de l&rsquo;urbanisme, nous vous conseillons de prendre attache aupr\u00e8s de la mairie concern\u00e9e. La comp\u00e9tence URBANISME est exerc\u00e9e par les communes de la CCJLVD. N\u00e9anmoins, vous trouverez ci-dessous des informations pouvant vous \u00eatre utiles dans vos d\u00e9marches.<\/h5>\r\n<hr \/>\r\n<p class=\"wp-block-paragraph\"><strong>Pour r\u00e9aliser vos d\u00e9marches d\u2019urbanisme, la commune met \u00e0 votre disposition <strong>un service en ligne, <\/strong>s\u00e9curis\u00e9, gratuit et accessible \u00e0 tout moment, o\u00f9 que vous soyez<\/strong>.<br \/>Avec ce service, vous n\u2019avez plus besoin de vous d\u00e9placer en mairie pour d\u00e9poser votre dossier, ni d\u2019envoyer vos demandes en courrier recommand\u00e9.<br \/>L\u2019utilisation de la t\u00e9l\u00e9proc\u00e9dure est facultative et gratuite mais tout d\u00e9p\u00f4t par voie \u00e9lectronique doit imp\u00e9rativement respecter les pr\u00e9sentes conditions g\u00e9n\u00e9rales. Cette proc\u00e9dure s\u2019adresse aux personnes physiques ainsi qu\u2019aux personnes morales. L\u2019usage de la langue fran\u00e7aise est <em>obligatoire<\/em>.<\/p>\r\n\r\n\r\n\r\n\r\n\r\n<p class=\"wp-block-paragraph\"><strong>Certificat d\u2019urbanisme, d\u00e9claration pr\u00e9alable de travaux, permis de construire, de d\u00e9molir, d\u2019am\u00e9nager : toutes ces demandes doivent faire l\u2019objet d\u2019une <span style=\"color: #ff0000;\">autorisation pr\u00e9alable d\u00e9livr\u00e9e par la commune avant d\u2019entreprendre les travaux<\/span>.<\/strong><\/p>\r\n\r\n\r\n\r\n\r\n\r\n<h2 class=\"wp-block-heading\" id=\"declaration-prealable\">&gt; D\u00e9claration Pr\u00e9alable<\/h2>\r\n\r\n\r\n\r\n<p class=\"wp-block-paragraph\">Certains travaux, constructions ou am\u00e9nagements ne n\u00e9cessitent pas de permis de construire mais sont soumis \u00e0 une <strong>D\u00e9claration Pr\u00e9alable (DP)<\/strong>. C\u2019est le cas, par exemple, pour :<\/p>\r\n<ul>\r\n<li>la r\u00e9fection d\u2019une toiture \u00e0 l\u2019identique,<\/li>\r\n<li>la pose d\u2019une cl\u00f4ture, d\u2019un portail,<\/li>\r\n<li>la pose d\u2019une piscine,<\/li>\r\n<li>la r\u00e9alisation d\u2019une construction dont l\u2019emprise au sol ou sa surface de plancher est <strong><em>inf\u00e9rieure \u00e0 20m\u00b2<\/em><\/strong>, le changement des menuiseries\u2026<\/li>\r\n<\/ul>\r\n<hr \/>\r\n\r\n\r\n<h2 class=\"wp-block-heading\" id=\"permis-de-construire\">&gt; Permis de Construire<\/h2>\r\n\r\n\r\n\r\n<p class=\"wp-block-paragraph\"><em>Le Permis de Construire (PC)<\/em> est un document administratif qui permet aux services comp\u00e9tents de v\u00e9rifier que le projet de construction respecte les r\u00e8gles d\u2019urbanisme en vigueur. Il concerne :<\/p>\r\n<ul>\r\n<li>toute construction nouvelle dont l\u2019emprise au sol ou la surface de plancher est <strong><em>sup\u00e9rieure \u00e0 20 m\u00b2<\/em><\/strong>,<\/li>\r\n<li>les travaux de changement de destination d\u2019un b\u00e2timent\u2026<\/li>\r\n<\/ul>\r\n\r\n\r\n\r\n<figure class=\"wp-block-table is-style-stripes\">\r\n<table class=\"has-fixed-layout\">\r\n<thead>\r\n<tr>\r\n<th><strong>Permis de Construire Modificatif<\/strong><\/th>\r\n<th>Permis d\u2019am\u00e9nager<\/th>\r\n<th><strong>Permis de d\u00e9molir<\/strong><\/th>\r\n<\/tr>\r\n<\/thead>\r\n<tbody>\r\n<tr>\r\n<td><br \/>Le b\u00e9n\u00e9ficiaire d\u2019un Permis de Construire en cours de validit\u00e9 peut, s\u2019il le souhaite, apporter des modifications \u00e0 son permis initial.<br \/>Ce Permis de Construire Modificatif (PM) peut \u00eatre d\u00e9pos\u00e9e \u00e0 tout moment, d\u00e8s l\u2019instant que la d\u00e9claration d\u2019ach\u00e8vement des travaux n\u2019est pas d\u00e9livr\u00e9e.<\/td>\r\n<td><br \/>Le Permis d\u2019am\u00e9nager (PA) est un document administratif qui permet aux services comp\u00e9tents de contr\u00f4ler les travaux, installations et am\u00e9nagements affectant l\u2019utilisation du sol lorsqu\u2019il s\u2019agit de la r\u00e9alisation d\u2019un lotissement.<\/td>\r\n<td>Permis de D\u00e9molir (PM) est obligatoire pour les travaux ayant pour objet de d\u00e9molir ou rendre inutilisable tout ou partie d\u2019une construction.<br \/>T\u00e9l\u00e9charger la demande de Permis de<\/td>\r\n<\/tr>\r\n<\/tbody>\r\n<\/table>\r\n<\/figure>\r\n\r\n\r\n<hr \/>\r\n<h2 class=\"wp-block-heading\" id=\"formulaire-cerfa-a-telecharger\">&gt; Formulaire Cerfa <a href=\"https:\/\/www.service-public.fr\/particuliers\/vosdroits\/N319\">\u00c0 T\u00e9l\u00e9charger<\/a><\/h2>\r\n\r\n\r\n\r\n<p class=\"wp-block-paragraph\">La plupart des formulaires Cerfa relatifs aux formalit\u00e9s d&rsquo;urbanisme ont \u00e9t\u00e9 mis \u00e0 jour pour prendre en compte la r\u00e9forme de la d\u00e9mat\u00e9rialisation ADS, entr\u00e9e en vigueur le 1<sup>er<\/sup>\u00a0janvier 2022 (<a href=\"https:\/\/www.legifrance.gouv.fr\/codes\/article_lc\/LEGIARTI000037667639\" target=\"_blank\" rel=\"noreferrer noopener\">C. urb., art. L. 423-3<\/a>\u00a0; <a href=\"https:\/\/www.legifrance.gouv.fr\/codes\/article_lc\/LEGIARTI000031367348\" target=\"_blank\" rel=\"noreferrer noopener\">CRPA, art. L. 112-8<\/a>).<\/p>\r\n<p><strong>Depuis le 1 Septembre 2022<\/strong>, les formulaires suivants ont \u00e9t\u00e9 adapt\u00e9s\u2009<\/p>\r\n\r\n\r\n\r\n\r\n\r\n<p class=\"wp-block-paragraph\">Sont \u00e9galement actualis\u00e9es la notice explicative pour les demandes de permis de construire, d&rsquo;am\u00e9nager, de d\u00e9molir et d\u00e9claration pr\u00e9alable (Cerfa 51434#09), et concernant la fiscalit\u00e9, la DENCI et sa notice d&rsquo;information pour prendre en compte la mesure relative \u00e0 l&rsquo;exon\u00e9ration des parkings verticaux applicable seulement \u00e0 la TA (et non pas \u00e0 la RAP) pour toute autorisation ou d\u00e9claration d&rsquo;urbanisme d\u00e9livr\u00e9e\/non oppos\u00e9e\/n\u00e9e de fa\u00e7on tacite \u00e0 compter du 01\/01\/2022\u00a0<br \/><br \/><\/p>\r\n\r\n\r\n\r\n<p class=\"wp-block-paragraph\">&nbsp;<\/p>\r\n","protected":false},"excerpt":{"rendered":"<p>DEMANDE D&rsquo;AUTORISATION D&rsquo;URBANISME EN LIGNE\u00a0 Pour toutes demandes relevant de l&rsquo;urbanisme, nous vous conseillons de prendre attache aupr\u00e8s de la mairie concern\u00e9e. La comp\u00e9tence URBANISME est exerc\u00e9e par les communes de la CCJLVD. N\u00e9anmoins, vous trouverez ci-dessous des informations pouvant vous \u00eatre utiles dans vos d\u00e9marches. Pour r\u00e9aliser vos d\u00e9marches d\u2019urbanisme, la commune met \u00e0 <a class=\"more-link\" href=\"https:\/\/ccjlvd.fr\/index.php\/territoire\/documents-urbanisme\/\">Lire plus &#8230;<\/a><\/p>\n","protected":false},"author":3,"featured_media":0,"parent":112,"menu_order":0,"comment_status":"closed","ping_status":"closed","template":"","meta":{"_crdt_document":"","jetpack_post_was_ever_published":false,"footnotes":""},"class_list":["post-4053","page","type-page","status-publish","hentry"],"jetpack_sharing_enabled":true,"jetpack_shortlink":"https:\/\/wp.me\/Paa2VA-13n","_links":{"self":[{"href":"https:\/\/ccjlvd.fr\/index.php\/wp-json\/wp\/v2\/pages\/4053","targetHints":{"allow":["GET"]}}],"collection":[{"href":"https:\/\/ccjlvd.fr\/index.php\/wp-json\/wp\/v2\/pages"}],"about":[{"href":"https:\/\/ccjlvd.fr\/index.php\/wp-json\/wp\/v2\/types\/page"}],"author":[{"embeddable":true,"href":"https:\/\/ccjlvd.fr\/index.php\/wp-json\/wp\/v2\/users\/3"}],"replies":[{"embeddable":true,"href":"https:\/\/ccjlvd.fr\/index.php\/wp-json\/wp\/v2\/comments?post=4053"}],"version-history":[{"count":31,"href":"https:\/\/ccjlvd.fr\/index.php\/wp-json\/wp\/v2\/pages\/4053\/revisions"}],"predecessor-version":[{"id":6495,"href":"https:\/\/ccjlvd.fr\/index.php\/wp-json\/wp\/v2\/pages\/4053\/revisions\/6495"}],"up":[{"embeddable":true,"href":"https:\/\/ccjlvd.fr\/index.php\/wp-json\/wp\/v2\/pages\/112"}],"wp:attachment":[{"href":"https:\/\/ccjlvd.fr\/index.php\/wp-json\/wp\/v2\/media?parent=4053"}],"curies":[{"name":"wp","href":"https:\/\/api.w.org\/{rel}","templated":true}]}}