{"id":497,"date":"2018-12-06T15:32:30","date_gmt":"2018-12-06T14:32:30","guid":{"rendered":"http:\/\/ccjlvd.jabron.org\/?page_id=497"},"modified":"2024-07-11T14:42:13","modified_gmt":"2024-07-11T12:42:13","slug":"salignac","status":"publish","type":"page","link":"https:\/\/ccjlvd.fr\/index.php\/territoire\/communes-2\/salignac\/","title":{"rendered":"Salignac"},"content":{"rendered":"\r\n<p class=\"wp-block-paragraph\" style=\"text-align: center;\"><strong>Salignac, est une commune de 650 habitants, au sud de Sisteron, au c\u0153ur des Alpes-de-Haute-Provence.<\/strong><\/p>\r\n<p style=\"text-align: left;\">La commun est situ\u00e9e \u00e0 517m d\u2019altitude, et surplombe la vall\u00e9e de la Durance. <br \/><br \/>Situ\u00e9 \u00e0 quelques kilom\u00e8tres au Sud de Sisteron, Salignac jouit d&rsquo;un emplacement tr\u00e8s facile et rapide d&rsquo;acc\u00e8s gr\u00e2ce \u00e0 l&rsquo;autoroute et la route Napol\u00e9on qui traverse la commune. <br \/><br \/>Avant m\u00eame d&rsquo;arriver \u00e0 Salignac, votre regard sera d&rsquo;abord attir\u00e9 par une belle petite chapelle qui domine le village et offre un superbe panorama sur tous les environs. Cette chapelle est l&rsquo;un des derniers vestiges du vieux village. En vous promenant dans le village, vous d\u00e9couvrirez la mairie, l&rsquo;\u00e9cole et la chapelle Sainte Th\u00e9r\u00e8se rassembl\u00e9s au centre. Vous aurez vite fait le tour du village, il abrite environ 600 habitants&#8230; <br \/><br \/>Autour du village de belles promenades sont \u00e0 faire, \u00e0 pied \u00e0 cheval ou \u00e0 v\u00e9lo vous d\u00e9couvrirez une nature authentique parfois dompt\u00e9e et cultiv\u00e9e par l&rsquo;homme ou au contraire compl\u00e8tement intacte et sauvage.<\/p>\r\n<p style=\"text-align: center;\">***<\/p>\r\n\r\n\r\n\r\n<figure class=\"wp-block-image size-large\"><img loading=\"lazy\" decoding=\"async\" class=\"wp-image-3349 aligncenter\" src=\"https:\/\/ccjlvd.fr\/wp-content\/uploads\/2020\/11\/IMG_1673.jpg\" alt=\"\" width=\"584\" height=\"438\" srcset=\"https:\/\/ccjlvd.fr\/wp-content\/uploads\/2020\/11\/IMG_1673.jpg 640w, https:\/\/ccjlvd.fr\/wp-content\/uploads\/2020\/11\/IMG_1673-300x225.jpg 300w\" sizes=\"auto, (max-width: 584px) 100vw, 584px\" \/><\/figure>\r\n\r\n\r\n\r\n<p class=\"wp-block-paragraph\">&nbsp;<\/p>\r\n\r\n\r\n\r\n<p class=\"wp-block-paragraph\">&nbsp;<\/p>\r\n\r\n\r\n\r\n<div class=\"wp-block-jetpack-tiled-gallery aligncenter is-style-rectangular\">\r\n<div class=\"tiled-gallery__gallery\">\r\n<div class=\"tiled-gallery__row\">\r\n<div class=\"tiled-gallery__col\" style=\"flex-basis: 44.54125%;\">\r\n<figure class=\"tiled-gallery__item\"><\/figure>\r\n<\/div>\r\n<div class=\"tiled-gallery__col\" style=\"flex-basis: 55.45875%;\">\r\n<figure class=\"tiled-gallery__item\"><\/figure>\r\n<\/div>\r\n<\/div>\r\n<\/div>\r\n<\/div>\r\n\r\n\r\n\r\n<p class=\"wp-block-paragraph\">&nbsp;<\/p>\r\n","protected":false},"excerpt":{"rendered":"<p>Salignac, est une commune de 650 habitants, au sud de Sisteron, au c\u0153ur des Alpes-de-Haute-Provence. La commun est situ\u00e9e \u00e0 517m d\u2019altitude, et surplombe la vall\u00e9e de la Durance. Situ\u00e9 \u00e0 quelques kilom\u00e8tres au Sud de Sisteron, Salignac jouit d&rsquo;un emplacement tr\u00e8s facile et rapide d&rsquo;acc\u00e8s gr\u00e2ce \u00e0 l&rsquo;autoroute et la route Napol\u00e9on qui traverse <a class=\"more-link\" href=\"https:\/\/ccjlvd.fr\/index.php\/territoire\/communes-2\/salignac\/\">Lire plus &#8230;<\/a><\/p>\n","protected":false},"author":3,"featured_media":0,"parent":1554,"menu_order":0,"comment_status":"closed","ping_status":"closed","template":"","meta":{"_crdt_document":"","jetpack_post_was_ever_published":false,"footnotes":""},"class_list":["post-497","page","type-page","status-publish","hentry"],"jetpack_sharing_enabled":true,"jetpack_shortlink":"https:\/\/wp.me\/Paa2VA-81","_links":{"self":[{"href":"https:\/\/ccjlvd.fr\/index.php\/wp-json\/wp\/v2\/pages\/497","targetHints":{"allow":["GET"]}}],"collection":[{"href":"https:\/\/ccjlvd.fr\/index.php\/wp-json\/wp\/v2\/pages"}],"about":[{"href":"https:\/\/ccjlvd.fr\/index.php\/wp-json\/wp\/v2\/types\/page"}],"author":[{"embeddable":true,"href":"https:\/\/ccjlvd.fr\/index.php\/wp-json\/wp\/v2\/users\/3"}],"replies":[{"embeddable":true,"href":"https:\/\/ccjlvd.fr\/index.php\/wp-json\/wp\/v2\/comments?post=497"}],"version-history":[{"count":26,"href":"https:\/\/ccjlvd.fr\/index.php\/wp-json\/wp\/v2\/pages\/497\/revisions"}],"predecessor-version":[{"id":5945,"href":"https:\/\/ccjlvd.fr\/index.php\/wp-json\/wp\/v2\/pages\/497\/revisions\/5945"}],"up":[{"embeddable":true,"href":"https:\/\/ccjlvd.fr\/index.php\/wp-json\/wp\/v2\/pages\/1554"}],"wp:attachment":[{"href":"https:\/\/ccjlvd.fr\/index.php\/wp-json\/wp\/v2\/media?parent=497"}],"curies":[{"name":"wp","href":"https:\/\/api.w.org\/{rel}","templated":true}]}}