{"id":5025,"date":"2023-08-30T21:46:47","date_gmt":"2023-08-30T19:46:47","guid":{"rendered":"https:\/\/ccjlvd.fr\/?page_id=5025"},"modified":"2025-01-07T15:47:08","modified_gmt":"2025-01-07T14:47:08","slug":"leader","status":"publish","type":"page","link":"https:\/\/ccjlvd.fr\/index.php\/leader\/","title":{"rendered":"Leader"},"content":{"rendered":"<p style=\"text-align: center;\"><span style=\"color: #ff9900;\"><strong>LE PROGRAMME LEADER SUR NOTRE TERRITOIRE<br \/>\n<\/strong><\/span><span style=\"color: #ff9900;\"><strong>Innovation, coop\u00e9ration et transition \u00e9cologique !<\/strong><\/span><\/p>\n<p><strong>Le programme LEADER 2023-2027<\/strong><\/p>\n<p>LEADER est l\u2019acronyme de \u00ab Liaisons Entre Actions de D\u00e9veloppement de l\u2019Economie Rurale \u00bb. C\u2019est un dispositif initi\u00e9 par la Commission Europ\u00e9enne, destin\u00e9 \u00e0 soutenir des actions innovantes port\u00e9es par des acteurs locaux, dans les territoires ruraux. Diff\u00e9rentes g\u00e9n\u00e9rations du programme se sont succ\u00e9d\u00e9es depuis maintenant 30 ans en France et ont imprim\u00e9 leurs marques dans chaque territoire, chaque village de France.<\/p>\n<p>En 2022, la Communaut\u00e9 de Communes Jabron-Lure-Van\u00e7on-Durance s\u2019est associ\u00e9e avec la Communaut\u00e9 de Communes du Sisteronais-Bu\u00ebch pour poursuivre le dispositif LEADER. Et c\u2019est en juin 2023 que la R\u00e9gion Sud nous a s\u00e9lectionn\u00e9 pour g\u00e9rer un Groupe d\u2019Action Locale (GAL) et nous a allou\u00e9 1\u00a0367\u00a0702 \u20ac pour animer et financer les projets sur la p\u00e9riode 2023-2027.<\/p>\n<p>Le LEADER 2023-2027, financ\u00e9 par le Fonds Europ\u00e9en Agricole de D\u00e9veloppement Rural (FEADER) sous l\u2019autorit\u00e9 de la R\u00e9gion SUD, succ\u00e8de \u00e0 cinq g\u00e9n\u00e9rations de programmes europ\u00e9ens qui visent \u00e0 exp\u00e9rimenter de nouvelles approches du d\u00e9veloppement rural.<\/p>\n<p><strong>La strat\u00e9gie LEADER<\/strong><\/p>\n<p>La strat\u00e9gie du GAL Sisteronais-Bu\u00ebch sur 2023-2027 repose sur deux axes\u00a0: l\u2019am\u00e9lioration de la qualit\u00e9 de vie sur le territoire dans le but d\u2019attirer des actifs qualifi\u00e9s d\u2019une part, et la transition \u00e9cologique du tissu \u00e9conomique d\u2019autre part. Elle\u00a0 vise \u00e0 accompagner toutes les transitions n\u00e9cessaires auquel le territoire doit et devra faire face\u00a0: \u00e9cologique, \u00e9nerg\u00e9tique, sociale, \u00e9conomique, num\u00e9rique\u2026<\/p>\n<p>Les modes d\u2019interventions choisis doivent permettre d\u2019am\u00e9liorer la solidit\u00e9 \u00e9conomique des entreprises et leur r\u00e9silience au changement climatique, pour assurer leur d\u00e9veloppement et la cr\u00e9ation d\u2019emplois. L\u2019am\u00e9lioration de la qualit\u00e9 de vie permettra d\u2019attirer des actifs qualifi\u00e9s qui pourront r\u00e9pondre aux besoins de main d\u2019\u0153uvre existants et futurs et qui pourront \u00e9galement porter de nouveaux projets sur le territoire. Ainsi, le territoire souhaite enclencher une dynamique vertueuse de transition.<\/p>\n<p>Le positionnement strat\u00e9gique vise \u00e0 faire du LEADER un catalyseur de la\u00a0 dynamique territoriale et de la transition \u00e9cologique :<\/p>\n<ul>\n<li>Renforcement des initiatives partag\u00e9es \u00ab public-public \u00bb, \u00ab public-priv\u00e9 \u00bb, \u00ab priv\u00e9- priv\u00e9 \u00bb.<\/li>\n<li>Consolidation des d\u00e9marches et des projets entrepris dans une logique durable. Cette derni\u00e8re se d\u00e9finit \u00e0 la fois dans la capacit\u00e9 \u00e0 prendre en compte les enjeux de transition (\u00e9cologique, \u00e9nerg\u00e9tique, sociologique et soci\u00e9tale) et \u00e9galement dans la capacit\u00e9 \u00e0 renforcer la solidit\u00e9 m\u00eame de la structure porteuse du projet.<\/li>\n<li>Recherche syst\u00e9matique d\u2019exp\u00e9riences, de pratiques, de savoir-faire r\u00e9ussis et ma\u00eetris\u00e9s autant sur les territoires que dans le cadre des projets de coop\u00e9ration.<\/li>\n<\/ul>\n<p>Cette strat\u00e9gie s\u2019inscrit dans les objectifs strat\u00e9giques prioritaires de la Politique Agricole Commune et se d\u00e9cline en <u>quatre objectifs sp\u00e9cifiques<\/u> qui sont\u00a0:<\/p>\n<p><a name=\"_Toc122681891\"><\/a><a name=\"_Toc115449184\"><\/a><strong>1 &#8211; Accompagner les acteurs du territoire dans la transition \u00e9cologique et \u00e9nerg\u00e9tique<\/strong> par du conseil, de la mise en relation et de l\u2019aide \u00e0 l\u2019investissement et \u00e0 la Recherche et D\u00e9veloppement, sur des th\u00e9matiques particuli\u00e8res telles que la promotion de l\u2019alimentation durable et locale, la facilitation de mobilit\u00e9s alternatives et le d\u00e9ploiement de projets d\u2019\u00e9cologie industrielle territoriale.<\/p>\n<p><a name=\"_Toc122681892\"><\/a><a name=\"_Toc115449185\"><\/a><strong>2 &#8211; Am\u00e9liorer la solidit\u00e9 du tissu \u00e9conomique local et la qualit\u00e9 des projets \u00e9conomiques<\/strong> en soutenant l\u2019\u00e9mergence d\u2019initiatives entrepreneuriales (\u00e9conomiques, sociales et\/ou publiques) et en favorisant l\u2019acc\u00e8s (donc la connaissance) \u00e0 l\u2019offre de services existantes.<\/p>\n<p><a name=\"_Toc122681893\"><\/a><a name=\"_Toc115449186\"><\/a><strong>3 &#8211; Rendre le territoire accueillant pour les actifs, les cr\u00e9ateurs d\u2019activit\u00e9s et d\u2019emplois<\/strong><strong>. <\/strong>Cette strat\u00e9gie d\u2019action vise \u00e0 cr\u00e9er les conditions pour que les actifs, les travailleurs qualifi\u00e9s, les cr\u00e9ateurs et les entrepreneurs aient envie de s\u2019installer sur le territoire, qu\u2019ils souhaitent y rester, et soient susceptibles d\u2019\u00eatre porteurs d\u2019initiatives.<\/p>\n<p><a name=\"_Toc122681894\"><\/a><a name=\"_Toc115449187\"><\/a><strong>4 &#8211; D\u00e9cloisonner les pratiques pour faciliter l\u2019innovation<\/strong><strong>\u00a0: <\/strong>La mobilisation optimum du territoire passe par la cr\u00e9ation de passerelles entre acteurs publics, priv\u00e9s et associatifs, la mise en \u0153uvre de moyens et de projets mutualis\u00e9s, et l\u2019exp\u00e9rimentation de nouvelles formes de gouvernance pour faire converger les initiatives citoyennes et publiques.<\/p>\n<p style=\"text-align: center;\"><span style=\"color: #ff9900;\"><strong>LES FICHES ACTIONS<\/strong><\/span><\/p>\n<p>Pour appliquer concr\u00e8tement ces objectifs strat\u00e9giques sur le territoire, le choix a \u00e9t\u00e9 fait d\u2019intervenir par deux fiches-actions\u00a0:<\/p>\n<p><strong>Fiche-action 1<\/strong><strong>: Soutenir la transition \u00e9cologique du tissu \u00e9conomique local<\/strong><\/p>\n<p>A travers cette intervention, il s\u2019agit de soutenir la transition \u00e9cologique et \u00e9nerg\u00e9tique du tissu \u00e9conomique du territoire. Cette transition repose en grande partie sur la recherche d\u2019\u00e9conomie de ressources dans la d\u00e9marche \u00ab\u00a0r\u00e9duire, r\u00e9utiliser et recycler\u00a0\u00bb de l&rsquo;\u00e9conomie circulaire.<a name=\"_Toc122681913\"><\/a><\/p>\n<p><strong>Fiche-action 2 <\/strong><strong>: Donner envie de bien vivre sur le territoire du GAL Sisteronais-Bu\u00ebch<\/strong><\/p>\n<p>Cette strat\u00e9gie souhaite positionner le Sisteronais-Bu\u00ebch en tant que territoire exemplaire du \u00ab\u00a0mieux vivre\u00a0\u00bb dont les initiatives fortes marqueront les esprits et lui permettra de rayonner dans toute l\u2019Europe. Ce positionnement vise \u00e0 faire apparaitre des projets exemplaires et innovants pour satisfaire des besoins indispensables tels que la sant\u00e9 ou la mobilit\u00e9 mais aussi \u00e0 soutenir des projets apportant la petite \u00e9tincelle qui fait de ce territoire un territoire unique.<\/p>\n<p style=\"text-align: center;\"><span style=\"color: #ff9900;\"><strong>LE GROUPE D\u2019ACTION LOCALE,<br \/>\n<\/strong><\/span><span style=\"color: #ff9900;\"><strong>au + pr\u00e8s du terrain, au + pr\u00e8s des besoins.<\/strong><\/span><\/p>\n<p><strong>Les membres du GAL<\/strong><\/p>\n<p>Le comit\u00e9 de programmation est compos\u00e9 de 18 titulaires et 18 suppl\u00e9ants, \u00e9lus et socioprofessionnels du territoire. C\u2019est l\u2019instance de gouvernance du Groupe d\u2019Action Locale. Son r\u00f4le est de garantir le bon d\u00e9ploiement de la strat\u00e9gie, notamment par la s\u00e9lection et la programmation des projets. Il se r\u00e9unit cinq fois par an en moyenne pour entendre les porteurs, s\u00e9lectionner les projets et \u00e9valuer l\u2019avanc\u00e9e du programme.<\/p>\n<p><strong>\u00a0\u00a0\u00a0\u00a0\u00a0\u00a0\u00a0\u00a0\u00a0\u00a0\u00a0 L\u2019\u00e9quipe technique<\/strong><\/p>\n<p>La cellule technique est charg\u00e9e de mettre en \u0153uvre le programme LEADER. Elle est compos\u00e9e d\u2019un animateur et d\u2019un gestionnaire qui accompagnent les porteurs depuis la d\u00e9finition de leur projet jusqu\u2019\u00e0 la demande de solde.<\/p>\n<p style=\"text-align: center;\"><span style=\"color: #ff9900;\"><strong>VOUS AVEZ UN PROJET\u00a0?<br \/>\n<\/strong><\/span><span style=\"color: #ff9900;\"><strong>Venez nous voir pour en parler\u00a0!<\/strong><\/span><\/p>\n<p>Vous pouvez prendre connaissance des appels \u00e0 propositions LEADER en cours et contacter l\u2019\u00e9quipe technique du GAL. Celle-ci vous accompagnera dans la formalisation de votre projet et votre recherche de financements.<\/p>\n<p><strong><u>Attention\u00a0: une rencontre avec l\u2019\u00e9quipe technique est obligatoire avant tout d\u00e9p\u00f4t d\u2019une fiche-projet\u00a0!<\/u><\/strong><\/p>\n<p style=\"text-align: center;\"><strong>Groupe d\u2019Action Locale LEADER<br \/>\n<\/strong><strong>1 place de la R\u00e9publique<br \/>\n<\/strong><strong>04200 SISTERON<\/strong><\/p>\n<p style=\"text-align: center;\"><strong>T\u00e9l. 04.92.31.27.52 \/ 06.28.58.31.91<br \/>\n<\/strong><strong>gal@sisteronais-buech.fr<\/strong><\/p>\n<p><strong><em>La coop\u00e9ration, un axe majeur de la strat\u00e9gie LEADER.<\/em><\/strong><\/p>\n<p>La dimension collective des projets est un axe majeur dans le plan d\u2019action du programme LEADER. Cette coop\u00e9ration pourra \u00eatre de 3 types\u00a0: locale, interterritoriale ou transnationale.<\/p>\n<p>En tant que \u00ab\u00a0territoires de transitions\u00a0\u00bb, le Sisteronais-Bu\u00ebch est particuli\u00e8rement bien situ\u00e9 pour envisager des dynamiques coop\u00e9ratives strat\u00e9giques avec d\u2019autres territoires \u00e0 proximit\u00e9 (04 et 05), mais s\u2019inscrit \u00e9galement dans des relations plus larges pour d\u00e9passer les fronti\u00e8res r\u00e9gionales ou nationales.<\/p>\n<p>Une attention particuli\u00e8re sera port\u00e9e \u00e0 la dimension coop\u00e9rative des projets pr\u00e9sent\u00e9s.<\/p>\n<p><img loading=\"lazy\" decoding=\"async\" class=\"wp-image-5028 alignleft\" src=\"https:\/\/ccjlvd.fr\/wp-content\/uploads\/2023\/08\/LEADER-Bandeau-logos-20221-300x63.png\" alt=\"\" width=\"424\" height=\"80\" \/><img loading=\"lazy\" decoding=\"async\" class=\"wp-image-5029 alignleft\" src=\"https:\/\/ccjlvd.fr\/wp-content\/uploads\/2023\/08\/Leader-logo-300x300.png\" alt=\"\" width=\"147\" height=\"116\" \/><\/p>\n","protected":false},"excerpt":{"rendered":"<p>LE PROGRAMME LEADER SUR NOTRE TERRITOIRE Innovation, coop\u00e9ration et transition \u00e9cologique ! Le programme LEADER 2023-2027 LEADER est l\u2019acronyme de \u00ab Liaisons Entre Actions de D\u00e9veloppement de l\u2019Economie Rurale \u00bb. C\u2019est un dispositif initi\u00e9 par la Commission Europ\u00e9enne, destin\u00e9 \u00e0 soutenir des actions innovantes port\u00e9es par des acteurs locaux, dans les territoires ruraux. Diff\u00e9rentes g\u00e9n\u00e9rations <a class=\"more-link\" href=\"https:\/\/ccjlvd.fr\/index.php\/leader\/\">Lire plus &#8230;<\/a><\/p>\n","protected":false},"author":3,"featured_media":0,"parent":0,"menu_order":8,"comment_status":"closed","ping_status":"closed","template":"","meta":{"_crdt_document":"","jetpack_post_was_ever_published":false,"footnotes":""},"class_list":["post-5025","page","type-page","status-publish","hentry"],"jetpack_sharing_enabled":true,"jetpack_shortlink":"https:\/\/wp.me\/Paa2VA-1j3","_links":{"self":[{"href":"https:\/\/ccjlvd.fr\/index.php\/wp-json\/wp\/v2\/pages\/5025","targetHints":{"allow":["GET"]}}],"collection":[{"href":"https:\/\/ccjlvd.fr\/index.php\/wp-json\/wp\/v2\/pages"}],"about":[{"href":"https:\/\/ccjlvd.fr\/index.php\/wp-json\/wp\/v2\/types\/page"}],"author":[{"embeddable":true,"href":"https:\/\/ccjlvd.fr\/index.php\/wp-json\/wp\/v2\/users\/3"}],"replies":[{"embeddable":true,"href":"https:\/\/ccjlvd.fr\/index.php\/wp-json\/wp\/v2\/comments?post=5025"}],"version-history":[{"count":18,"href":"https:\/\/ccjlvd.fr\/index.php\/wp-json\/wp\/v2\/pages\/5025\/revisions"}],"predecessor-version":[{"id":6285,"href":"https:\/\/ccjlvd.fr\/index.php\/wp-json\/wp\/v2\/pages\/5025\/revisions\/6285"}],"wp:attachment":[{"href":"https:\/\/ccjlvd.fr\/index.php\/wp-json\/wp\/v2\/media?parent=5025"}],"curies":[{"name":"wp","href":"https:\/\/api.w.org\/{rel}","templated":true}]}}