{"id":515,"date":"2018-12-06T15:55:46","date_gmt":"2018-12-06T14:55:46","guid":{"rendered":"http:\/\/ccjlvd.jabron.org\/?page_id=515"},"modified":"2024-07-11T14:23:29","modified_gmt":"2024-07-11T12:23:29","slug":"montfroc","status":"publish","type":"page","link":"https:\/\/ccjlvd.fr\/index.php\/territoire\/communes-2\/montfroc\/","title":{"rendered":"Montfroc"},"content":{"rendered":"\r\n<p class=\"wp-block-paragraph\" style=\"text-align: center;\"><strong><span style=\"font-family: 'Droid Sans', sans-serif; font-size: 20px;\">Seul village de la Dr\u00f4me au sein de la vall\u00e9e, Montfroc a su conserver une identit\u00e9 forte.<\/span><\/strong><\/p>\r\n\r\n\r\n\r\n<p class=\"wp-block-paragraph\">Nich\u00e9 en contrebas de la Tourette, avant dernier village de la vall\u00e9e lorsque l&rsquo;on se dirige vers l&rsquo;Ouest, Montfroc constitue une \u00e9tape de charme au coeur de la vall\u00e9e. Montfroc a la particularit\u00e9 d&rsquo;\u00eatre inacessible par la route depuis son propre d\u00e9partement, la Dr\u00f4me.<\/p>\r\n<p><img loading=\"lazy\" decoding=\"async\" class=\"wp-image-1084 aligncenter\" src=\"https:\/\/ccjlvd.fr\/wp-content\/uploads\/2019\/03\/dscn0261_200x1944.jpg\" alt=\"\" width=\"255\" height=\"191\" data-id=\"1084\" data-full-url=\"https:\/\/ccjlvd.fr\/wp-content\/uploads\/2019\/03\/dscn0261_200x1944.jpg\" data-link=\"https:\/\/ccjlvd.fr\/dscn0261_200x1944\/\" \/><\/p>\r\n<hr \/>\r\n\r\n\r\n<p style=\"text-align: center;\"><strong>Un peu d&rsquo;histoire\u00a0<\/strong><\/p>\r\n\r\n\r\n\r\n<p class=\"wp-block-paragraph\">Avant 1790, Montfroc \u00e9tait une communaut\u00e9 de l&rsquo;\u00e9lection de\u00a0Mont\u00e9limar, de la subd\u00e9l\u00e9gation et du bailliage du\u00a0Buis, formant une paroisse du dioc\u00e8se de\u00a0Sisteron.<br \/>Au point de vue f\u00e9odal, Montfroc \u00e9tait une terre patrimoniale des barons de M\u00e9vouillon, qui en dot\u00e8rent en 1247 une de leurs filles, mari\u00e9e chez les Adh\u00e9mar, lesquels soumirent cette terre au fief delphinal en 1337 et, cent cinquante ans plus tard, en dot\u00e8rent une de leurs filles, mari\u00e9e chez les Clermont-Montoison. Ceux-ci vendirent en 1540 Montfroc aux Du Puy, que rempla\u00e7aient d\u00e8s 1577 les B\u00e9ranger, qui furent eux-m\u00eames remplac\u00e9s par les Pontev\u00e9s en 1667. Cinq ans apr\u00e8s, cette terre appartenait aux la Tour-Gouvernet, qui en ont \u00e9t\u00e9 seigneurs jusqu&rsquo;\u00e0 la R\u00e9volution.<\/p>\r\n\r\n\r\n\r\n<p class=\"wp-block-paragraph\">Les habitants, les Monfrocoises et Montfrocois<\/p>\r\n\r\n\r\n\r\n<h3 class=\"wp-block-heading\">\u00c0 voir:<\/h3>\r\n\r\n\r\n\r\n<figure class=\"wp-block-table\">\r\n<table>\r\n<tbody>\r\n<tr>\r\n<td>\u2022 La Tourette,\u00a0maison forte\u00a0des XVe et XVIe si\u00e8cles, remani\u00e9e aux XVIIe et XVIIIe si\u00e8cles.<\/td>\r\n<\/tr>\r\n<\/tbody>\r\n<\/table>\r\n<\/figure>\r\n\r\n\r\n\r\n<p class=\"wp-block-paragraph\">&nbsp;<\/p>\r\n","protected":false},"excerpt":{"rendered":"<p>Seul village de la Dr\u00f4me au sein de la vall\u00e9e, Montfroc a su conserver une identit\u00e9 forte. Nich\u00e9 en contrebas de la Tourette, avant dernier village de la vall\u00e9e lorsque l&rsquo;on se dirige vers l&rsquo;Ouest, Montfroc constitue une \u00e9tape de charme au coeur de la vall\u00e9e. Montfroc a la particularit\u00e9 d&rsquo;\u00eatre inacessible par la route <a class=\"more-link\" href=\"https:\/\/ccjlvd.fr\/index.php\/territoire\/communes-2\/montfroc\/\">Lire plus &#8230;<\/a><\/p>\n","protected":false},"author":3,"featured_media":0,"parent":1554,"menu_order":0,"comment_status":"closed","ping_status":"closed","template":"","meta":{"_crdt_document":"","jetpack_post_was_ever_published":false,"footnotes":""},"class_list":["post-515","page","type-page","status-publish","hentry"],"jetpack_sharing_enabled":true,"jetpack_shortlink":"https:\/\/wp.me\/Paa2VA-8j","_links":{"self":[{"href":"https:\/\/ccjlvd.fr\/index.php\/wp-json\/wp\/v2\/pages\/515","targetHints":{"allow":["GET"]}}],"collection":[{"href":"https:\/\/ccjlvd.fr\/index.php\/wp-json\/wp\/v2\/pages"}],"about":[{"href":"https:\/\/ccjlvd.fr\/index.php\/wp-json\/wp\/v2\/types\/page"}],"author":[{"embeddable":true,"href":"https:\/\/ccjlvd.fr\/index.php\/wp-json\/wp\/v2\/users\/3"}],"replies":[{"embeddable":true,"href":"https:\/\/ccjlvd.fr\/index.php\/wp-json\/wp\/v2\/comments?post=515"}],"version-history":[{"count":20,"href":"https:\/\/ccjlvd.fr\/index.php\/wp-json\/wp\/v2\/pages\/515\/revisions"}],"predecessor-version":[{"id":5936,"href":"https:\/\/ccjlvd.fr\/index.php\/wp-json\/wp\/v2\/pages\/515\/revisions\/5936"}],"up":[{"embeddable":true,"href":"https:\/\/ccjlvd.fr\/index.php\/wp-json\/wp\/v2\/pages\/1554"}],"wp:attachment":[{"href":"https:\/\/ccjlvd.fr\/index.php\/wp-json\/wp\/v2\/media?parent=515"}],"curies":[{"name":"wp","href":"https:\/\/api.w.org\/{rel}","templated":true}]}}