{"id":530,"date":"2018-12-06T16:05:03","date_gmt":"2018-12-06T15:05:03","guid":{"rendered":"http:\/\/ccjlvd.jabron.org\/?page_id=530"},"modified":"2024-07-11T12:19:37","modified_gmt":"2024-07-11T10:19:37","slug":"aubignosc","status":"publish","type":"page","link":"https:\/\/ccjlvd.fr\/index.php\/territoire\/communes-2\/aubignosc\/","title":{"rendered":"Aubignosc"},"content":{"rendered":"\r\n<h2 class=\"wp-block-heading\" style=\"text-align: center;\">La commune d&rsquo;Aubignosc\u00a0<\/h2>\r\n\r\n\r\n\r\n\r\n\r\n<div id=\"pgc-8936-0-1\" class=\"panel-grid-cell\">\r\n<div id=\"panel-8936-0-1-0\" class=\"so-panel widget widget_sow-editor panel-first-child panel-last-child\" data-index=\"1\">\r\n<div class=\"so-widget-sow-editor so-widget-sow-editor-base\">\r\n<div class=\"siteorigin-widget-tinymce textwidget\">\r\n<p class=\"wp-block-paragraph\" style=\"text-align: center;\"><strong>***<\/strong><\/p>\r\n<\/div>\r\n<\/div>\r\n<\/div>\r\n<\/div>\r\n<p style=\"text-align: center;\"><span style=\"color: #333333;\"><strong>Aubignosc est une commune fran\u00e7aise situ\u00e9e dans le d\u00e9partement des Alpes de Haute Provence, r\u00e9gion Sud Provence Alpes C\u00f4tes d&rsquo;Azur.<\/strong><\/span><\/p>\r\n\r\n\r\n\r\n<figure class=\"wp-block-gallery-2 is-layout-flex wp-block-gallery-is-layout-flex\"><\/figure>\r\n\r\n\r\n\r\n\r\n\r\n<p class=\"wp-block-paragraph\"><img loading=\"lazy\" decoding=\"async\" width=\"1024\" height=\"245\" class=\"wp-image-1496 aligncenter\" src=\"https:\/\/ccjlvd.fr\/wp-content\/uploads\/2019\/06\/Aubignosc-1024x245.jpg\" alt=\"\" data-id=\"1496\" data-link=\"https:\/\/ccjlvd.fr\/index.php\/aubignosc\/aubignosc-2\/#main\" srcset=\"https:\/\/ccjlvd.fr\/wp-content\/uploads\/2019\/06\/Aubignosc-1024x245.jpg 1024w, https:\/\/ccjlvd.fr\/wp-content\/uploads\/2019\/06\/Aubignosc-300x72.jpg 300w, https:\/\/ccjlvd.fr\/wp-content\/uploads\/2019\/06\/Aubignosc-768x184.jpg 768w, https:\/\/ccjlvd.fr\/wp-content\/uploads\/2019\/06\/Aubignosc.jpg 1920w\" sizes=\"auto, (max-width: 1024px) 100vw, 1024px\" \/><\/p>\r\n\r\n\r\n\r\n<p class=\"wp-block-paragraph\">&nbsp;<\/p>\r\n","protected":false},"excerpt":{"rendered":"<p>La commune d&rsquo;Aubignosc\u00a0 *** Aubignosc est une commune fran\u00e7aise situ\u00e9e dans le d\u00e9partement des Alpes de Haute Provence, r\u00e9gion Sud Provence Alpes C\u00f4tes d&rsquo;Azur. &nbsp;<\/p>\n","protected":false},"author":3,"featured_media":0,"parent":1554,"menu_order":0,"comment_status":"closed","ping_status":"closed","template":"","meta":{"_crdt_document":"","jetpack_post_was_ever_published":false,"footnotes":""},"class_list":["post-530","page","type-page","status-publish","hentry"],"jetpack_sharing_enabled":true,"jetpack_shortlink":"https:\/\/wp.me\/Paa2VA-8y","_links":{"self":[{"href":"https:\/\/ccjlvd.fr\/index.php\/wp-json\/wp\/v2\/pages\/530","targetHints":{"allow":["GET"]}}],"collection":[{"href":"https:\/\/ccjlvd.fr\/index.php\/wp-json\/wp\/v2\/pages"}],"about":[{"href":"https:\/\/ccjlvd.fr\/index.php\/wp-json\/wp\/v2\/types\/page"}],"author":[{"embeddable":true,"href":"https:\/\/ccjlvd.fr\/index.php\/wp-json\/wp\/v2\/users\/3"}],"replies":[{"embeddable":true,"href":"https:\/\/ccjlvd.fr\/index.php\/wp-json\/wp\/v2\/comments?post=530"}],"version-history":[{"count":8,"href":"https:\/\/ccjlvd.fr\/index.php\/wp-json\/wp\/v2\/pages\/530\/revisions"}],"predecessor-version":[{"id":5908,"href":"https:\/\/ccjlvd.fr\/index.php\/wp-json\/wp\/v2\/pages\/530\/revisions\/5908"}],"up":[{"embeddable":true,"href":"https:\/\/ccjlvd.fr\/index.php\/wp-json\/wp\/v2\/pages\/1554"}],"wp:attachment":[{"href":"https:\/\/ccjlvd.fr\/index.php\/wp-json\/wp\/v2\/media?parent=530"}],"curies":[{"name":"wp","href":"https:\/\/api.w.org\/{rel}","templated":true}]}}