{"id":535,"date":"2018-12-06T16:08:31","date_gmt":"2018-12-06T15:08:31","guid":{"rendered":"http:\/\/ccjlvd.jabron.org\/?page_id=535"},"modified":"2026-04-14T10:16:57","modified_gmt":"2026-04-14T08:16:57","slug":"chateauneuf-val-st-donat","status":"publish","type":"page","link":"https:\/\/ccjlvd.fr\/index.php\/territoire\/communes-2\/chateauneuf-val-st-donat\/","title":{"rendered":"Ch\u00e2teauneuf Val-St-Donat"},"content":{"rendered":"\r\n<h2 style=\"text-align: center;\">La commune de Ch\u00e2teauneuf Val-St-Donat<\/h2>\r\n<p class=\"wp-block-paragraph\" style=\"text-align: center;\"><strong>***<\/strong><\/p>\r\n<p>A seulement 1 heure des premi\u00e8res stations de ski en hiver, des calanques et des plages de la M\u00e9diterran\u00e9e, Ch\u00e2teauneuf\u00a0 Val-St-Donat offre un v\u00e9ritable int\u00e9r\u00eat touristique.<br \/>Avec ses 300 jours d&rsquo;ensoleillement par an, ce village situ\u00e9 \u00e0 550 m d&rsquo;altitude, sur le versant sud de la montagne de Lure offre calme, d\u00e9tente et pour les amoureux de la nature, diverses randonn\u00e9es.<br \/>Entre for\u00eats de ch\u00eanes, garrigue et oliveraies, de jolis circuits vari\u00e9s permettent de voir une petite chapelle perdue dans les bois, de traverser les ruines du vieux village perch\u00e9 qui s&rsquo;appelait jadis, sous la r\u00e9volution, le Beau Vent de Lure.<br \/>De l\u00e0 haut, on embrasse tout le Val-St-Donat, la montagne de Lure, le D\u00e9voluy au nord et vers le sud on aper\u00e7oit Sainte Beaume et Sainte Victoire.<br \/>Au fil des balades, vous d\u00e9couvrirez de belles bories rondes en pierres s\u00e8ches, d&rsquo;anciennes bergeries, etc.<\/p>\r\n\r\n\r\n\r\n<figure class=\"wp-block-image is-resized\"><img loading=\"lazy\" decoding=\"async\" class=\"wp-image-1102 aligncenter\" src=\"http:\/\/ccjlvd.jabron.org\/wp-content\/uploads\/2019\/03\/2013-05-10-vieux-village-71-001_orig-2-1024x682.jpg\" alt=\"\" width=\"409\" height=\"272\" srcset=\"https:\/\/ccjlvd.fr\/wp-content\/uploads\/2019\/03\/2013-05-10-vieux-village-71-001_orig-2-1024x682.jpg 1024w, https:\/\/ccjlvd.fr\/wp-content\/uploads\/2019\/03\/2013-05-10-vieux-village-71-001_orig-2-300x200.jpg 300w, https:\/\/ccjlvd.fr\/wp-content\/uploads\/2019\/03\/2013-05-10-vieux-village-71-001_orig-2-768x512.jpg 768w, https:\/\/ccjlvd.fr\/wp-content\/uploads\/2019\/03\/2013-05-10-vieux-village-71-001_orig-2.jpg 1100w\" sizes=\"auto, (max-width: 409px) 100vw, 409px\" \/><\/figure>\r\n\r\n\r\n\r\n\r\n","protected":false},"excerpt":{"rendered":"<p>La commune de Ch\u00e2teauneuf Val-St-Donat *** A seulement 1 heure des premi\u00e8res stations de ski en hiver, des calanques et des plages de la M\u00e9diterran\u00e9e, Ch\u00e2teauneuf\u00a0 Val-St-Donat offre un v\u00e9ritable int\u00e9r\u00eat touristique.Avec ses 300 jours d&rsquo;ensoleillement par an, ce village situ\u00e9 \u00e0 550 m d&rsquo;altitude, sur le versant sud de la montagne de Lure offre <a class=\"more-link\" href=\"https:\/\/ccjlvd.fr\/index.php\/territoire\/communes-2\/chateauneuf-val-st-donat\/\">Lire plus &#8230;<\/a><\/p>\n","protected":false},"author":3,"featured_media":0,"parent":1554,"menu_order":0,"comment_status":"closed","ping_status":"closed","template":"","meta":{"_crdt_document":"","jetpack_post_was_ever_published":false,"footnotes":""},"class_list":["post-535","page","type-page","status-publish","hentry"],"jetpack_sharing_enabled":true,"jetpack_shortlink":"https:\/\/wp.me\/Paa2VA-8D","_links":{"self":[{"href":"https:\/\/ccjlvd.fr\/index.php\/wp-json\/wp\/v2\/pages\/535","targetHints":{"allow":["GET"]}}],"collection":[{"href":"https:\/\/ccjlvd.fr\/index.php\/wp-json\/wp\/v2\/pages"}],"about":[{"href":"https:\/\/ccjlvd.fr\/index.php\/wp-json\/wp\/v2\/types\/page"}],"author":[{"embeddable":true,"href":"https:\/\/ccjlvd.fr\/index.php\/wp-json\/wp\/v2\/users\/3"}],"replies":[{"embeddable":true,"href":"https:\/\/ccjlvd.fr\/index.php\/wp-json\/wp\/v2\/comments?post=535"}],"version-history":[{"count":14,"href":"https:\/\/ccjlvd.fr\/index.php\/wp-json\/wp\/v2\/pages\/535\/revisions"}],"predecessor-version":[{"id":7332,"href":"https:\/\/ccjlvd.fr\/index.php\/wp-json\/wp\/v2\/pages\/535\/revisions\/7332"}],"up":[{"embeddable":true,"href":"https:\/\/ccjlvd.fr\/index.php\/wp-json\/wp\/v2\/pages\/1554"}],"wp:attachment":[{"href":"https:\/\/ccjlvd.fr\/index.php\/wp-json\/wp\/v2\/media?parent=535"}],"curies":[{"name":"wp","href":"https:\/\/api.w.org\/{rel}","templated":true}]}}