{"id":540,"date":"2018-12-06T16:16:02","date_gmt":"2018-12-06T15:16:02","guid":{"rendered":"http:\/\/ccjlvd.jabron.org\/?page_id=540"},"modified":"2024-07-11T14:13:14","modified_gmt":"2024-07-11T12:13:14","slug":"montfort","status":"publish","type":"page","link":"https:\/\/ccjlvd.fr\/index.php\/territoire\/communes-2\/montfort\/","title":{"rendered":"Montfort"},"content":{"rendered":"\r\n<p class=\"wp-block-paragraph\" style=\"text-align: center;\"><strong>Montfort est une commune du d\u00e9partement des Alpes de Haute Provence<\/strong><\/p>\r\n<p style=\"text-align: center;\">***<br \/>\u00ab\u00a0Commune rurale de 349 habitants (recensement INSEE de 2016), Montfort s&rsquo;\u00e9tend sur la rive droite de la moyenne Durance \u00e0 500 m d&rsquo;altitude, aux confins du sisteronais et du pays de Forcalquier. Pittoresque village perch\u00e9, avec ses ruelles en escalier, son \u00e9glise romano-gothique du XVII\u00e8me si\u00e8cle et son ch\u00e2teau de 1574 remani\u00e9, il offre de beaux points de vue.<\/p>\r\n<p style=\"text-align: center;\">***<\/p>\r\n\r\n\r\n\r\n<figure class=\"wp-block-image\"><img loading=\"lazy\" decoding=\"async\" width=\"725\" height=\"220\" class=\"wp-image-1133\" src=\"http:\/\/ccjlvd.jabron.org\/wp-content\/uploads\/2019\/03\/wo43d79s2qqt76h.jpg\" alt=\"\" srcset=\"https:\/\/ccjlvd.fr\/wp-content\/uploads\/2019\/03\/wo43d79s2qqt76h.jpg 725w, https:\/\/ccjlvd.fr\/wp-content\/uploads\/2019\/03\/wo43d79s2qqt76h-300x91.jpg 300w\" sizes=\"auto, (max-width: 725px) 100vw, 725px\" \/><\/figure>\r\n\r\n\r\n\r\n\r\n\r\n\r\n\r\n<p class=\"wp-block-paragraph\">&nbsp;<\/p>\r\n","protected":false},"excerpt":{"rendered":"<p>Montfort est une commune du d\u00e9partement des Alpes de Haute Provence ***\u00ab\u00a0Commune rurale de 349 habitants (recensement INSEE de 2016), Montfort s&rsquo;\u00e9tend sur la rive droite de la moyenne Durance \u00e0 500 m d&rsquo;altitude, aux confins du sisteronais et du pays de Forcalquier. Pittoresque village perch\u00e9, avec ses ruelles en escalier, son \u00e9glise romano-gothique du <a class=\"more-link\" href=\"https:\/\/ccjlvd.fr\/index.php\/territoire\/communes-2\/montfort\/\">Lire plus &#8230;<\/a><\/p>\n","protected":false},"author":3,"featured_media":0,"parent":1554,"menu_order":0,"comment_status":"closed","ping_status":"closed","template":"","meta":{"_crdt_document":"","jetpack_post_was_ever_published":false,"footnotes":""},"class_list":["post-540","page","type-page","status-publish","hentry"],"jetpack_sharing_enabled":true,"jetpack_shortlink":"https:\/\/wp.me\/Paa2VA-8I","_links":{"self":[{"href":"https:\/\/ccjlvd.fr\/index.php\/wp-json\/wp\/v2\/pages\/540","targetHints":{"allow":["GET"]}}],"collection":[{"href":"https:\/\/ccjlvd.fr\/index.php\/wp-json\/wp\/v2\/pages"}],"about":[{"href":"https:\/\/ccjlvd.fr\/index.php\/wp-json\/wp\/v2\/types\/page"}],"author":[{"embeddable":true,"href":"https:\/\/ccjlvd.fr\/index.php\/wp-json\/wp\/v2\/users\/3"}],"replies":[{"embeddable":true,"href":"https:\/\/ccjlvd.fr\/index.php\/wp-json\/wp\/v2\/comments?post=540"}],"version-history":[{"count":9,"href":"https:\/\/ccjlvd.fr\/index.php\/wp-json\/wp\/v2\/pages\/540\/revisions"}],"predecessor-version":[{"id":5935,"href":"https:\/\/ccjlvd.fr\/index.php\/wp-json\/wp\/v2\/pages\/540\/revisions\/5935"}],"up":[{"embeddable":true,"href":"https:\/\/ccjlvd.fr\/index.php\/wp-json\/wp\/v2\/pages\/1554"}],"wp:attachment":[{"href":"https:\/\/ccjlvd.fr\/index.php\/wp-json\/wp\/v2\/media?parent=540"}],"curies":[{"name":"wp","href":"https:\/\/api.w.org\/{rel}","templated":true}]}}