{"id":554,"date":"2018-12-06T16:21:17","date_gmt":"2018-12-06T15:21:17","guid":{"rendered":"http:\/\/ccjlvd.jabron.org\/?page_id=554"},"modified":"2024-07-11T14:45:29","modified_gmt":"2024-07-11T12:45:29","slug":"sourribes","status":"publish","type":"page","link":"https:\/\/ccjlvd.fr\/index.php\/territoire\/communes-2\/sourribes\/","title":{"rendered":"Sourribes"},"content":{"rendered":"\r\n<div class=\"wp-block-group\">\r\n<div class=\"wp-block-group__inner-container is-layout-flow wp-block-group-is-layout-flow\">\r\n<figure class=\"wp-block-gallery columns-2 is-cropped wp-block-gallery-1 is-layout-flex wp-block-gallery-is-layout-flex\">\r\n<figure>\r\n<p style=\"text-align: center;\"><strong>Situ\u00e9 dans <a href=\"https:\/\/www.annuaire-mairie.fr\/departement-alpes-de-haute-provence.html\">le d\u00e9partement des Alpes-de-Haute-Provence<\/a> et <a href=\"https:\/\/www.annuaire-mairie.fr\/region-provence-alpes-cote-d-azur.html\">la r\u00e9gion de Provence-Alpes-C\u00f4te d&rsquo;Azur<\/a>. Ses habitants sont appel\u00e9s les Sourribois et les Sourriboises.<\/strong><\/p>\r\n<p style=\"text-align: center;\">***<\/p>\r\n<p style=\"text-align: left;\"><br \/>La commune s&rsquo;\u00e9tend sur 19,8 km\u00b2 et compte 179 habitants depuis le dernier recensement de la population datant de 2004. Avec une densit\u00e9 de 9,1 habitants par km\u00b2, Sourribes a connu une nette hausse de 29,7% de sa population par rapport \u00e0 1999.<br \/>Entour\u00e9 par les communes de <a href=\"https:\/\/www.annuaire-mairie.fr\/mairie-salignac-04.html\">Salignac<\/a>, <a href=\"https:\/\/www.annuaire-mairie.fr\/mairie-volonne.html\">Volonne<\/a> et <a href=\"https:\/\/www.annuaire-mairie.fr\/mairie-l-escale.html\">L&rsquo;Escale<\/a>, Sourribes est situ\u00e9 \u00e0 3 km au sud-est de <a href=\"https:\/\/www.annuaire-mairie.fr\/mairie-salignac-04.html\">Salignac<\/a> la plus grande ville des environs. <br \/>Situ\u00e9 \u00e0 500 m\u00e8tres d&rsquo;altitude, la <a href=\"https:\/\/www.annuaire-mairie.fr\/riviere-le-vanson.html\">Rivi\u00e8re Le Vanson<\/a> est le principal cours d&rsquo;eau qui traverse la commune de Sourribes.<\/p>\r\n<p style=\"text-align: center;\">***<\/p>\r\n\r\n\r\n<\/figure>\r\n<figure><img loading=\"lazy\" decoding=\"async\" width=\"500\" height=\"375\" class=\"wp-image-2621 aligncenter\" src=\"https:\/\/ccjlvd.fr\/wp-content\/uploads\/2019\/11\/sourribes-14995-1_w500.jpg\" alt=\"\" data-id=\"2621\" srcset=\"https:\/\/ccjlvd.fr\/wp-content\/uploads\/2019\/11\/sourribes-14995-1_w500.jpg 500w, https:\/\/ccjlvd.fr\/wp-content\/uploads\/2019\/11\/sourribes-14995-1_w500-300x225.jpg 300w\" sizes=\"auto, (max-width: 500px) 100vw, 500px\" \/><\/figure>\r\n<\/figure>\r\n<\/div>\r\n<\/div>\r\n\r\n\r\n\r\n<h2 class=\"wp-block-heading\">\u00a0<\/h2>\r\n\r\n\r\n\r\n<p class=\"wp-block-paragraph\">&nbsp;<\/p>\r\n","protected":false},"excerpt":{"rendered":"<p>\u00a0 &nbsp;<\/p>\n","protected":false},"author":3,"featured_media":0,"parent":1554,"menu_order":0,"comment_status":"closed","ping_status":"closed","template":"","meta":{"_crdt_document":"","jetpack_post_was_ever_published":false,"footnotes":""},"class_list":["post-554","page","type-page","status-publish","hentry"],"jetpack_sharing_enabled":true,"jetpack_shortlink":"https:\/\/wp.me\/Paa2VA-8W","_links":{"self":[{"href":"https:\/\/ccjlvd.fr\/index.php\/wp-json\/wp\/v2\/pages\/554","targetHints":{"allow":["GET"]}}],"collection":[{"href":"https:\/\/ccjlvd.fr\/index.php\/wp-json\/wp\/v2\/pages"}],"about":[{"href":"https:\/\/ccjlvd.fr\/index.php\/wp-json\/wp\/v2\/types\/page"}],"author":[{"embeddable":true,"href":"https:\/\/ccjlvd.fr\/index.php\/wp-json\/wp\/v2\/users\/3"}],"replies":[{"embeddable":true,"href":"https:\/\/ccjlvd.fr\/index.php\/wp-json\/wp\/v2\/comments?post=554"}],"version-history":[{"count":7,"href":"https:\/\/ccjlvd.fr\/index.php\/wp-json\/wp\/v2\/pages\/554\/revisions"}],"predecessor-version":[{"id":5947,"href":"https:\/\/ccjlvd.fr\/index.php\/wp-json\/wp\/v2\/pages\/554\/revisions\/5947"}],"up":[{"embeddable":true,"href":"https:\/\/ccjlvd.fr\/index.php\/wp-json\/wp\/v2\/pages\/1554"}],"wp:attachment":[{"href":"https:\/\/ccjlvd.fr\/index.php\/wp-json\/wp\/v2\/media?parent=554"}],"curies":[{"name":"wp","href":"https:\/\/api.w.org\/{rel}","templated":true}]}}