{"id":566,"date":"2018-12-06T16:34:07","date_gmt":"2018-12-06T15:34:07","guid":{"rendered":"http:\/\/ccjlvd.jabron.org\/?page_id=566"},"modified":"2024-07-11T14:33:56","modified_gmt":"2024-07-11T12:33:56","slug":"peipin","status":"publish","type":"page","link":"https:\/\/ccjlvd.fr\/index.php\/territoire\/communes-2\/peipin\/","title":{"rendered":"Peipin"},"content":{"rendered":"\r\n\r\n\r\n\r\n\r\n\r\n\r\n\r\n\r\n<p class=\"wp-block-paragraph\">Peipin est id\u00e9alement situ\u00e9 dans la vall\u00e9e de la Durance : \u00e0 \u00e9quidistance de Sisteron et de Ch\u00e2teau-Arnoux, \u00e0 l\u2019entr\u00e9e des bretelles de l\u2019autoroute A51, \u00e0 45 minutes d\u2019Aix-en-Provence et de sa gare TGV, \u00e0 une heure des stations de ski, du littoral m\u00e9diterran\u00e9en et de l\u2019a\u00e9roport Marseille-Provence.<\/p>\r\n\r\n\r\n\r\n<p class=\"wp-block-paragraph\">Peipin offre en outre une exceptionnelle qualit\u00e9 de vie avec de nombreux services (enfance-jeunesse, m\u00e9diath\u00e8que, bureau de poste, professionnels de sant\u00e9), plus de 70 commerces (proximit\u00e9, grande distribution, restauration), une offre d\u2019h\u00e9bergement de qualit\u00e9 (h\u00f4tels et g\u00eetes), ainsi qu\u2019un tissu associatif tr\u00e8s d\u00e9velopp\u00e9.<\/p>\r\n<p style=\"text-align: center;\">***<\/p>\r\n<p><img loading=\"lazy\" decoding=\"async\" class=\"size-full wp-image-5942 aligncenter\" src=\"https:\/\/ccjlvd.fr\/wp-content\/uploads\/2024\/07\/mairie-peipin-web.jpg\" alt=\"\" width=\"1000\" height=\"276\" srcset=\"https:\/\/ccjlvd.fr\/wp-content\/uploads\/2024\/07\/mairie-peipin-web.jpg 1000w, https:\/\/ccjlvd.fr\/wp-content\/uploads\/2024\/07\/mairie-peipin-web-300x83.jpg 300w, https:\/\/ccjlvd.fr\/wp-content\/uploads\/2024\/07\/mairie-peipin-web-768x212.jpg 768w\" sizes=\"auto, (max-width: 1000px) 100vw, 1000px\" \/><\/p>\r\n\r\n\r\n\r\n\r\n\r\n<p class=\"wp-block-paragraph\">&nbsp;<\/p>\r\n","protected":false},"excerpt":{"rendered":"<p>Peipin est id\u00e9alement situ\u00e9 dans la vall\u00e9e de la Durance : \u00e0 \u00e9quidistance de Sisteron et de Ch\u00e2teau-Arnoux, \u00e0 l\u2019entr\u00e9e des bretelles de l\u2019autoroute A51, \u00e0 45 minutes d\u2019Aix-en-Provence et de sa gare TGV, \u00e0 une heure des stations de ski, du littoral m\u00e9diterran\u00e9en et de l\u2019a\u00e9roport Marseille-Provence. Peipin offre en outre une exceptionnelle qualit\u00e9 <a class=\"more-link\" href=\"https:\/\/ccjlvd.fr\/index.php\/territoire\/communes-2\/peipin\/\">Lire plus &#8230;<\/a><\/p>\n","protected":false},"author":3,"featured_media":0,"parent":1554,"menu_order":0,"comment_status":"closed","ping_status":"closed","template":"","meta":{"_crdt_document":"","jetpack_post_was_ever_published":false,"footnotes":""},"class_list":["post-566","page","type-page","status-publish","hentry"],"jetpack_sharing_enabled":true,"jetpack_shortlink":"https:\/\/wp.me\/Paa2VA-98","_links":{"self":[{"href":"https:\/\/ccjlvd.fr\/index.php\/wp-json\/wp\/v2\/pages\/566","targetHints":{"allow":["GET"]}}],"collection":[{"href":"https:\/\/ccjlvd.fr\/index.php\/wp-json\/wp\/v2\/pages"}],"about":[{"href":"https:\/\/ccjlvd.fr\/index.php\/wp-json\/wp\/v2\/types\/page"}],"author":[{"embeddable":true,"href":"https:\/\/ccjlvd.fr\/index.php\/wp-json\/wp\/v2\/users\/3"}],"replies":[{"embeddable":true,"href":"https:\/\/ccjlvd.fr\/index.php\/wp-json\/wp\/v2\/comments?post=566"}],"version-history":[{"count":11,"href":"https:\/\/ccjlvd.fr\/index.php\/wp-json\/wp\/v2\/pages\/566\/revisions"}],"predecessor-version":[{"id":5939,"href":"https:\/\/ccjlvd.fr\/index.php\/wp-json\/wp\/v2\/pages\/566\/revisions\/5939"}],"up":[{"embeddable":true,"href":"https:\/\/ccjlvd.fr\/index.php\/wp-json\/wp\/v2\/pages\/1554"}],"wp:attachment":[{"href":"https:\/\/ccjlvd.fr\/index.php\/wp-json\/wp\/v2\/media?parent=566"}],"curies":[{"name":"wp","href":"https:\/\/api.w.org\/{rel}","templated":true}]}}