{"id":570,"date":"2018-12-06T16:36:13","date_gmt":"2018-12-06T15:36:13","guid":{"rendered":"http:\/\/ccjlvd.jabron.org\/?page_id=570"},"modified":"2024-07-11T14:02:59","modified_gmt":"2024-07-11T12:02:59","slug":"les-omergues","status":"publish","type":"page","link":"https:\/\/ccjlvd.fr\/index.php\/territoire\/communes-2\/les-omergues\/","title":{"rendered":"Les Omergues"},"content":{"rendered":"\r\n\r\n\r\n<p class=\"wp-block-paragraph\" style=\"text-align: center;\"><strong>Premier village de la vall\u00e9e d\u00e8s lors que nous l&rsquo;abordons par l&rsquo;ouest, les Omergues est le village culminant de la vall\u00e9e, l\u00e0 ou le Jabron prend sa source.<\/strong><\/p>\r\n\r\n\r\n\r\n<p class=\"wp-block-paragraph\">L&rsquo;altitude du village est comprise entre 789 et 1452m. C&rsquo;est la seconde commune, apr\u00e8s Noyers,\u00a0la plus \u00e9tendue du Jabron avec 3422 hectares.<br \/>Une partie de la commune,Villes\u00e8che est sise sur le plateau \u00e0 14 km du chef-lieu par le Col du N\u00e9gron.<br \/>La population des Omergues,\u00a0de la m\u00eame mani\u00e8re que l&rsquo;ensemble des villages de la vall\u00e9e,\u00a0atteint son\u00a0point culminant dans la premi\u00e8re moiti\u00e9 du 19 si\u00e8cle. Ils sont 797 en 1831.<\/p>\r\n\r\n\r\n\r\n<p class=\"wp-block-paragraph\">La localit\u00e9 appara\u00eet pour la premi\u00e8re fois dans les chartes en 1155. L\u2019ordre du Temple\u00a0y avait des biens, qui furent attribu\u00e9s \u00e0 l\u2019ordre des hospitaliers de Saint-Jean-de-J\u00e9rusalem.<br \/>Le nom du village, tel qu\u2019il appara\u00eet en\u00a01155\u00a0viendrait, sans certitude, de l\u2019occitan\u00a0<em>liso<\/em>\u00a0(limon) et\u00a0<em>marga<\/em>\u00a0(boue), qui aurait donn\u00e9\u00a0<em>lis Oumergue<\/em>, ou\u00a0<em>leis Amergue<\/em>, le\u00a0<em>lis<\/em>\u00a0ayant \u00e9t\u00e9 interpr\u00e9t\u00e9 comme un article. Le suffixe\u00a0<em>-enicis<\/em>\u00a0est une latinisation\u00a0post\u00e9rieure.<\/p>\r\n<p style=\"text-align: center;\"><strong>***<\/strong><\/p>\r\n<p><img loading=\"lazy\" decoding=\"async\" class=\" wp-image-5925 aligncenter\" src=\"https:\/\/ccjlvd.fr\/wp-content\/uploads\/2024\/07\/liste-pdfs_1614069285.jpg\" alt=\"\" width=\"596\" height=\"396\" srcset=\"https:\/\/ccjlvd.fr\/wp-content\/uploads\/2024\/07\/liste-pdfs_1614069285.jpg 640w, https:\/\/ccjlvd.fr\/wp-content\/uploads\/2024\/07\/liste-pdfs_1614069285-300x199.jpg 300w\" sizes=\"auto, (max-width: 596px) 100vw, 596px\" \/><\/p>\r\n\r\n\r\n\r\n\r\n\r\n\r\n\r\n\r\n\r\n<p class=\"wp-block-paragraph\">&nbsp;<\/p>\r\n","protected":false},"excerpt":{"rendered":"<p>Premier village de la vall\u00e9e d\u00e8s lors que nous l&rsquo;abordons par l&rsquo;ouest, les Omergues est le village culminant de la vall\u00e9e, l\u00e0 ou le Jabron prend sa source. L&rsquo;altitude du village est comprise entre 789 et 1452m. C&rsquo;est la seconde commune, apr\u00e8s Noyers,\u00a0la plus \u00e9tendue du Jabron avec 3422 hectares.Une partie de la commune,Villes\u00e8che est <a class=\"more-link\" href=\"https:\/\/ccjlvd.fr\/index.php\/territoire\/communes-2\/les-omergues\/\">Lire plus &#8230;<\/a><\/p>\n","protected":false},"author":3,"featured_media":0,"parent":1554,"menu_order":0,"comment_status":"closed","ping_status":"closed","template":"","meta":{"_crdt_document":"","jetpack_post_was_ever_published":false,"footnotes":""},"class_list":["post-570","page","type-page","status-publish","hentry"],"jetpack_sharing_enabled":true,"jetpack_shortlink":"https:\/\/wp.me\/Paa2VA-9c","_links":{"self":[{"href":"https:\/\/ccjlvd.fr\/index.php\/wp-json\/wp\/v2\/pages\/570","targetHints":{"allow":["GET"]}}],"collection":[{"href":"https:\/\/ccjlvd.fr\/index.php\/wp-json\/wp\/v2\/pages"}],"about":[{"href":"https:\/\/ccjlvd.fr\/index.php\/wp-json\/wp\/v2\/types\/page"}],"author":[{"embeddable":true,"href":"https:\/\/ccjlvd.fr\/index.php\/wp-json\/wp\/v2\/users\/3"}],"replies":[{"embeddable":true,"href":"https:\/\/ccjlvd.fr\/index.php\/wp-json\/wp\/v2\/comments?post=570"}],"version-history":[{"count":19,"href":"https:\/\/ccjlvd.fr\/index.php\/wp-json\/wp\/v2\/pages\/570\/revisions"}],"predecessor-version":[{"id":5928,"href":"https:\/\/ccjlvd.fr\/index.php\/wp-json\/wp\/v2\/pages\/570\/revisions\/5928"}],"up":[{"embeddable":true,"href":"https:\/\/ccjlvd.fr\/index.php\/wp-json\/wp\/v2\/pages\/1554"}],"wp:attachment":[{"href":"https:\/\/ccjlvd.fr\/index.php\/wp-json\/wp\/v2\/media?parent=570"}],"curies":[{"name":"wp","href":"https:\/\/api.w.org\/{rel}","templated":true}]}}