{"id":6687,"date":"2025-04-01T10:09:39","date_gmt":"2025-04-01T08:09:39","guid":{"rendered":"https:\/\/ccjlvd.fr\/?page_id=6687"},"modified":"2025-05-12T09:27:30","modified_gmt":"2025-05-12T07:27:30","slug":"economie-developpement-local","status":"publish","type":"page","link":"https:\/\/ccjlvd.fr\/index.php\/territoire\/associations\/economie-developpement-local\/","title":{"rendered":"\u00c9conomie &#038; D\u00e9veloppement local"},"content":{"rendered":"<h4><strong>SYNDICAT D&rsquo;INITIATIVE <\/strong><br \/>\n<strong>Pays Lure en Haute-Provence\u00a0<\/strong><\/h4>\n<p>Les Omergues &#8211; Catherine Chaland &#8211; 07 86 40 63 86 &#8211; <a href=\"mailto:info@lure-provence.fr\">info@lure-provence.fr<\/a> &#8211; <a href=\"https:\/\/www.lure-provence.com\/\">lure-provence.com<\/a> \u2013 Facebook \u00ab La Vall\u00e9e du Jabron \u00bb<br \/>\nObjet : Gestion et animation de la Maison de Pays aux Omergues. Soutien aux actions en faveur du tourisme et de la culture en partenariat avec les acteurs locaux, la valorisation de l&rsquo;artisanat local et des produits r\u00e9gionaux, l\u2019organisation d&rsquo;expositions et vente dans les locaux de la maison de pays, toutes manifestations susceptibles de valoriser le territoire de la Vall\u00e9e du Jabron<\/p>\n<hr \/>\n<h4><strong>LES SAVEURS DU JABRON\u00a0<\/strong><\/h4>\n<p>Noyers sur Jabron &#8211; Arlette MARTIN &#8211; 06 68 58 33 99 &#8211; <a href=\"mailto:lessaveursdujabron@gmail.com\">lessaveursdujabron@gmail.com<\/a><br \/>\nObjet : Mise en place de casiers alimentaires sur la commune et approvisionnement quotidien. Participation \u00e0 la dynamique du territoire en favorisant le lien social. Permettre une consommation locale, \u00e9thique et responsable. Mettre en valeur la qualit\u00e9 du territoire. Soutien aux producteurs adh\u00e9rents. Proposer \u00e0 la vente des produits alimentaires ou des produits de premi\u00e8re n\u00e9cessit\u00e9. La communication active sur les produits et les \u00e9v\u00e9nements des producteurs adh\u00e9rents.<\/p>\n<hr \/>\n<p><strong>LES AMIS DE LA FOIRE BIO DE MONTFROC\u00a0<\/strong><\/p>\n<p>Montfroc &#8211; <a href=\"mailto:asso.foirebio.montfroc@gmail.com\">asso.foirebio.montfroc@gmail.com<\/a> &#8211; foirebiomontfroc.wordpress.com \u2013 Facebook Foire Bio de Montfroc<br \/>\nObjet : Promouvoir l&rsquo;\u00e9conomie locale au travers d&rsquo;\u00e9v\u00e8nements \u00e9cologique, social et culturel ainsi que la valorisation de l&rsquo;agriculture biologique et le maintien du patrimoine dans la vall\u00e9e du Jabron.<\/p>\n","protected":false},"excerpt":{"rendered":"<p>SYNDICAT D&rsquo;INITIATIVE Pays Lure en Haute-Provence\u00a0 Les Omergues &#8211; Catherine Chaland &#8211; 07 86 40 63 86 &#8211; info@lure-provence.fr &#8211; lure-provence.com \u2013 Facebook \u00ab La Vall\u00e9e du Jabron \u00bb Objet : Gestion et animation de la Maison de Pays aux Omergues. Soutien aux actions en faveur du tourisme et de la culture en partenariat avec <a class=\"more-link\" href=\"https:\/\/ccjlvd.fr\/index.php\/territoire\/associations\/economie-developpement-local\/\">Lire plus &#8230;<\/a><\/p>\n","protected":false},"author":3,"featured_media":0,"parent":118,"menu_order":0,"comment_status":"closed","ping_status":"closed","template":"","meta":{"_crdt_document":"","jetpack_post_was_ever_published":false,"footnotes":""},"class_list":["post-6687","page","type-page","status-publish","hentry"],"jetpack_sharing_enabled":true,"jetpack_shortlink":"https:\/\/wp.me\/Paa2VA-1JR","_links":{"self":[{"href":"https:\/\/ccjlvd.fr\/index.php\/wp-json\/wp\/v2\/pages\/6687","targetHints":{"allow":["GET"]}}],"collection":[{"href":"https:\/\/ccjlvd.fr\/index.php\/wp-json\/wp\/v2\/pages"}],"about":[{"href":"https:\/\/ccjlvd.fr\/index.php\/wp-json\/wp\/v2\/types\/page"}],"author":[{"embeddable":true,"href":"https:\/\/ccjlvd.fr\/index.php\/wp-json\/wp\/v2\/users\/3"}],"replies":[{"embeddable":true,"href":"https:\/\/ccjlvd.fr\/index.php\/wp-json\/wp\/v2\/comments?post=6687"}],"version-history":[{"count":10,"href":"https:\/\/ccjlvd.fr\/index.php\/wp-json\/wp\/v2\/pages\/6687\/revisions"}],"predecessor-version":[{"id":6811,"href":"https:\/\/ccjlvd.fr\/index.php\/wp-json\/wp\/v2\/pages\/6687\/revisions\/6811"}],"up":[{"embeddable":true,"href":"https:\/\/ccjlvd.fr\/index.php\/wp-json\/wp\/v2\/pages\/118"}],"wp:attachment":[{"href":"https:\/\/ccjlvd.fr\/index.php\/wp-json\/wp\/v2\/media?parent=6687"}],"curies":[{"name":"wp","href":"https:\/\/api.w.org\/{rel}","templated":true}]}}