{"id":6692,"date":"2025-04-01T10:12:40","date_gmt":"2025-04-01T08:12:40","guid":{"rendered":"https:\/\/ccjlvd.fr\/?page_id=6692"},"modified":"2025-04-01T10:34:24","modified_gmt":"2025-04-01T08:34:24","slug":"education-formations","status":"publish","type":"page","link":"https:\/\/ccjlvd.fr\/index.php\/territoire\/associations\/education-formations\/","title":{"rendered":"\u00c9ducation &#038; formations"},"content":{"rendered":"<h4><strong>ENSEMBLE POUR PEIPIN\u00a0<\/strong><\/h4>\n<p>Peipin &#8211; Alexandra PUT &#8211; 06 88 33 83 54 &#8211; <a href=\"mailto:ensemblepourlecoledepeipin@gmail.com\">ensemblepourlecoledepeipin@gmail.com<\/a><\/p>\n<p>Objet : Association des parents d&rsquo;\u00e9l\u00e8ves<\/p>\n<hr \/>\n<h4><strong>UNIVERSITE DU TEMPS LIBRE\u00a0<\/strong><\/h4>\n<p>Peipin &#8211; Nicole IMBERT &#8211; 04 92 62 60 59 ou 04 92 62 44 53 &#8211; <a href=\"mailto:utlduranceprovence04@gmail.com\">utlduranceprovence04@gmail.com<\/a><\/p>\n<p>Objet : Cours et conf\u00e9rences<\/p>\n<hr \/>\n<h4><strong>VIVRE AVEC L&rsquo;\u00c9COLE\u00a0<\/strong><\/h4>\n<p>Salignac \u2013 C\u00e9cile MARTINEAU &#8211; 06 74 85 12 71<\/p>\n<p>Objet : Organiser au profit des \u00e9lev\u00e9s des \u00e9coles d&rsquo;entrepierres et de salignac, des activit\u00e9s extra et para-scolaires et accueil des enfants avec la responsabilit\u00e9 et la participation possible des parents.<\/p>\n","protected":false},"excerpt":{"rendered":"<p>ENSEMBLE POUR PEIPIN\u00a0 Peipin &#8211; Alexandra PUT &#8211; 06 88 33 83 54 &#8211; ensemblepourlecoledepeipin@gmail.com Objet : Association des parents d&rsquo;\u00e9l\u00e8ves UNIVERSITE DU TEMPS LIBRE\u00a0 Peipin &#8211; Nicole IMBERT &#8211; 04 92 62 60 59 ou 04 92 62 44 53 &#8211; utlduranceprovence04@gmail.com Objet : Cours et conf\u00e9rences VIVRE AVEC L&rsquo;\u00c9COLE\u00a0 Salignac \u2013 C\u00e9cile MARTINEAU <a class=\"more-link\" href=\"https:\/\/ccjlvd.fr\/index.php\/territoire\/associations\/education-formations\/\">Lire plus &#8230;<\/a><\/p>\n","protected":false},"author":3,"featured_media":0,"parent":118,"menu_order":0,"comment_status":"closed","ping_status":"closed","template":"","meta":{"_crdt_document":"","jetpack_post_was_ever_published":false,"footnotes":""},"class_list":["post-6692","page","type-page","status-publish","hentry"],"jetpack_sharing_enabled":true,"jetpack_shortlink":"https:\/\/wp.me\/Paa2VA-1JW","_links":{"self":[{"href":"https:\/\/ccjlvd.fr\/index.php\/wp-json\/wp\/v2\/pages\/6692","targetHints":{"allow":["GET"]}}],"collection":[{"href":"https:\/\/ccjlvd.fr\/index.php\/wp-json\/wp\/v2\/pages"}],"about":[{"href":"https:\/\/ccjlvd.fr\/index.php\/wp-json\/wp\/v2\/types\/page"}],"author":[{"embeddable":true,"href":"https:\/\/ccjlvd.fr\/index.php\/wp-json\/wp\/v2\/users\/3"}],"replies":[{"embeddable":true,"href":"https:\/\/ccjlvd.fr\/index.php\/wp-json\/wp\/v2\/comments?post=6692"}],"version-history":[{"count":3,"href":"https:\/\/ccjlvd.fr\/index.php\/wp-json\/wp\/v2\/pages\/6692\/revisions"}],"predecessor-version":[{"id":6736,"href":"https:\/\/ccjlvd.fr\/index.php\/wp-json\/wp\/v2\/pages\/6692\/revisions\/6736"}],"up":[{"embeddable":true,"href":"https:\/\/ccjlvd.fr\/index.php\/wp-json\/wp\/v2\/pages\/118"}],"wp:attachment":[{"href":"https:\/\/ccjlvd.fr\/index.php\/wp-json\/wp\/v2\/media?parent=6692"}],"curies":[{"name":"wp","href":"https:\/\/api.w.org\/{rel}","templated":true}]}}