{"id":6694,"date":"2025-04-01T10:13:02","date_gmt":"2025-04-01T08:13:02","guid":{"rendered":"https:\/\/ccjlvd.fr\/?page_id=6694"},"modified":"2025-04-03T09:30:09","modified_gmt":"2025-04-03T07:30:09","slug":"environnement-et-patrimoine","status":"publish","type":"page","link":"https:\/\/ccjlvd.fr\/index.php\/territoire\/associations\/environnement-et-patrimoine\/","title":{"rendered":"Environnement et patrimoine"},"content":{"rendered":"<h4><strong>ASSOCIATION JABRON EQUARRISSAGE\u00a0<\/strong><\/h4>\n<p>Noyers sur Jabron &#8211; Arlette MARTIN &#8211; 06 68 58 33 99<br \/>\nObjet : Surveillance et nettoyage courant du caisson d&rsquo;\u00e9quarrissage de Noyers sur Jabron<\/p>\n<hr \/>\n<h4><strong>ASSOCIATION POUR LA PROTECTION DU PATRIMOINE DE NOYERS SUR JABRON\u00a0<\/strong><\/h4>\n<p>Noyers sur Jabron &#8211; Eliette RICHAUD &#8211; 06 80 71 85 59 &#8211; <a href=\"mailto:assoc.patrimoine.noyers@gmail.com\">assoc.patrimoine.noyers@gmail.com<\/a><br \/>\nObjet : \u0153uvrer pour la mise en valeur, la restauration et l&rsquo;entretien de tout le patrimoine culturel et cultuel de la commune de Noyers sur Jabron<\/p>\n<hr \/>\n<h4><strong>LES PORTES DU JABRON\u00a0<\/strong><\/h4>\n<p>Peipin &#8211; Andr\u00e9e ORTTNER &#8211; 04 92 62 48 78 ou 06 63 26 83 20 &#8211; <a href=\"mailto:andree.orttner@orange.fr\">andree.orttner@orange.fr<\/a> ou <a href=\"mailto:jacques.orttner@aliceadsl.fr\">jacques.orttner@aliceadsl.fr<\/a><br \/>\nObjet : G\u00e9rer et animer le patrimoine local<\/p>\n<hr \/>\n<h4><strong>LES AMIS DE PALEOGALERIE\u00a0<\/strong><\/h4>\n<p>Salignac \u2013 06 80 78 98 78 &#8211; <a href=\"mailto:paleogalerie@orange.fr\">paleogalerie@orange.fr<\/a><br \/>\nObjet : Promotion et diffusion de fossiles et de tout ce qui a trait \u00e0 la pal\u00e9ontologie aupr\u00e8s du grand public \u00e0 partir de collections publiques et priv\u00e9es.<\/p>\n<hr \/>\n<h4><strong>DANZA LUMBRA\u00a0<\/strong><\/h4>\n<p>Curel \u2013 0667144472 &#8211; <a href=\"mailto:danzalumbra@gmail.com\">danzalumbra@gmail.com<\/a><br \/>\nObjet : M\u00e9langer l&rsquo;art et la permaculture<\/p>\n<hr \/>\n<h4><strong>SAUVEGARDE DE SAINT-CLAIR\u00a0<\/strong><\/h4>\n<p>Montfroc &#8211; Robert PASERO &#8211; 06 62 75 11 71<br \/>\nObjet\u00a0: sauvegarde, conservation et promotion de l&rsquo;\u00e9l\u00e9ment du patrimoine montfrocois notamment de l&rsquo;\u00e9glise Saint Clair dans la commune de Montfroc<\/p>\n","protected":false},"excerpt":{"rendered":"<p>ASSOCIATION JABRON EQUARRISSAGE\u00a0 Noyers sur Jabron &#8211; Arlette MARTIN &#8211; 06 68 58 33 99 Objet : Surveillance et nettoyage courant du caisson d&rsquo;\u00e9quarrissage de Noyers sur Jabron ASSOCIATION POUR LA PROTECTION DU PATRIMOINE DE NOYERS SUR JABRON\u00a0 Noyers sur Jabron &#8211; Eliette RICHAUD &#8211; 06 80 71 85 59 &#8211; assoc.patrimoine.noyers@gmail.com Objet : \u0153uvrer <a class=\"more-link\" href=\"https:\/\/ccjlvd.fr\/index.php\/territoire\/associations\/environnement-et-patrimoine\/\">Lire plus &#8230;<\/a><\/p>\n","protected":false},"author":3,"featured_media":0,"parent":118,"menu_order":0,"comment_status":"closed","ping_status":"closed","template":"","meta":{"_crdt_document":"","jetpack_post_was_ever_published":false,"footnotes":""},"class_list":["post-6694","page","type-page","status-publish","hentry"],"jetpack_sharing_enabled":true,"jetpack_shortlink":"https:\/\/wp.me\/Paa2VA-1JY","_links":{"self":[{"href":"https:\/\/ccjlvd.fr\/index.php\/wp-json\/wp\/v2\/pages\/6694","targetHints":{"allow":["GET"]}}],"collection":[{"href":"https:\/\/ccjlvd.fr\/index.php\/wp-json\/wp\/v2\/pages"}],"about":[{"href":"https:\/\/ccjlvd.fr\/index.php\/wp-json\/wp\/v2\/types\/page"}],"author":[{"embeddable":true,"href":"https:\/\/ccjlvd.fr\/index.php\/wp-json\/wp\/v2\/users\/3"}],"replies":[{"embeddable":true,"href":"https:\/\/ccjlvd.fr\/index.php\/wp-json\/wp\/v2\/comments?post=6694"}],"version-history":[{"count":4,"href":"https:\/\/ccjlvd.fr\/index.php\/wp-json\/wp\/v2\/pages\/6694\/revisions"}],"predecessor-version":[{"id":6753,"href":"https:\/\/ccjlvd.fr\/index.php\/wp-json\/wp\/v2\/pages\/6694\/revisions\/6753"}],"up":[{"embeddable":true,"href":"https:\/\/ccjlvd.fr\/index.php\/wp-json\/wp\/v2\/pages\/118"}],"wp:attachment":[{"href":"https:\/\/ccjlvd.fr\/index.php\/wp-json\/wp\/v2\/media?parent=6694"}],"curies":[{"name":"wp","href":"https:\/\/api.w.org\/{rel}","templated":true}]}}