{"id":6696,"date":"2025-04-01T10:07:46","date_gmt":"2025-04-01T08:07:46","guid":{"rendered":"https:\/\/ccjlvd.fr\/?page_id=6696"},"modified":"2025-08-12T16:39:05","modified_gmt":"2025-08-12T14:39:05","slug":"loisirs-et-vie-sociale","status":"publish","type":"page","link":"https:\/\/ccjlvd.fr\/index.php\/territoire\/associations\/loisirs-et-vie-sociale\/","title":{"rendered":"Loisirs et vie sociale"},"content":{"rendered":"<h4><strong>LES OMERGUES, COEUR DE VIE <\/strong><br \/>\n<strong>Comit\u00e9 d\u2019animations et de la culture<\/strong><\/h4>\n<p>Les Omergues &#8211; Gael DEBRE &#8211; 06 99 15 01 64 ou 04 92 62 06 21 &#8211; <a href=\"http:\/\/www.les-omergues.com\/\">les-omergues.com<\/a><br \/>\nObjet : Organiser, coordonner, promouvoir, le d\u00e9veloppement ou l&rsquo;accompagnement d&rsquo;initiatives ou d&rsquo;animations en tous genres : culturel, festif, sportif, social, caritatif. Ces manifestations pourront \u00eatre tant foraines que s\u00e9dentaires.<\/p>\n<hr \/>\n<h4><strong>ANIMONS BEVONS<\/strong><br \/>\n<strong>Comit\u00e9 des f\u00eates de Bevons<\/strong><\/h4>\n<p>Bevons \u2013 Margot MALLET &#8211; <a href=\"mailto:animonsbevons@gmail.com\">animonsbevons@gmail.com<\/a> \u2013 Facebook \u00ab Animons Bevons \u00bb &#8211; Instagram @animonsbevons<br \/>\nObjet : F\u00e9d\u00e9rer les habitants du village de tout \u00e2ge autour de diverses activit\u00e9s, faciliter les \u00e9changes et rencontres, animer le village.<\/p>\n<hr \/>\n<h4><strong>ANAKHYA, YOGA ET SPIRITUALITE\u00a0<\/strong><\/h4>\n<p>Noyers sur Jabron &#8211; Elisabeth DANJOU &#8211; 06 28 46 24 63 &#8211; <a href=\"mailto:lisa@manolaya.org\">lisa@manolaya.org<\/a><br \/>\nObjet : Cette association a pour objet l&rsquo;enseignement du yoga, la formation autour de la discipline, l&rsquo;organisation de s\u00e9jours, de stages et autres manifestations concernant le yoga<\/p>\n<hr \/>\n<h4><strong>COMITE DES FETES DE NOYERS SUR JABRON\u00a0<\/strong><\/h4>\n<p>Noyers sur Jabron &#8211; Meddy BOUCHET &#8211; 06 99 18 22 26<br \/>\nObjet : Pr\u00e9paration et organisation de r\u00e9jouissances a l&rsquo;occasion des f\u00eates traditionnelles sur le territoire de la commune<\/p>\n<hr \/>\n<h4><strong>AGAP\u00c9\u00a0<\/strong><\/h4>\n<p>Noyers sur Jabron \u2013 Dominique EMMANUEL &#8211; 06 74 50 52 11 &#8211; <a href=\"mailto:dominique.emmanuel04@gmail.com\">dominique.emmanuel04@gmail.com<\/a><br \/>\nObjet : Cours de guitare<\/p>\n<hr \/>\n<h4><strong>LES JEUX BRONNAISES\u00a0<\/strong><\/h4>\n<p>Noyers sur Jabron &#8211; Audrey CHADEBEC &#8211; 06 13 51 18 40 &#8211; <a href=\"mailto:jeux.bronnaises@gmail.com\">jeux.bronnaises@gmail.com<\/a><br \/>\nObjet : De r\u00e9unir des personnes de tout \u00e2ge autour de jeux, de moment de rencontres interg\u00e9n\u00e9rationnelles autour du jeu, participer \u00e0 des festivals de jeux, ou autres manifestations autour du jeu, organisation d&rsquo;\u00e9v\u00e9nement, pr\u00eat et location de jeux de soci\u00e9t\u00e9.<\/p>\n<hr \/>\n<h4><strong>LES AMIS DE LA DANSE<\/strong><\/h4>\n<p>Peipin &#8211; Philippe IMBERT &#8211; 04 92 62 41 85 ou 06 47 95 09 32 &#8211; <a href=\"mailto:pjil.imbert@free.fr\">pjil.imbert@free.fr<\/a><br \/>\nObjet : Danse de salon, rock<\/p>\n<hr \/>\n<h4><strong>PALETTE PEIPINOISE\u00a0<\/strong><\/h4>\n<p>Peipin &#8211; Sylvie MONTEROSSO &#8211; 04 92 62 53 64 ou 06 50 66 91 36 &#8211; <a href=\"mailto:lapalettepeipinoise@gmail.com\">lapalettepeipinoise@gmail.com<\/a><br \/>\nObjet : Peinture et couture<\/p>\n<hr \/>\n<h4><strong>COMITE DES FETES DE PEIPIN\u00a0<\/strong><\/h4>\n<p>Peipin &#8211; C\u00e9dric COIMET &#8211; 06 41 25 81 13 ou 07 50 69 42 14 &#8211; <a href=\"mailto:magnoli.babeth@orange.fr\">magnoli.babeth@orange.fr<\/a><\/p>\n<hr \/>\n<h4><strong>PEIPIN EN FETE\u00a0<\/strong><\/h4>\n<p>Peipin &#8211; Violaine LECOMPERE &#8211; 06 22 04 73 36 &#8211; <a href=\"mailto:violecompere@orange.fr\">violecompere@orange.fr<\/a><\/p>\n<hr \/>\n<h4><strong>CLUB DE L&rsquo;AGE D&rsquo;OR\u00a0<\/strong><\/h4>\n<p>Peipin &#8211; Josiane RICARD &#8211; 04 92 62 49 36<\/p>\n<hr \/>\n<h4><strong>LE CERCLE DE VALBELLE\u00a0<\/strong><\/h4>\n<p>Valbelle \u2013 06 60 15 27 75 &#8211; <a href=\"mailto:cerclevalbelle@gmail.com\">cerclevalbelle@gmail.com<\/a><br \/>\nObjet : L&rsquo;association organise des animations au sein du village, telles que f\u00eates diverses, soir\u00e9es, spectacles, et autres animations.<\/p>\n<hr \/>\n<h4><strong>COMITE DES FETES DE SALIGNAC\u00a0<\/strong><\/h4>\n<p>Salignac \u2013 06 95 58 53 30 &#8211; <a href=\"mailto:cdfsalignac@gmail.com\">cdfsalignac@gmail.com<\/a><br \/>\nObjet : Animer la commune par l&rsquo;organisation ou la participation aux f\u00eates, repas et autres manifestations d&rsquo;ordre culturels, \u00e9ducatifs, sociales et festives.<\/p>\n<hr \/>\n<h4><strong>L&rsquo;ART DE VIVRE &#8211; LE PAPOTIN<\/strong><\/h4>\n<p>Saint Vincent sur Jabron \u2013 <a href=\"mailto:lepapotin-infos@orange.fr\">lepapotin-infos@orange.fr<\/a> &#8211; lepapotin-cafe-asso.jimdofree.com \u2013 Facebook Le Papotin<br \/>\nObjet : Caf\u00e9 associatif\/ Lieu de convivialit\u00e9 et d&rsquo;animation pour les habitants de la vall\u00e9e et d&rsquo;ailleurs<\/p>\n<hr \/>\n<h4><strong>ALI\u00c9NOR LAB\u00a0<\/strong><\/h4>\n<p>Curel \u2013 04 92 62 06 80- <a href=\"mailto:alienor@les-autres.com\">alienor@les-autres.com<\/a> &#8211; alienor.les-autres.com<br \/>\nObjet : Stages de peinture<\/p>\n<hr \/>\n<h4><strong>LE K&rsquo;LIB<\/strong><\/h4>\n<p>Montfroc &#8211; 06 49 63 79 41<br \/>\nObjet : Caf\u00e9 associatif, librairie et \u00e9picerie bio<\/p>\n","protected":false},"excerpt":{"rendered":"<p>LES OMERGUES, COEUR DE VIE Comit\u00e9 d\u2019animations et de la culture Les Omergues &#8211; Gael DEBRE &#8211; 06 99 15 01 64 ou 04 92 62 06 21 &#8211; les-omergues.com Objet : Organiser, coordonner, promouvoir, le d\u00e9veloppement ou l&rsquo;accompagnement d&rsquo;initiatives ou d&rsquo;animations en tous genres : culturel, festif, sportif, social, caritatif. Ces manifestations pourront \u00eatre <a class=\"more-link\" href=\"https:\/\/ccjlvd.fr\/index.php\/territoire\/associations\/loisirs-et-vie-sociale\/\">Lire plus &#8230;<\/a><\/p>\n","protected":false},"author":3,"featured_media":0,"parent":118,"menu_order":0,"comment_status":"closed","ping_status":"closed","template":"","meta":{"_crdt_document":"","jetpack_post_was_ever_published":false,"footnotes":""},"class_list":["post-6696","page","type-page","status-publish","hentry"],"jetpack_sharing_enabled":true,"jetpack_shortlink":"https:\/\/wp.me\/Paa2VA-1K0","_links":{"self":[{"href":"https:\/\/ccjlvd.fr\/index.php\/wp-json\/wp\/v2\/pages\/6696","targetHints":{"allow":["GET"]}}],"collection":[{"href":"https:\/\/ccjlvd.fr\/index.php\/wp-json\/wp\/v2\/pages"}],"about":[{"href":"https:\/\/ccjlvd.fr\/index.php\/wp-json\/wp\/v2\/types\/page"}],"author":[{"embeddable":true,"href":"https:\/\/ccjlvd.fr\/index.php\/wp-json\/wp\/v2\/users\/3"}],"replies":[{"embeddable":true,"href":"https:\/\/ccjlvd.fr\/index.php\/wp-json\/wp\/v2\/comments?post=6696"}],"version-history":[{"count":8,"href":"https:\/\/ccjlvd.fr\/index.php\/wp-json\/wp\/v2\/pages\/6696\/revisions"}],"predecessor-version":[{"id":6971,"href":"https:\/\/ccjlvd.fr\/index.php\/wp-json\/wp\/v2\/pages\/6696\/revisions\/6971"}],"up":[{"embeddable":true,"href":"https:\/\/ccjlvd.fr\/index.php\/wp-json\/wp\/v2\/pages\/118"}],"wp:attachment":[{"href":"https:\/\/ccjlvd.fr\/index.php\/wp-json\/wp\/v2\/media?parent=6696"}],"curies":[{"name":"wp","href":"https:\/\/api.w.org\/{rel}","templated":true}]}}