{"id":6701,"date":"2025-04-01T10:08:35","date_gmt":"2025-04-01T08:08:35","guid":{"rendered":"https:\/\/ccjlvd.fr\/?page_id=6701"},"modified":"2025-04-03T09:31:52","modified_gmt":"2025-04-03T07:31:52","slug":"sport","status":"publish","type":"page","link":"https:\/\/ccjlvd.fr\/index.php\/territoire\/associations\/sport\/","title":{"rendered":"Sport"},"content":{"rendered":"<h4><strong>RECTANGLE AUTOMOBILE CLUB\u00a0<\/strong><\/h4>\n<p>Peipin &#8211; Camille POIROT &#8211; 07 86 16 07 58 &#8211; <a href=\"mailto:rectangleautoclub@gmail.com\">rectangleautoclub@gmail.com<\/a><br \/>\nObjet : Garage solidaire<\/p>\n<hr \/>\n<h4><strong>KARATE CLUB\u00a0<\/strong><\/h4>\n<p>Peipin &#8211; Laurent GONIN &#8211; 06 12 32 41 81 &#8211; <a href=\"mailto:shotokankarate004@gmail.com\">shotokankarate004@gmail.com \u00a0<\/a><br \/>\nObjet : La pratique du karat\u00e9 en tant que discipline sportive, morale et \u00e9ducative<\/p>\n<hr \/>\n<h4><strong>USCAP\u00a0<\/strong><\/h4>\n<p>Peipin &#8211; Jocelyn GRENIER &#8211; 06 38 68 81 50 &#8211; <a href=\"mailto:uscap534156@gmail.com\">uscap534156@gmail.com<\/a> &#8211; <a href=\"https:\/\/uscap.footeo.com\/\">https:\/\/uscap.footeo.com\/<\/a><br \/>\nObjet : Club football<\/p>\n<hr \/>\n<h4><strong>LA PETITE BOULE PEIPINOISE\u00a0<\/strong><\/h4>\n<p>Peipin &#8211; Aim\u00e9 CORRIOL &#8211; 07 84 78 18 93 &#8211; <a href=\"mailto:aime.corriol@yahoo.fr\">aime.corriol@yahoo.fr<\/a><br \/>\nObjet : Pratique de la p\u00e9tanque et du jeu proven\u00e7al<\/p>\n<hr \/>\n<h4><strong>PEIP&rsquo;SPORT SANT\u00c9<\/strong><\/h4>\n<p>Peipin &#8211; Claudine BONNEAU &#8211; 04 92 62 40 04 &#8211; 06 75 11 45 99 &#8211; <a href=\"mailto:bonneauclaudine8@gmail.com\">bonneauclaudine8@gmail.com<\/a><br \/>\nObjet : Pratique de la gym, step, stretching<\/p>\n<hr \/>\n<h4><strong>SOCI\u00c9TE DE CHASSE\u00a0<\/strong><\/h4>\n<p>Peipin &#8211; Didier RICARD &#8211; 04 92 35 34 91<\/p>\n<hr \/>\n<h4><strong>LE LEVRAULT\u00a0<\/strong><\/h4>\n<p>Noyers sur Jabron \u2013 Antoine LATIL \u2013 06 50 38 85 22 \u2013 <a href=\"mailto:antoine.latil@hotmail.fr\">antoine.latil@hotmail.fr<\/a><br \/>\nObjet : Association de chasse<\/p>\n<hr \/>\n<h4><strong>FOYER RURAL DE SALIGNAC\u00a0<\/strong><\/h4>\n<p>Salignac &#8211; Virginie ROUSSEL &#8211; 04 92 31 95 31 ou 06 38 95 86 21 &#8211; <a href=\"mailto:frds04290@orange.fr\">frds04290@orange.fr<\/a><br \/>\nObjet : Am\u00e9nager dans son p\u00e9rim\u00e8tre un centre d&rsquo;aspect plaisant offert et ouvert a tous ; \u00e9tudier en commun les questions d&rsquo;ordre technique et social int\u00e9ressant la vie rurale sous tous ses aspects<\/p>\n<hr \/>\n<h4><strong>SMS RACING\u00a0<\/strong><\/h4>\n<p>Salignac &#8211; <a href=\"mailto:sms.racing04@gmail.com\">sms.racing04@gmail.com<\/a><br \/>\nObjet : Promouvoir et d\u00e9velopper des \u00e9quipages dans la pratique du sport automobile<\/p>\n<hr \/>\n<h4><strong>ACCA<\/strong><\/h4>\n<p>Montfroc &#8211; S\u00e9bastien BRUN &#8211; 07 61 39 52 92<br \/>\nObjet\u00a0: Association de chasse<\/p>\n","protected":false},"excerpt":{"rendered":"<p>RECTANGLE AUTOMOBILE CLUB\u00a0 Peipin &#8211; Camille POIROT &#8211; 07 86 16 07 58 &#8211; rectangleautoclub@gmail.com Objet : Garage solidaire KARATE CLUB\u00a0 Peipin &#8211; Laurent GONIN &#8211; 06 12 32 41 81 &#8211; shotokankarate004@gmail.com \u00a0 Objet : La pratique du karat\u00e9 en tant que discipline sportive, morale et \u00e9ducative USCAP\u00a0 Peipin &#8211; Jocelyn GRENIER &#8211; 06 <a class=\"more-link\" href=\"https:\/\/ccjlvd.fr\/index.php\/territoire\/associations\/sport\/\">Lire plus &#8230;<\/a><\/p>\n","protected":false},"author":3,"featured_media":0,"parent":118,"menu_order":0,"comment_status":"closed","ping_status":"closed","template":"","meta":{"_crdt_document":"","jetpack_post_was_ever_published":false,"footnotes":""},"class_list":["post-6701","page","type-page","status-publish","hentry"],"jetpack_sharing_enabled":true,"jetpack_shortlink":"https:\/\/wp.me\/Paa2VA-1K5","_links":{"self":[{"href":"https:\/\/ccjlvd.fr\/index.php\/wp-json\/wp\/v2\/pages\/6701","targetHints":{"allow":["GET"]}}],"collection":[{"href":"https:\/\/ccjlvd.fr\/index.php\/wp-json\/wp\/v2\/pages"}],"about":[{"href":"https:\/\/ccjlvd.fr\/index.php\/wp-json\/wp\/v2\/types\/page"}],"author":[{"embeddable":true,"href":"https:\/\/ccjlvd.fr\/index.php\/wp-json\/wp\/v2\/users\/3"}],"replies":[{"embeddable":true,"href":"https:\/\/ccjlvd.fr\/index.php\/wp-json\/wp\/v2\/comments?post=6701"}],"version-history":[{"count":3,"href":"https:\/\/ccjlvd.fr\/index.php\/wp-json\/wp\/v2\/pages\/6701\/revisions"}],"predecessor-version":[{"id":6755,"href":"https:\/\/ccjlvd.fr\/index.php\/wp-json\/wp\/v2\/pages\/6701\/revisions\/6755"}],"up":[{"embeddable":true,"href":"https:\/\/ccjlvd.fr\/index.php\/wp-json\/wp\/v2\/pages\/118"}],"wp:attachment":[{"href":"https:\/\/ccjlvd.fr\/index.php\/wp-json\/wp\/v2\/media?parent=6701"}],"curies":[{"name":"wp","href":"https:\/\/api.w.org\/{rel}","templated":true}]}}