{"id":6703,"date":"2025-04-01T10:07:18","date_gmt":"2025-04-01T08:07:18","guid":{"rendered":"https:\/\/ccjlvd.fr\/?page_id=6703"},"modified":"2025-04-07T10:26:27","modified_gmt":"2025-04-07T08:26:27","slug":"divers-autres","status":"publish","type":"page","link":"https:\/\/ccjlvd.fr\/index.php\/territoire\/associations\/divers-autres\/","title":{"rendered":"Divers &#038; autres"},"content":{"rendered":"<h4><strong>AMICALE DES POMPIERS DE NOYERS SUR JABRON\u00a0<\/strong><\/h4>\n<p>Noyers sur Jabron \u2013 LAPORTE Mathilde &#8211; 06 77 47 87 41 \u2013 <a href=\"mailto:amicalepompiersnoyers@gmail.com\">amicalepompiersnoyers@gmail.com<\/a><br \/>\nObjet : promouvoir et faciliter les actions sociales, sportives, culturelles, \u00e9ducatives dans l&rsquo;esprit de l&rsquo;union d\u00e9partementale dans laquelle elle est rattach\u00e9e, venir en aide \u00e0 ses adh\u00e9rents actifs ou v\u00e9t\u00e9rans, subvenir aux frais de l&rsquo;amicale, f\u00eates, d\u00e9placements, activit\u00e9s corporatives<\/p>\n<hr \/>\n<h4><strong>UNE MAIN POUR UNE PATTE\u00a0<\/strong><\/h4>\n<p>Montfroc &#8211; St\u00e9phanie BARON &#8211; 06 88 13 17 78<br \/>\nObjet\u00a0: Recueil animaux<\/p>\n","protected":false},"excerpt":{"rendered":"<p>AMICALE DES POMPIERS DE NOYERS SUR JABRON\u00a0 Noyers sur Jabron \u2013 LAPORTE Mathilde &#8211; 06 77 47 87 41 \u2013 amicalepompiersnoyers@gmail.com Objet : promouvoir et faciliter les actions sociales, sportives, culturelles, \u00e9ducatives dans l&rsquo;esprit de l&rsquo;union d\u00e9partementale dans laquelle elle est rattach\u00e9e, venir en aide \u00e0 ses adh\u00e9rents actifs ou v\u00e9t\u00e9rans, subvenir aux frais de <a class=\"more-link\" href=\"https:\/\/ccjlvd.fr\/index.php\/territoire\/associations\/divers-autres\/\">Lire plus &#8230;<\/a><\/p>\n","protected":false},"author":3,"featured_media":0,"parent":118,"menu_order":0,"comment_status":"closed","ping_status":"closed","template":"","meta":{"_crdt_document":"","jetpack_post_was_ever_published":false,"footnotes":""},"class_list":["post-6703","page","type-page","status-publish","hentry"],"jetpack_sharing_enabled":true,"jetpack_shortlink":"https:\/\/wp.me\/Paa2VA-1K7","_links":{"self":[{"href":"https:\/\/ccjlvd.fr\/index.php\/wp-json\/wp\/v2\/pages\/6703","targetHints":{"allow":["GET"]}}],"collection":[{"href":"https:\/\/ccjlvd.fr\/index.php\/wp-json\/wp\/v2\/pages"}],"about":[{"href":"https:\/\/ccjlvd.fr\/index.php\/wp-json\/wp\/v2\/types\/page"}],"author":[{"embeddable":true,"href":"https:\/\/ccjlvd.fr\/index.php\/wp-json\/wp\/v2\/users\/3"}],"replies":[{"embeddable":true,"href":"https:\/\/ccjlvd.fr\/index.php\/wp-json\/wp\/v2\/comments?post=6703"}],"version-history":[{"count":4,"href":"https:\/\/ccjlvd.fr\/index.php\/wp-json\/wp\/v2\/pages\/6703\/revisions"}],"predecessor-version":[{"id":6761,"href":"https:\/\/ccjlvd.fr\/index.php\/wp-json\/wp\/v2\/pages\/6703\/revisions\/6761"}],"up":[{"embeddable":true,"href":"https:\/\/ccjlvd.fr\/index.php\/wp-json\/wp\/v2\/pages\/118"}],"wp:attachment":[{"href":"https:\/\/ccjlvd.fr\/index.php\/wp-json\/wp\/v2\/media?parent=6703"}],"curies":[{"name":"wp","href":"https:\/\/api.w.org\/{rel}","templated":true}]}}